{"id":2195,"date":"2026-02-22T22:00:29","date_gmt":"2026-02-22T22:00:29","guid":{"rendered":"https:\/\/fdartgallery.com\/?page_id=2195"},"modified":"2026-02-26T08:49:53","modified_gmt":"2026-02-26T08:49:53","slug":"heykel-ders-talep-formu","status":"publish","type":"page","link":"https:\/\/fdartgallery.com\/?page_id=2195","title":{"rendered":"Heykel Dersi Sat\u0131n Al"},"content":{"rendered":"\t\t<div data-elementor-type=\"wp-page\" data-elementor-id=\"2195\" class=\"elementor elementor-2195\" data-elementor-post-type=\"page\">\n\t\t\t\t<div class=\"elementor-element elementor-element-5b8593c e-flex e-con-boxed e-con e-parent\" data-id=\"5b8593c\" data-element_type=\"container\" data-e-type=\"container\">\n\t\t\t\t\t<div class=\"e-con-inner\">\n\t\t\t\t<div class=\"elementor-element elementor-element-44c3281 elementor-widget elementor-widget-text-editor\" data-id=\"44c3281\" data-element_type=\"widget\" data-e-type=\"widget\" data-widget_type=\"text-editor.default\">\n\t\t\t\t\t\t\t\t\t<p style=\"text-align: left;\"><img fetchpriority=\"high\" decoding=\"async\" class=\"alignleft wp-image-2215 size-full\" src=\"https:\/\/fdartgallery.com\/wp-content\/uploads\/2026\/02\/fdsanat-heykel-20-scaled-e1772095725206.jpg\" alt=\"\" width=\"500\" height=\"667\" \/>Sanat\u0131n 3. Boyutuna do\u011fru yolculu\u011fa \u00e7\u0131kmak isteyen heykel tutkunlar\u0131 i\u00e7in haz\u0131rlad\u0131\u011f\u0131m\u0131z heykel kursu e\u011fitim program\u0131n\u0131 mutlaka denemelisiniz. Hafta i\u00e7i i\u015f \u00e7\u0131k\u0131\u015f\u0131 (ak\u015fam) yada hafta sonu \u00f6\u011fleden sonra devam eden heykel kurslar\u0131m\u0131z kat\u0131l\u0131mc\u0131n\u0131n istek ve hedefine \u00f6zel haz\u0131rlad\u0131\u011f\u0131m\u0131z y\u0131ll\u0131k programla, ilham vermesi i\u00e7in haz\u0131rlanm\u0131\u015f heykel at\u00f6lyesinde keyifli m\u00fczikler e\u015fli\u011finde ortalama 3 saat olarak ilerlemektedir. Heykel at\u00f6lyemizde yeti\u015fkin kat\u0131l\u0131mc\u0131lar\u0131m\u0131z s\u0131ras\u0131yla, geometrik \u015fekillendirme, oran-orant\u0131, objeden \u00f6l\u00e7\u00fc alma, perspektif e\u011fitimi alabilmekte temel e\u011fitimi tamamlad\u0131ktan sonra kendi \u00f6zg\u00fcn \u00fcr\u00fcnlerini \u00fcretebilmektedir. Heykel derslerimiz \u00e7ocuk \u00f6\u011frencilerimizde resim kursu i\u00e7ine entegre edilirken, yeti\u015fkin \u00f6\u011frencilerimiz i\u00e7in ayr\u0131 grup ve saatler mevcuttur. G\u00fcnl\u00fck hayat\u0131n stresinden ve monotonlu\u011fundan sizi uzakla\u015ft\u0131r\u0131rken, g\u00f6rmeyi, hissedip \u015fekillendirmeyi hatta bir s\u00fcre sonra kendi tasar\u0131mlar\u0131n\u0131z\u0131 ortaya koyabildi\u011finiz ve t\u00fcm bunlar\u0131 edinirken sosyalle\u015febilece\u011finiz grup derslerimize herkes kat\u0131labilir. Butik gruplarla olan heykel kurslar\u0131m\u0131zda e\u011fitmenlerimiz her kat\u0131l\u0131mc\u0131m\u0131za birebir ilgiyle heykelin ge\u00e7mi\u015ften g\u00fcn\u00fcm\u00fcze tarihine ve \u00f6rneklerine de\u011finerek, heykel yapma tekniklerini ana malzemesi olan kil ve farkl\u0131 malzemelerle kazand\u0131rmaktad\u0131r. Haftada bir g\u00fcn devam eden heykel kurslar\u0131m\u0131z\u0131 hafta i\u00e7i i\u015f \u00e7\u0131k\u0131\u015f\u0131 e\u011fitim almak isteyen kat\u0131l\u0131mc\u0131lar\u0131m\u0131z \u00e7ar\u015famba ak\u015famlar\u0131 19.00 grubuyla devam ederken hafta sonu g\u00fcnd\u00fcz tercih eden kat\u0131l\u0131mc\u0131lar\u0131m\u0131z Pazar g\u00fcnleri 14.00 grubunu tercih edebilir.<br \/><br \/>Sat\u0131n alma i\u015flemi i\u00e7in a\u015fa\u011f\u0131daki formu doldurabilirsiniz.\u00a0<\/p>\t\t\t\t\t\t\t\t<\/div>\n\t\t\t\t\t<\/div>\n\t\t\t\t<\/div>\n\t\t<div class=\"elementor-element elementor-element-7fe02c4 e-flex e-con-boxed e-con e-parent\" data-id=\"7fe02c4\" data-element_type=\"container\" data-e-type=\"container\">\n\t\t\t\t\t<div class=\"e-con-inner\">\n\t\t\t\t<div class=\"elementor-element elementor-element-cdfa8a3 fluent-form-widget-step-header-yes fluent-form-widget-step-progressbar-yes fluentform-widget-submit-button-custom elementor-widget elementor-widget-fluent-form-widget\" data-id=\"cdfa8a3\" data-element_type=\"widget\" data-e-type=\"widget\" data-widget_type=\"fluent-form-widget.default\">\n\t\t\t\t<div class=\"elementor-widget-container\">\n\t\t\t\t\t\n            <div class=\"fluentform-widget-wrapper fluentform-widget-align-default\">\n\n            \n            <div class='fluentform ff-default fluentform_wrapper_12 ffs_default_wrap'><form data-form_id=\"12\" id=\"fluentform_12\" class=\"frm-fluent-form fluent_form_12 ff-el-form-top ff_form_instance_12_1 ff-form-loading ffs_default\" data-form_instance=\"ff_form_instance_12_1\" method=\"POST\" ><fieldset  style=\"border: none!important;margin: 0!important;padding: 0!important;background-color: transparent!important;box-shadow: none!important;outline: none!important; min-inline-size: 100%;\">\n                    <legend class=\"ff_screen_reader_title\" style=\"display: block; margin: 0!important;padding: 0!important;height: 0!important;text-indent: -999999px;width: 0!important;overflow:hidden;\">Heykel Kurs talep formu<\/legend><input type='hidden' name='__fluent_form_embded_post_id' value='2195' \/><input type=\"hidden\" id=\"_fluentform_12_fluentformnonce\" name=\"_fluentform_12_fluentformnonce\" value=\"942410d311\" \/><input type=\"hidden\" name=\"_wp_http_referer\" value=\"\/index.php?rest_route=%2Fwp%2Fv2%2Fpages%2F2195\" \/><div class='ff-el-group'><div class=\"ff-el-input--label ff-el-is-required asterisk-right\"><label for='ff_12_your-name' id='label_ff_12_your-name' >\u00d6\u011frenci Ad\u0131 Soyad\u0131<\/label><\/div><div class='ff-el-input--content'><input type=\"text\" name=\"your-name\" class=\"ff-el-form-control\" id=\"ff_12_your-name\" data-name=\"your-name\"  aria-invalid=\"false\" aria-required=true><\/div><\/div><div class='ff-el-group'><div class=\"ff-el-input--label ff-el-is-required asterisk-right\"><label for='ff_12_yas' id='label_ff_12_yas' aria-label=\"\u00d6\u011frenci Ya\u015f\u0131\">\u00d6\u011frenci Ya\u015f\u0131<\/label><\/div><div class='ff-el-input--content'><input type=\"number\" name=\"yas\" id=\"ff_12_yas\" class=\"ff-el-form-control\" data-name=\"yas\" inputmode=\"numeric\" step=\"any\" min=\"5\" aria-valuemin=\"5\" max=\"200\" aria-valuemax=\"200\"  aria-invalid=\"false\" aria-required=true><\/div><\/div><div class='ff-el-group'><div class=\"ff-el-input--label ff-el-is-required asterisk-right\"><label for='ff_12_your-email' id='label_ff_12_your-email' aria-label=\"Email Adresi\">Email Adresi<\/label><\/div><div class='ff-el-input--content'><input type=\"email\" name=\"your-email\" class=\"ff-el-form-control\" id=\"ff_12_your-email\" data-name=\"your-email\"  aria-invalid=\"false\" aria-required=true><\/div><\/div><div class='ff-el-group'><div class=\"ff-el-input--label ff-el-is-required asterisk-right\"><label for='ff_12_phone' id='label_ff_12_phone' aria-label=\"\u00d6\u011frenci Telefonu\">\u00d6\u011frenci Telefonu<\/label><\/div><div class='ff-el-input--content'><input name=\"phone\" class=\"ff-el-form-control ff-el-phone ff_el_with_extended_validation\" type=\"tel\" placeholder=\"Mobile Number\" data-name=\"phone\" id=\"ff_12_phone\" inputmode=\"tel\"  aria-invalid='false' aria-required=true><\/div><\/div><div class='ff-el-group'><div class=\"ff-el-input--label ff-el-is-required asterisk-right\"><label for='ff_12_your-address' id='label_ff_12_your-address' aria-label=\"Adres\">Adres<\/label><\/div><div class='ff-el-input--content'><input type=\"text\" name=\"your-address\" class=\"ff-el-form-control\" id=\"ff_12_your-address\" data-name=\"your-address\"  aria-invalid=\"false\" aria-required=true><\/div><\/div><div class='ff-el-group'><div class=\"ff-el-input--label asterisk-right\"><label for='ff_12_your-message' id='label_ff_12_your-message' aria-label=\"Notunuz (optional)\">Notunuz (optional)<\/label><\/div><div class='ff-el-input--content'><textarea aria-required=\"false\" aria-labelledby=\"label_ff_12_your-message\" name=\"your-message\" class=\"ff-el-form-control\" id=\"ff_12_your-message\" cols=\"2\" data-name=\"your-message\" ><\/textarea><\/div><\/div><div class='ff-el-group'><div class=\"ff-el-input--label ff-el-is-required asterisk-right\"><label for='ff_12_dropdown' id='label_ff_12_dropdown' aria-label=\"G\u00fcn ve saat se\u00e7iniz\">G\u00fcn ve saat se\u00e7iniz<\/label><\/div><div class='ff-el-input--content'><select name=\"dropdown\" id=\"ff_12_dropdown\" class=\"ff-el-form-control  ff_has_multi_select\" data-name=\"dropdown\" data-calc_value=\"0\"  aria-invalid=\"false\" aria-required=\"true\" aria-labelledby=\"label_ff_12_dropdown\"><option value=\"\">- Se\u00e7iniz -<\/option><option value=\"Sal\u0131 10:00 \u2013 13:00\"  >Sal\u0131 10:00 \u2013 13:00<\/option><option value=\"Sal\u0131 13:00 \u2013 16:00\"  >Sal\u0131 13:00 \u2013 16:00<\/option><option value=\"Sal\u0131 19:00 \u2013 22:00\"  >Sal\u0131 19:00 \u2013 22:00<\/option><option value=\"Per\u015fembe 10:00 \u2013 13:00\"  >Per\u015fembe 10:00 \u2013 13:00<\/option><option value=\"Per\u015fembe 13:00 \u2013 16:00\"  >Per\u015fembe 13:00 \u2013 16:00<\/option><option value=\"Per\u015fembe 19:00 \u2013 22:00\"  >Per\u015fembe 19:00 \u2013 22:00<\/option><option value=\"Cumartesi 10:00 \u2013 13:00\"  >Cumartesi 10:00 \u2013 13:00<\/option><option value=\"Cumartesi 14:00 \u2013 17:00\"  >Cumartesi 14:00 \u2013 17:00<\/option><option value=\"Pazar 10:00 \u2013 13:00\"  >Pazar 10:00 \u2013 13:00<\/option><option value=\"Pazar 14:00 \u2013 17:00\"  >Pazar 14:00 \u2013 17:00<\/option><\/select><\/div><\/div><div class='ff-el-group ff-text-left ff_submit_btn_wrapper'><button type=\"submit\" class=\"ff-btn ff-btn-submit ff-btn-md ff_btn_style\"  aria-label=\"Sat\u0131n almak i\u00e7in devam et&gt;\">Sat\u0131n almak i\u00e7in devam et&gt;<\/button><\/div><\/fieldset><\/form><div id='fluentform_12_errors' class='ff-errors-in-stack ff_form_instance_12_1 ff-form-loading_errors ff_form_instance_12_1_errors'><\/div><\/div>            <script type=\"text\/javascript\">\n                window.fluent_form_ff_form_instance_12_1 = {\"id\":\"12\",\"settings\":{\"layout\":{\"labelPlacement\":\"top\",\"asteriskPlacement\":\"asterisk-right\",\"helpMessagePlacement\":\"with_label\",\"errorMessagePlacement\":\"inline\",\"cssClassName\":\"\"},\"restrictions\":{\"denyEmptySubmission\":{\"enabled\":false}}},\"form_instance\":\"ff_form_instance_12_1\",\"form_id_selector\":\"fluentform_12\",\"rules\":{\"your-name\":{\"required\":{\"value\":true,\"message\":\"This field is required\",\"global\":false,\"global_message\":\"This field is required\"}},\"yas\":{\"required\":{\"value\":true,\"message\":\"This field is required\",\"global\":false,\"global_message\":\"This field is required\"},\"numeric\":{\"value\":true,\"message\":\"This field must contain numeric value\",\"global\":false,\"global_message\":\"This field must contain numeric value\"},\"min\":{\"value\":\"5\",\"message\":\"Minimum value is 5\",\"global\":false,\"global_message\":\"Validation fails for minimum value\"},\"max\":{\"value\":\"200\",\"message\":\"Maximum value is 200\",\"global\":false,\"global_message\":\"Validation fails for maximum value\"}},\"your-email\":{\"required\":{\"value\":true,\"message\":\"This field is required\",\"global\":false,\"global_message\":\"This field is required\"},\"email\":{\"value\":1,\"message\":\"This field must contain a valid email\",\"global\":false,\"global_message\":\"This field must contain a valid email\"}},\"phone\":{\"required\":{\"value\":true,\"global\":true,\"message\":\"This field is required\",\"global_message\":\"This field is required\"},\"valid_phone_number\":{\"value\":true,\"global\":true,\"message\":\"Phone number is not valid\",\"global_message\":\"Phone number is not valid\"}},\"your-address\":{\"required\":{\"value\":true,\"message\":\"This field is required\",\"global\":false,\"global_message\":\"This field is required\"}},\"your-message\":{\"required\":{\"value\":false,\"message\":\"This field is required\",\"global\":false,\"global_message\":\"This field is required\"}},\"dropdown\":{\"required\":{\"value\":true,\"message\":\"Bu alan zorunludur\",\"global_message\":\"This field is required\",\"global\":false}}},\"debounce_time\":300};\n                            <\/script>\n                        <\/div>\n\n            \t\t\t\t<\/div>\n\t\t\t\t<\/div>\n\t\t\t\t\t<\/div>\n\t\t\t\t<\/div>\n\t\t\t\t<\/div>\n\t\t","protected":false},"excerpt":{"rendered":"<p>&#8230;<\/p>\n","protected":false},"author":1,"featured_media":0,"parent":0,"menu_order":0,"comment_status":"closed","ping_status":"closed","template":"","meta":{"footnotes":""},"class_list":["post-2195","page","type-page","status-publish","hentry"],"jetpack_sharing_enabled":true,"_links":{"self":[{"href":"https:\/\/fdartgallery.com\/index.php?rest_route=\/wp\/v2\/pages\/2195","targetHints":{"allow":["GET"]}}],"collection":[{"href":"https:\/\/fdartgallery.com\/index.php?rest_route=\/wp\/v2\/pages"}],"about":[{"href":"https:\/\/fdartgallery.com\/index.php?rest_route=\/wp\/v2\/types\/page"}],"author":[{"embeddable":true,"href":"https:\/\/fdartgallery.com\/index.php?rest_route=\/wp\/v2\/users\/1"}],"replies":[{"embeddable":true,"href":"https:\/\/fdartgallery.com\/index.php?rest_route=%2Fwp%2Fv2%2Fcomments&post=2195"}],"version-history":[{"count":13,"href":"https:\/\/fdartgallery.com\/index.php?rest_route=\/wp\/v2\/pages\/2195\/revisions"}],"predecessor-version":[{"id":2391,"href":"https:\/\/fdartgallery.com\/index.php?rest_route=\/wp\/v2\/pages\/2195\/revisions\/2391"}],"wp:attachment":[{"href":"https:\/\/fdartgallery.com\/index.php?rest_route=%2Fwp%2Fv2%2Fmedia&parent=2195"}],"curies":[{"name":"wp","href":"https:\/\/api.w.org\/{rel}","templated":true}]}}