{"id":2605,"date":"2026-03-01T18:24:04","date_gmt":"2026-03-01T18:24:04","guid":{"rendered":"https:\/\/fdartgallery.com\/?post_type=product&#038;p=2605"},"modified":"2026-03-01T18:24:04","modified_gmt":"2026-03-01T18:24:04","slug":"patika","status":"publish","type":"product","link":"https:\/\/fdartgallery.com\/?product=patika","title":{"rendered":"&#8220;Patika&#8221;"},"content":{"rendered":"<p>\u200bEl eme\u011fiyle \u00e7izilmi\u015f, do\u011fan\u0131n huzurunu yans\u0131tan sakin bir \u00e7al\u0131\u015fma. Karakalem a\u011fa\u00e7 detaylar\u0131 ve evin patikaya bakan g\u00f6r\u00fcnt\u00fcs\u00fc, odaya derinlik kat\u0131yor. \u00d6zellikle kitapl\u0131k k\u00f6\u015felerinde, \u00e7al\u0131\u015fma masas\u0131n\u0131n \u00fcst\u00fcnde veya yatak ba\u015fucu tablosu olarak \u00e7ok huzurlu durur. Minimalist ve dingin bir atmosfer arayanlar i\u00e7in ideal.<\/p>\n","protected":false},"excerpt":{"rendered":"<p>&#8230;<\/p>\n","protected":false},"featured_media":2606,"comment_status":"open","ping_status":"closed","template":"","meta":[],"etheme_brands":[{"term_id":61,"name":"Fd Sanat Okulu","slug":"fd-sanat-okulu","term_group":0,"term_taxonomy_id":61,"taxonomy":"brand","description":"","parent":0,"count":173,"filter":"raw"}],"product_brand":[],"product_cat":[40],"product_tag":[],"class_list":{"0":"post-2605","1":"product","2":"type-product","3":"status-publish","4":"has-post-thumbnail","6":"brand-fd-sanat-okulu","7":"product_cat-sketching","9":"first","10":"instock","11":"shipping-taxable","12":"purchasable","13":"product-type-simple"},"jetpack_sharing_enabled":true,"_links":{"self":[{"href":"https:\/\/fdartgallery.com\/index.php?rest_route=\/wp\/v2\/product\/2605","targetHints":{"allow":["GET"]}}],"collection":[{"href":"https:\/\/fdartgallery.com\/index.php?rest_route=\/wp\/v2\/product"}],"about":[{"href":"https:\/\/fdartgallery.com\/index.php?rest_route=\/wp\/v2\/types\/product"}],"replies":[{"embeddable":true,"href":"https:\/\/fdartgallery.com\/index.php?rest_route=%2Fwp%2Fv2%2Fcomments&post=2605"}],"version-history":[{"count":1,"href":"https:\/\/fdartgallery.com\/index.php?rest_route=\/wp\/v2\/product\/2605\/revisions"}],"predecessor-version":[{"id":2608,"href":"https:\/\/fdartgallery.com\/index.php?rest_route=\/wp\/v2\/product\/2605\/revisions\/2608"}],"wp:featuredmedia":[{"embeddable":true,"href":"https:\/\/fdartgallery.com\/index.php?rest_route=\/wp\/v2\/media\/2606"}],"wp:attachment":[{"href":"https:\/\/fdartgallery.com\/index.php?rest_route=%2Fwp%2Fv2%2Fmedia&parent=2605"}],"wp:term":[{"taxonomy":"brand","embeddable":true,"href":"https:\/\/fdartgallery.com\/index.php?rest_route=%2Fwp%2Fv2%2Fetheme_brands&post=2605"},{"taxonomy":"product_brand","embeddable":true,"href":"https:\/\/fdartgallery.com\/index.php?rest_route=%2Fwp%2Fv2%2Fproduct_brand&post=2605"},{"taxonomy":"product_cat","embeddable":true,"href":"https:\/\/fdartgallery.com\/index.php?rest_route=%2Fwp%2Fv2%2Fproduct_cat&post=2605"},{"taxonomy":"product_tag","embeddable":true,"href":"https:\/\/fdartgallery.com\/index.php?rest_route=%2Fwp%2Fv2%2Fproduct_tag&post=2605"}],"curies":[{"name":"wp","href":"https:\/\/api.w.org\/{rel}","templated":true}]}}