{"id":2626,"date":"2026-03-01T18:31:04","date_gmt":"2026-03-01T18:31:04","guid":{"rendered":"https:\/\/fdartgallery.com\/?post_type=product&#038;p=2626"},"modified":"2026-03-01T19:16:09","modified_gmt":"2026-03-01T19:16:09","slug":"yansima","status":"publish","type":"product","link":"https:\/\/fdartgallery.com\/?product=yansima","title":{"rendered":"&#8220;Yans\u0131ma&#8221;"},"content":{"rendered":"<p>Metal \u00fczerindeki \u0131\u015f\u0131k oyunlar\u0131n\u0131 ve yans\u0131malar\u0131 net bir \u015fekilde g\u00f6steren, modern bir \u00e7al\u0131\u015fma. Keskin hatlar\u0131 ve ger\u00e7ek\u00e7i g\u00f6lgeleriyle dikkat \u00e7ekiyor. Modern mutfaklarda, banyo giri\u015flerinde veya end\u00fcstriyel tasar\u0131ml\u0131 ofislerde \u00e7ok net ve g\u00fc\u00e7l\u00fc durur.<\/p>\n","protected":false},"excerpt":{"rendered":"<p>&#8230;<\/p>\n","protected":false},"featured_media":2627,"comment_status":"open","ping_status":"closed","template":"","meta":[],"etheme_brands":[{"term_id":61,"name":"Fd Sanat Okulu","slug":"fd-sanat-okulu","term_group":0,"term_taxonomy_id":61,"taxonomy":"brand","description":"","parent":0,"count":173,"filter":"raw"}],"product_brand":[],"product_cat":[40],"product_tag":[],"class_list":{"0":"post-2626","1":"product","2":"type-product","3":"status-publish","4":"has-post-thumbnail","6":"brand-fd-sanat-okulu","7":"product_cat-sketching","9":"first","10":"instock","11":"shipping-taxable","12":"purchasable","13":"product-type-simple"},"jetpack_sharing_enabled":true,"_links":{"self":[{"href":"https:\/\/fdartgallery.com\/index.php?rest_route=\/wp\/v2\/product\/2626","targetHints":{"allow":["GET"]}}],"collection":[{"href":"https:\/\/fdartgallery.com\/index.php?rest_route=\/wp\/v2\/product"}],"about":[{"href":"https:\/\/fdartgallery.com\/index.php?rest_route=\/wp\/v2\/types\/product"}],"replies":[{"embeddable":true,"href":"https:\/\/fdartgallery.com\/index.php?rest_route=%2Fwp%2Fv2%2Fcomments&post=2626"}],"version-history":[{"count":1,"href":"https:\/\/fdartgallery.com\/index.php?rest_route=\/wp\/v2\/product\/2626\/revisions"}],"predecessor-version":[{"id":2635,"href":"https:\/\/fdartgallery.com\/index.php?rest_route=\/wp\/v2\/product\/2626\/revisions\/2635"}],"wp:featuredmedia":[{"embeddable":true,"href":"https:\/\/fdartgallery.com\/index.php?rest_route=\/wp\/v2\/media\/2627"}],"wp:attachment":[{"href":"https:\/\/fdartgallery.com\/index.php?rest_route=%2Fwp%2Fv2%2Fmedia&parent=2626"}],"wp:term":[{"taxonomy":"brand","embeddable":true,"href":"https:\/\/fdartgallery.com\/index.php?rest_route=%2Fwp%2Fv2%2Fetheme_brands&post=2626"},{"taxonomy":"product_brand","embeddable":true,"href":"https:\/\/fdartgallery.com\/index.php?rest_route=%2Fwp%2Fv2%2Fproduct_brand&post=2626"},{"taxonomy":"product_cat","embeddable":true,"href":"https:\/\/fdartgallery.com\/index.php?rest_route=%2Fwp%2Fv2%2Fproduct_cat&post=2626"},{"taxonomy":"product_tag","embeddable":true,"href":"https:\/\/fdartgallery.com\/index.php?rest_route=%2Fwp%2Fv2%2Fproduct_tag&post=2626"}],"curies":[{"name":"wp","href":"https:\/\/api.w.org\/{rel}","templated":true}]}}