{"id":2640,"date":"2026-03-01T18:38:50","date_gmt":"2026-03-01T18:38:50","guid":{"rendered":"https:\/\/fdartgallery.com\/?post_type=product&#038;p=2640"},"modified":"2026-03-01T18:38:50","modified_gmt":"2026-03-01T18:38:50","slug":"lilium","status":"publish","type":"product","link":"https:\/\/fdartgallery.com\/?product=lilium","title":{"rendered":"&#8220;Lilium&#8221;"},"content":{"rendered":"<p>Soft pastel teknikle yap\u0131lm\u0131\u015f, yumu\u015fak dokulu bir \u00e7i\u00e7ek \u00e7al\u0131\u015fmas\u0131. Koyu gri zemin \u00fczerindeki beyaz ve sar\u0131 tonlar\u0131, yapraklara do\u011fal bir canl\u0131l\u0131k veriyor. Salon duvar\u0131nda, yatak odas\u0131nda veya antredeki dresuar\u0131n \u00fczerinde taze ve sakin bir g\u00f6r\u00fcnt\u00fc arayanlar i\u00e7in uygun bir par\u00e7a.<\/p>\n","protected":false},"excerpt":{"rendered":"<p>&#8230;<\/p>\n","protected":false},"featured_media":2641,"comment_status":"open","ping_status":"closed","template":"","meta":[],"etheme_brands":[{"term_id":61,"name":"Fd Sanat Okulu","slug":"fd-sanat-okulu","term_group":0,"term_taxonomy_id":61,"taxonomy":"brand","description":"","parent":0,"count":173,"filter":"raw"}],"product_brand":[],"product_cat":[27,67],"product_tag":[],"class_list":{"0":"post-2640","1":"product","2":"type-product","3":"status-publish","4":"has-post-thumbnail","6":"brand-fd-sanat-okulu","7":"product_cat-pastel","8":"product_cat-vazoda-cicekler-pastel","10":"first","11":"instock","12":"shipping-taxable","13":"purchasable","14":"product-type-simple"},"jetpack_sharing_enabled":true,"_links":{"self":[{"href":"https:\/\/fdartgallery.com\/index.php?rest_route=\/wp\/v2\/product\/2640","targetHints":{"allow":["GET"]}}],"collection":[{"href":"https:\/\/fdartgallery.com\/index.php?rest_route=\/wp\/v2\/product"}],"about":[{"href":"https:\/\/fdartgallery.com\/index.php?rest_route=\/wp\/v2\/types\/product"}],"replies":[{"embeddable":true,"href":"https:\/\/fdartgallery.com\/index.php?rest_route=%2Fwp%2Fv2%2Fcomments&post=2640"}],"version-history":[{"count":1,"href":"https:\/\/fdartgallery.com\/index.php?rest_route=\/wp\/v2\/product\/2640\/revisions"}],"predecessor-version":[{"id":2648,"href":"https:\/\/fdartgallery.com\/index.php?rest_route=\/wp\/v2\/product\/2640\/revisions\/2648"}],"wp:featuredmedia":[{"embeddable":true,"href":"https:\/\/fdartgallery.com\/index.php?rest_route=\/wp\/v2\/media\/2641"}],"wp:attachment":[{"href":"https:\/\/fdartgallery.com\/index.php?rest_route=%2Fwp%2Fv2%2Fmedia&parent=2640"}],"wp:term":[{"taxonomy":"brand","embeddable":true,"href":"https:\/\/fdartgallery.com\/index.php?rest_route=%2Fwp%2Fv2%2Fetheme_brands&post=2640"},{"taxonomy":"product_brand","embeddable":true,"href":"https:\/\/fdartgallery.com\/index.php?rest_route=%2Fwp%2Fv2%2Fproduct_brand&post=2640"},{"taxonomy":"product_cat","embeddable":true,"href":"https:\/\/fdartgallery.com\/index.php?rest_route=%2Fwp%2Fv2%2Fproduct_cat&post=2640"},{"taxonomy":"product_tag","embeddable":true,"href":"https:\/\/fdartgallery.com\/index.php?rest_route=%2Fwp%2Fv2%2Fproduct_tag&post=2640"}],"curies":[{"name":"wp","href":"https:\/\/api.w.org\/{rel}","templated":true}]}}