{"id":2670,"date":"2026-03-01T18:55:58","date_gmt":"2026-03-01T18:55:58","guid":{"rendered":"https:\/\/fdartgallery.com\/?post_type=product&#038;p=2670"},"modified":"2026-03-09T13:28:34","modified_gmt":"2026-03-09T13:28:34","slug":"soyut-figur","status":"publish","type":"product","link":"https:\/\/fdartgallery.com\/?product=soyut-figur","title":{"rendered":"&#8220;Soyut Fig\u00fcr&#8221;"},"content":{"rendered":"<p>Siyah zemin \u00fczerinde parlayan canl\u0131 akrilik renklerle yap\u0131lm\u0131\u015f, modern ve enerjik bir fig\u00fcr \u00e7al\u0131\u015fmas\u0131. Renklerin keskinli\u011fi ve fig\u00fcr\u00fcn dinamik duru\u015fu as\u0131ld\u0131\u011f\u0131 mekana an\u0131nda hareket kat\u0131yor. Modern salonlarda, gen\u00e7 odalar\u0131nda veya minimalist bir ofis duvar\u0131nda tek ba\u015f\u0131na bile \u00e7ok g\u00fc\u00e7l\u00fc durur.<\/p>\n","protected":false},"excerpt":{"rendered":"<p>&#8230;<\/p>\n","protected":false},"featured_media":2671,"comment_status":"open","ping_status":"closed","template":"","meta":[],"etheme_brands":[{"term_id":61,"name":"Fd Sanat Okulu","slug":"fd-sanat-okulu","term_group":0,"term_taxonomy_id":61,"taxonomy":"brand","description":"","parent":0,"count":173,"filter":"raw"}],"product_brand":[],"product_cat":[22,59,58],"product_tag":[],"class_list":{"0":"post-2670","1":"product","2":"type-product","3":"status-publish","4":"has-post-thumbnail","6":"brand-fd-sanat-okulu","7":"product_cat-acrylic","8":"product_cat-soyut-tuvaller","9":"product_cat-figuratif","11":"first","12":"instock","13":"shipping-taxable","14":"purchasable","15":"product-type-simple"},"jetpack_sharing_enabled":true,"_links":{"self":[{"href":"https:\/\/fdartgallery.com\/index.php?rest_route=\/wp\/v2\/product\/2670","targetHints":{"allow":["GET"]}}],"collection":[{"href":"https:\/\/fdartgallery.com\/index.php?rest_route=\/wp\/v2\/product"}],"about":[{"href":"https:\/\/fdartgallery.com\/index.php?rest_route=\/wp\/v2\/types\/product"}],"replies":[{"embeddable":true,"href":"https:\/\/fdartgallery.com\/index.php?rest_route=%2Fwp%2Fv2%2Fcomments&post=2670"}],"version-history":[{"count":1,"href":"https:\/\/fdartgallery.com\/index.php?rest_route=\/wp\/v2\/product\/2670\/revisions"}],"predecessor-version":[{"id":2673,"href":"https:\/\/fdartgallery.com\/index.php?rest_route=\/wp\/v2\/product\/2670\/revisions\/2673"}],"wp:featuredmedia":[{"embeddable":true,"href":"https:\/\/fdartgallery.com\/index.php?rest_route=\/wp\/v2\/media\/2671"}],"wp:attachment":[{"href":"https:\/\/fdartgallery.com\/index.php?rest_route=%2Fwp%2Fv2%2Fmedia&parent=2670"}],"wp:term":[{"taxonomy":"brand","embeddable":true,"href":"https:\/\/fdartgallery.com\/index.php?rest_route=%2Fwp%2Fv2%2Fetheme_brands&post=2670"},{"taxonomy":"product_brand","embeddable":true,"href":"https:\/\/fdartgallery.com\/index.php?rest_route=%2Fwp%2Fv2%2Fproduct_brand&post=2670"},{"taxonomy":"product_cat","embeddable":true,"href":"https:\/\/fdartgallery.com\/index.php?rest_route=%2Fwp%2Fv2%2Fproduct_cat&post=2670"},{"taxonomy":"product_tag","embeddable":true,"href":"https:\/\/fdartgallery.com\/index.php?rest_route=%2Fwp%2Fv2%2Fproduct_tag&post=2670"}],"curies":[{"name":"wp","href":"https:\/\/api.w.org\/{rel}","templated":true}]}}