{"id":2676,"date":"2026-03-01T19:12:26","date_gmt":"2026-03-01T19:12:26","guid":{"rendered":"https:\/\/fdartgallery.com\/?post_type=product&#038;p=2676"},"modified":"2026-03-01T19:12:26","modified_gmt":"2026-03-01T19:12:26","slug":"colorful-tulips","status":"publish","type":"product","link":"https:\/\/fdartgallery.com\/?product=colorful-tulips","title":{"rendered":"&#8220;Colorful Tulips&#8221;"},"content":{"rendered":"<p>Hi\u00e7 solmayacak bir bahar buketiyle ya\u015fam alan\u0131n\u0131za hayat verin. Bu el eme\u011fi eser, lalelerin zarafetini ve renklerin enerjisini cam bir vazonun \u015feffafl\u0131\u011f\u0131yla bulu\u015fturuyor. Her bir f\u0131r\u00e7a darbesi, do\u011fan\u0131n uyan\u0131\u015f\u0131n\u0131 ve tazeli\u011fi evinize ta\u015f\u0131mak i\u00e7in at\u0131ld\u0131. Sadece bir resim de\u011fil, bakt\u0131\u011f\u0131n\u0131z her an size ne\u015fe verecek bir pencere.<\/p>\n<p>\u200bYemek Odas\u0131 ve Salon: Masan\u0131z\u0131n \u00fczerinde veya b\u00fcfe arkas\u0131nda odak noktas\u0131 olu\u015fturarak, misafirlerinize s\u0131cak ve davetkar bir atmosfer sunar.<\/p>\n<p>\u200bGiri\u015f ve Antre (Hol): Eve girdi\u011finiz anda sizi kar\u015f\u0131layan o ilk enerjinin pozitif ve renkli olmas\u0131 i\u00e7in ideal bir se\u00e7imdir.<\/p>\n<p>\u200bOfis ve \u00c7al\u0131\u015fma Alanlar\u0131: Gri ve monoton \u00e7al\u0131\u015fma ortamlar\u0131na hayat katmak, yarat\u0131c\u0131l\u0131\u011f\u0131 tetikleyen renkli bir mola alan\u0131 yaratmak i\u00e7in birebir.<\/p>\n","protected":false},"excerpt":{"rendered":"<p>&#8230;<\/p>\n","protected":false},"featured_media":2677,"comment_status":"open","ping_status":"closed","template":"","meta":[],"etheme_brands":[],"product_brand":[],"product_cat":[22,56],"product_tag":[],"class_list":{"0":"post-2676","1":"product","2":"type-product","3":"status-publish","4":"has-post-thumbnail","6":"product_cat-acrylic","7":"product_cat-vazoda-cicekler","9":"first","10":"instock","11":"shipping-taxable","12":"purchasable","13":"product-type-simple"},"jetpack_sharing_enabled":true,"_links":{"self":[{"href":"https:\/\/fdartgallery.com\/index.php?rest_route=\/wp\/v2\/product\/2676","targetHints":{"allow":["GET"]}}],"collection":[{"href":"https:\/\/fdartgallery.com\/index.php?rest_route=\/wp\/v2\/product"}],"about":[{"href":"https:\/\/fdartgallery.com\/index.php?rest_route=\/wp\/v2\/types\/product"}],"replies":[{"embeddable":true,"href":"https:\/\/fdartgallery.com\/index.php?rest_route=%2Fwp%2Fv2%2Fcomments&post=2676"}],"version-history":[{"count":1,"href":"https:\/\/fdartgallery.com\/index.php?rest_route=\/wp\/v2\/product\/2676\/revisions"}],"predecessor-version":[{"id":2678,"href":"https:\/\/fdartgallery.com\/index.php?rest_route=\/wp\/v2\/product\/2676\/revisions\/2678"}],"wp:featuredmedia":[{"embeddable":true,"href":"https:\/\/fdartgallery.com\/index.php?rest_route=\/wp\/v2\/media\/2677"}],"wp:attachment":[{"href":"https:\/\/fdartgallery.com\/index.php?rest_route=%2Fwp%2Fv2%2Fmedia&parent=2676"}],"wp:term":[{"taxonomy":"brand","embeddable":true,"href":"https:\/\/fdartgallery.com\/index.php?rest_route=%2Fwp%2Fv2%2Fetheme_brands&post=2676"},{"taxonomy":"product_brand","embeddable":true,"href":"https:\/\/fdartgallery.com\/index.php?rest_route=%2Fwp%2Fv2%2Fproduct_brand&post=2676"},{"taxonomy":"product_cat","embeddable":true,"href":"https:\/\/fdartgallery.com\/index.php?rest_route=%2Fwp%2Fv2%2Fproduct_cat&post=2676"},{"taxonomy":"product_tag","embeddable":true,"href":"https:\/\/fdartgallery.com\/index.php?rest_route=%2Fwp%2Fv2%2Fproduct_tag&post=2676"}],"curies":[{"name":"wp","href":"https:\/\/api.w.org\/{rel}","templated":true}]}}