{"id":2679,"date":"2026-03-02T11:21:46","date_gmt":"2026-03-02T11:21:46","guid":{"rendered":"https:\/\/fdartgallery.com\/?post_type=product&#038;p=2679"},"modified":"2026-03-02T11:21:46","modified_gmt":"2026-03-02T11:21:46","slug":"porselen","status":"publish","type":"product","link":"https:\/\/fdartgallery.com\/?product=porselen","title":{"rendered":"&#8216;Porselen&#8217;"},"content":{"rendered":"<p>Bu nat\u00fcrmort; sessiz, dingin ama bir o kadar da karakterli. I\u015f\u0131\u011f\u0131n porselen y\u00fczeyde b\u0131rakt\u0131\u011f\u0131 parlakl\u0131k ve \u015feftalilerin kadifemsi dokusu, esere hem klasik hem \u00e7a\u011fda\u015f bir ruh kazand\u0131r\u0131yor. Salonunuzda, yemek odan\u0131zda ya da ofisinizde sofistike bir odak noktas\u0131 olu\u015fturacak; bulundu\u011fu mek\u00e2na sanatla gelen sakin bir \u015f\u0131kl\u0131k katacak \u00f6zel bir par\u00e7a. Zamans\u0131z estetikten ho\u015flananlar i\u00e7in, her bak\u0131\u015fta yeni bir detay ke\u015ffedece\u011finiz etkileyici bir eser. \u2728<\/p>\n","protected":false},"excerpt":{"rendered":"<p>&#8230;<\/p>\n","protected":false},"featured_media":2680,"comment_status":"open","ping_status":"closed","template":"","meta":[],"etheme_brands":[{"term_id":61,"name":"Fd Sanat Okulu","slug":"fd-sanat-okulu","term_group":0,"term_taxonomy_id":61,"taxonomy":"brand","description":"","parent":0,"count":173,"filter":"raw"}],"product_brand":[],"product_cat":[22,55],"product_tag":[],"class_list":{"0":"post-2679","1":"product","2":"type-product","3":"status-publish","4":"has-post-thumbnail","6":"brand-fd-sanat-okulu","7":"product_cat-acrylic","8":"product_cat-naturmont","10":"first","11":"instock","12":"shipping-taxable","13":"purchasable","14":"product-type-simple"},"jetpack_sharing_enabled":true,"_links":{"self":[{"href":"https:\/\/fdartgallery.com\/index.php?rest_route=\/wp\/v2\/product\/2679","targetHints":{"allow":["GET"]}}],"collection":[{"href":"https:\/\/fdartgallery.com\/index.php?rest_route=\/wp\/v2\/product"}],"about":[{"href":"https:\/\/fdartgallery.com\/index.php?rest_route=\/wp\/v2\/types\/product"}],"replies":[{"embeddable":true,"href":"https:\/\/fdartgallery.com\/index.php?rest_route=%2Fwp%2Fv2%2Fcomments&post=2679"}],"version-history":[{"count":1,"href":"https:\/\/fdartgallery.com\/index.php?rest_route=\/wp\/v2\/product\/2679\/revisions"}],"predecessor-version":[{"id":2681,"href":"https:\/\/fdartgallery.com\/index.php?rest_route=\/wp\/v2\/product\/2679\/revisions\/2681"}],"wp:featuredmedia":[{"embeddable":true,"href":"https:\/\/fdartgallery.com\/index.php?rest_route=\/wp\/v2\/media\/2680"}],"wp:attachment":[{"href":"https:\/\/fdartgallery.com\/index.php?rest_route=%2Fwp%2Fv2%2Fmedia&parent=2679"}],"wp:term":[{"taxonomy":"brand","embeddable":true,"href":"https:\/\/fdartgallery.com\/index.php?rest_route=%2Fwp%2Fv2%2Fetheme_brands&post=2679"},{"taxonomy":"product_brand","embeddable":true,"href":"https:\/\/fdartgallery.com\/index.php?rest_route=%2Fwp%2Fv2%2Fproduct_brand&post=2679"},{"taxonomy":"product_cat","embeddable":true,"href":"https:\/\/fdartgallery.com\/index.php?rest_route=%2Fwp%2Fv2%2Fproduct_cat&post=2679"},{"taxonomy":"product_tag","embeddable":true,"href":"https:\/\/fdartgallery.com\/index.php?rest_route=%2Fwp%2Fv2%2Fproduct_tag&post=2679"}],"curies":[{"name":"wp","href":"https:\/\/api.w.org\/{rel}","templated":true}]}}