{"id":2685,"date":"2026-03-02T11:28:39","date_gmt":"2026-03-02T11:28:39","guid":{"rendered":"https:\/\/fdartgallery.com\/?post_type=product&#038;p=2685"},"modified":"2026-03-02T11:28:39","modified_gmt":"2026-03-02T11:28:39","slug":"fincanda","status":"publish","type":"product","link":"https:\/\/fdartgallery.com\/?product=fincanda","title":{"rendered":"&#8216;Fincanda&#8217;"},"content":{"rendered":"<p>K\u00fc\u00e7\u00fck \u015feylerdeki b\u00fcy\u00fck mutlulu\u011fu ke\u015ffedin. Bu suluboya \u00e7al\u0131\u015fma, bir fincan\u0131n i\u00e7ine s\u0131\u011fd\u0131r\u0131lm\u0131\u015f zarif \u00e7i\u00e7eklerle minimalizmin ve zarafetin en saf halini sunuyor. Yumu\u015fak ge\u00e7i\u015fleri ve \u015feffaf dokusuyla ruhu yormayan, izleyende hafiflik hissi uyand\u0131ran bir sanat eseri.&#8221;<br \/>\n\u200bNeden Bu Eseri Se\u00e7melisiniz?<br \/>\n\u200bZarif ve Hafif: Suluboyan\u0131n do\u011fas\u0131 gere\u011fi sundu\u011fu o transparan ve u\u00e7ucu his, ya\u015fam alan\u0131n\u0131za ferahl\u0131k katar.<br \/>\n\u200bMinimalist \u015e\u0131kl\u0131k: Karma\u015fadan uzak, sade ama etkileyici bir dekorasyon arayanlar i\u00e7in nokta at\u0131\u015f\u0131 bir par\u00e7a.<br \/>\n\u200bKullan\u0131m Alan\u0131 Alternatifleri:<br \/>\n\u200bOkuma K\u00f6\u015fesi: Kahvenizi yudumlarken size e\u015flik edecek, huzurlu ve ilham verici bir detay olarak.<br \/>\n\u200bBanyo veya Giyinme Odas\u0131: Hijyen ve tazelik hissini peki\u015ftirmek i\u00e7in a\u00e7\u0131k renkli duvarlarda sergilenebilir.<br \/>\n\u200bGen\u00e7 K\u0131z Odalar\u0131: Romantik ve hayalperest bir dokunu\u015f eklemek i\u00e7in ideal bir hediye se\u00e7ene\u011fi.<\/p>\n","protected":false},"excerpt":{"rendered":"<p>&#8230;<\/p>\n","protected":false},"featured_media":2686,"comment_status":"open","ping_status":"closed","template":"","meta":[],"etheme_brands":[{"term_id":61,"name":"Fd Sanat Okulu","slug":"fd-sanat-okulu","term_group":0,"term_taxonomy_id":61,"taxonomy":"brand","description":"","parent":0,"count":173,"filter":"raw"}],"product_brand":[],"product_cat":[43,73],"product_tag":[],"class_list":{"0":"post-2685","1":"product","2":"type-product","3":"status-publish","4":"has-post-thumbnail","6":"brand-fd-sanat-okulu","7":"product_cat-water-color","8":"product_cat-vazoda-cicekler-konulu","10":"first","11":"instock","12":"shipping-taxable","13":"purchasable","14":"product-type-simple"},"jetpack_sharing_enabled":true,"_links":{"self":[{"href":"https:\/\/fdartgallery.com\/index.php?rest_route=\/wp\/v2\/product\/2685","targetHints":{"allow":["GET"]}}],"collection":[{"href":"https:\/\/fdartgallery.com\/index.php?rest_route=\/wp\/v2\/product"}],"about":[{"href":"https:\/\/fdartgallery.com\/index.php?rest_route=\/wp\/v2\/types\/product"}],"replies":[{"embeddable":true,"href":"https:\/\/fdartgallery.com\/index.php?rest_route=%2Fwp%2Fv2%2Fcomments&post=2685"}],"version-history":[{"count":1,"href":"https:\/\/fdartgallery.com\/index.php?rest_route=\/wp\/v2\/product\/2685\/revisions"}],"predecessor-version":[{"id":2687,"href":"https:\/\/fdartgallery.com\/index.php?rest_route=\/wp\/v2\/product\/2685\/revisions\/2687"}],"wp:featuredmedia":[{"embeddable":true,"href":"https:\/\/fdartgallery.com\/index.php?rest_route=\/wp\/v2\/media\/2686"}],"wp:attachment":[{"href":"https:\/\/fdartgallery.com\/index.php?rest_route=%2Fwp%2Fv2%2Fmedia&parent=2685"}],"wp:term":[{"taxonomy":"brand","embeddable":true,"href":"https:\/\/fdartgallery.com\/index.php?rest_route=%2Fwp%2Fv2%2Fetheme_brands&post=2685"},{"taxonomy":"product_brand","embeddable":true,"href":"https:\/\/fdartgallery.com\/index.php?rest_route=%2Fwp%2Fv2%2Fproduct_brand&post=2685"},{"taxonomy":"product_cat","embeddable":true,"href":"https:\/\/fdartgallery.com\/index.php?rest_route=%2Fwp%2Fv2%2Fproduct_cat&post=2685"},{"taxonomy":"product_tag","embeddable":true,"href":"https:\/\/fdartgallery.com\/index.php?rest_route=%2Fwp%2Fv2%2Fproduct_tag&post=2685"}],"curies":[{"name":"wp","href":"https:\/\/api.w.org\/{rel}","templated":true}]}}