{"id":2706,"date":"2026-03-02T11:56:17","date_gmt":"2026-03-02T11:56:17","guid":{"rendered":"https:\/\/fdartgallery.com\/?post_type=product&#038;p=2706"},"modified":"2026-03-02T11:56:17","modified_gmt":"2026-03-02T11:56:17","slug":"okre-cicekler","status":"publish","type":"product","link":"https:\/\/fdartgallery.com\/?product=okre-cicekler","title":{"rendered":"&#8216;Okre \u00c7i\u00e7ekler&#8217;"},"content":{"rendered":"<p>Sadelikten gelen asalet. Hardal ve toprak tonlar\u0131n\u0131n bulu\u015ftu\u011fu bu zambak \u00e7al\u0131\u015fmas\u0131, minimalizmi sanatla bulu\u015fturuyor. \u015eeffaf vazodaki duru\u015fuyla dinginli\u011fi temsil eden bu eser, ruhunuzu dinlendiren sessiz bir k\u00f6\u015fe yaratman\u0131z i\u00e7in tasarland\u0131.&#8221;<br \/>\n\u200bKullan\u0131m Alan\u0131 Alternatifleri: * Giri\u015f Hol\u00fc (Antre): Misafirlerinizi sade ve \u015f\u0131k bir sanat eseriyle kar\u015f\u0131lamak i\u00e7in.<br \/>\n\u200bOkuma K\u00f6\u015fesi: Kitaplar\u0131n\u0131z\u0131n ve kahvenizin yan\u0131na e\u015flik edecek entelekt\u00fcel bir dokunu\u015f.<br \/>\n\u200bOfis: Ciddi ama estetik bir atmosfer yaratmak i\u00e7in ideal.<\/p>\n","protected":false},"excerpt":{"rendered":"<p>&#8230;<\/p>\n","protected":false},"featured_media":2708,"comment_status":"open","ping_status":"closed","template":"","meta":[],"etheme_brands":[],"product_brand":[],"product_cat":[43,73],"product_tag":[],"class_list":{"0":"post-2706","1":"product","2":"type-product","3":"status-publish","4":"has-post-thumbnail","6":"product_cat-water-color","7":"product_cat-vazoda-cicekler-konulu","9":"first","10":"instock","11":"shipping-taxable","12":"purchasable","13":"product-type-simple"},"jetpack_sharing_enabled":true,"_links":{"self":[{"href":"https:\/\/fdartgallery.com\/index.php?rest_route=\/wp\/v2\/product\/2706","targetHints":{"allow":["GET"]}}],"collection":[{"href":"https:\/\/fdartgallery.com\/index.php?rest_route=\/wp\/v2\/product"}],"about":[{"href":"https:\/\/fdartgallery.com\/index.php?rest_route=\/wp\/v2\/types\/product"}],"replies":[{"embeddable":true,"href":"https:\/\/fdartgallery.com\/index.php?rest_route=%2Fwp%2Fv2%2Fcomments&post=2706"}],"version-history":[{"count":1,"href":"https:\/\/fdartgallery.com\/index.php?rest_route=\/wp\/v2\/product\/2706\/revisions"}],"predecessor-version":[{"id":2709,"href":"https:\/\/fdartgallery.com\/index.php?rest_route=\/wp\/v2\/product\/2706\/revisions\/2709"}],"wp:featuredmedia":[{"embeddable":true,"href":"https:\/\/fdartgallery.com\/index.php?rest_route=\/wp\/v2\/media\/2708"}],"wp:attachment":[{"href":"https:\/\/fdartgallery.com\/index.php?rest_route=%2Fwp%2Fv2%2Fmedia&parent=2706"}],"wp:term":[{"taxonomy":"brand","embeddable":true,"href":"https:\/\/fdartgallery.com\/index.php?rest_route=%2Fwp%2Fv2%2Fetheme_brands&post=2706"},{"taxonomy":"product_brand","embeddable":true,"href":"https:\/\/fdartgallery.com\/index.php?rest_route=%2Fwp%2Fv2%2Fproduct_brand&post=2706"},{"taxonomy":"product_cat","embeddable":true,"href":"https:\/\/fdartgallery.com\/index.php?rest_route=%2Fwp%2Fv2%2Fproduct_cat&post=2706"},{"taxonomy":"product_tag","embeddable":true,"href":"https:\/\/fdartgallery.com\/index.php?rest_route=%2Fwp%2Fv2%2Fproduct_tag&post=2706"}],"curies":[{"name":"wp","href":"https:\/\/api.w.org\/{rel}","templated":true}]}}