{"id":2710,"date":"2026-03-02T11:59:19","date_gmt":"2026-03-02T11:59:19","guid":{"rendered":"https:\/\/fdartgallery.com\/?post_type=product&#038;p=2710"},"modified":"2026-03-02T11:59:19","modified_gmt":"2026-03-02T11:59:19","slug":"nar-2","status":"publish","type":"product","link":"https:\/\/fdartgallery.com\/?product=nar-2","title":{"rendered":"&#8216;Nar&#8217;"},"content":{"rendered":"<p>&#8220;Binlerce y\u0131ld\u0131r bereketin simgesi olan nar\u0131, en tutkulu haliyle ke\u015ffedin. K\u0131rm\u0131z\u0131n\u0131n derinli\u011fi ve \u0131\u015f\u0131k oyunlar\u0131yla hayat bulan bu eser, sadece bir meyve de\u011fil; ya\u015fam\u0131n bollu\u011funu ve canl\u0131l\u0131\u011f\u0131n\u0131 simgeliyor. Evinize \u015fans ve enerji getirecek g\u00fc\u00e7l\u00fc bir odak noktas\u0131.&#8221;<br \/>\n\u200bKullan\u0131m Alan\u0131 Alternatifleri: * Mutfak ve Yemek Odas\u0131: Bereketin sembol\u00fc olarak yemek masas\u0131n\u0131n ba\u015fucunda.<br \/>\n\u200bSalon: Koyu renkli veya ah\u015fap mobilyalarla kontrast olu\u015fturarak enerjiyi y\u00fckseltmek i\u00e7in.<br \/>\n\u200bHediye: Yeni evlenen veya yeni bir eve ta\u015f\u0131nan sevdiklerinize anlaml\u0131 bir &#8220;\u015fans&#8221; hediyesi olarak.<\/p>\n","protected":false},"excerpt":{"rendered":"<p>&#8230;<\/p>\n","protected":false},"featured_media":2711,"comment_status":"open","ping_status":"closed","template":"","meta":[],"etheme_brands":[],"product_brand":[],"product_cat":[22,55],"product_tag":[],"class_list":{"0":"post-2710","1":"product","2":"type-product","3":"status-publish","4":"has-post-thumbnail","6":"product_cat-acrylic","7":"product_cat-naturmont","9":"first","10":"instock","11":"shipping-taxable","12":"purchasable","13":"product-type-simple"},"jetpack_sharing_enabled":true,"_links":{"self":[{"href":"https:\/\/fdartgallery.com\/index.php?rest_route=\/wp\/v2\/product\/2710","targetHints":{"allow":["GET"]}}],"collection":[{"href":"https:\/\/fdartgallery.com\/index.php?rest_route=\/wp\/v2\/product"}],"about":[{"href":"https:\/\/fdartgallery.com\/index.php?rest_route=\/wp\/v2\/types\/product"}],"replies":[{"embeddable":true,"href":"https:\/\/fdartgallery.com\/index.php?rest_route=%2Fwp%2Fv2%2Fcomments&post=2710"}],"version-history":[{"count":1,"href":"https:\/\/fdartgallery.com\/index.php?rest_route=\/wp\/v2\/product\/2710\/revisions"}],"predecessor-version":[{"id":2712,"href":"https:\/\/fdartgallery.com\/index.php?rest_route=\/wp\/v2\/product\/2710\/revisions\/2712"}],"wp:featuredmedia":[{"embeddable":true,"href":"https:\/\/fdartgallery.com\/index.php?rest_route=\/wp\/v2\/media\/2711"}],"wp:attachment":[{"href":"https:\/\/fdartgallery.com\/index.php?rest_route=%2Fwp%2Fv2%2Fmedia&parent=2710"}],"wp:term":[{"taxonomy":"brand","embeddable":true,"href":"https:\/\/fdartgallery.com\/index.php?rest_route=%2Fwp%2Fv2%2Fetheme_brands&post=2710"},{"taxonomy":"product_brand","embeddable":true,"href":"https:\/\/fdartgallery.com\/index.php?rest_route=%2Fwp%2Fv2%2Fproduct_brand&post=2710"},{"taxonomy":"product_cat","embeddable":true,"href":"https:\/\/fdartgallery.com\/index.php?rest_route=%2Fwp%2Fv2%2Fproduct_cat&post=2710"},{"taxonomy":"product_tag","embeddable":true,"href":"https:\/\/fdartgallery.com\/index.php?rest_route=%2Fwp%2Fv2%2Fproduct_tag&post=2710"}],"curies":[{"name":"wp","href":"https:\/\/api.w.org\/{rel}","templated":true}]}}