{"id":2716,"date":"2026-03-02T12:03:08","date_gmt":"2026-03-02T12:03:08","guid":{"rendered":"https:\/\/fdartgallery.com\/?post_type=product&#038;p=2716"},"modified":"2026-03-02T12:04:14","modified_gmt":"2026-03-02T12:04:14","slug":"pembe-guller","status":"publish","type":"product","link":"https:\/\/fdartgallery.com\/?product=pembe-guller","title":{"rendered":"&#8216;Pembe G\u00fcller&#8217;"},"content":{"rendered":"<p>&#8220;Bahar\u0131n en nazik halini evinize davet edin. Suluboyan\u0131n \u015feffaf ve ak\u0131\u015fkan dokusuyla hayat bulan bu pembe \u00e7i\u00e7ekler, ya\u015fam alan\u0131n\u0131za zarafet ve hafiflik katacak. Her bir f\u0131r\u00e7a darbesi, do\u011fan\u0131n k\u0131r\u0131lgan ama bir o kadar da g\u00fc\u00e7l\u00fc g\u00fczelli\u011fini kutluyor.&#8221;<br \/>\n\u200bKullan\u0131m Alan\u0131 Alternatifleri: * Yatak Odas\u0131: G\u00fcne yumu\u015fak ve huzurlu bir ba\u015flang\u0131\u00e7 yapmak i\u00e7in komodin \u00fczerinde.<br \/>\n\u200b\u00c7al\u0131\u015fma Masas\u0131: Yo\u011fun \u00e7al\u0131\u015fma anlar\u0131nda g\u00f6zlerinizi dinlendirecek naif bir detay olarak.<br \/>\n\u200bBanyo: Modern ve temiz bir g\u00f6r\u00fcn\u00fcm i\u00e7in beyaz seramiklerle kombinlenebilir.<\/p>\n","protected":false},"excerpt":{"rendered":"<p>&#8230;<\/p>\n","protected":false},"featured_media":2720,"comment_status":"open","ping_status":"closed","template":"","meta":[],"etheme_brands":[{"term_id":61,"name":"Fd Sanat Okulu","slug":"fd-sanat-okulu","term_group":0,"term_taxonomy_id":61,"taxonomy":"brand","description":"","parent":0,"count":173,"filter":"raw"}],"product_brand":[],"product_cat":[43,73],"product_tag":[],"class_list":{"0":"post-2716","1":"product","2":"type-product","3":"status-publish","4":"has-post-thumbnail","6":"brand-fd-sanat-okulu","7":"product_cat-water-color","8":"product_cat-vazoda-cicekler-konulu","10":"first","11":"instock","12":"shipping-taxable","13":"purchasable","14":"product-type-simple"},"jetpack_sharing_enabled":true,"_links":{"self":[{"href":"https:\/\/fdartgallery.com\/index.php?rest_route=\/wp\/v2\/product\/2716","targetHints":{"allow":["GET"]}}],"collection":[{"href":"https:\/\/fdartgallery.com\/index.php?rest_route=\/wp\/v2\/product"}],"about":[{"href":"https:\/\/fdartgallery.com\/index.php?rest_route=\/wp\/v2\/types\/product"}],"replies":[{"embeddable":true,"href":"https:\/\/fdartgallery.com\/index.php?rest_route=%2Fwp%2Fv2%2Fcomments&post=2716"}],"version-history":[{"count":1,"href":"https:\/\/fdartgallery.com\/index.php?rest_route=\/wp\/v2\/product\/2716\/revisions"}],"predecessor-version":[{"id":2718,"href":"https:\/\/fdartgallery.com\/index.php?rest_route=\/wp\/v2\/product\/2716\/revisions\/2718"}],"wp:featuredmedia":[{"embeddable":true,"href":"https:\/\/fdartgallery.com\/index.php?rest_route=\/wp\/v2\/media\/2720"}],"wp:attachment":[{"href":"https:\/\/fdartgallery.com\/index.php?rest_route=%2Fwp%2Fv2%2Fmedia&parent=2716"}],"wp:term":[{"taxonomy":"brand","embeddable":true,"href":"https:\/\/fdartgallery.com\/index.php?rest_route=%2Fwp%2Fv2%2Fetheme_brands&post=2716"},{"taxonomy":"product_brand","embeddable":true,"href":"https:\/\/fdartgallery.com\/index.php?rest_route=%2Fwp%2Fv2%2Fproduct_brand&post=2716"},{"taxonomy":"product_cat","embeddable":true,"href":"https:\/\/fdartgallery.com\/index.php?rest_route=%2Fwp%2Fv2%2Fproduct_cat&post=2716"},{"taxonomy":"product_tag","embeddable":true,"href":"https:\/\/fdartgallery.com\/index.php?rest_route=%2Fwp%2Fv2%2Fproduct_tag&post=2716"}],"curies":[{"name":"wp","href":"https:\/\/api.w.org\/{rel}","templated":true}]}}