{"id":2723,"date":"2026-03-02T12:07:13","date_gmt":"2026-03-02T12:07:13","guid":{"rendered":"https:\/\/fdartgallery.com\/?post_type=product&#038;p=2723"},"modified":"2026-03-02T12:07:13","modified_gmt":"2026-03-02T12:07:13","slug":"karli-ev","status":"publish","type":"product","link":"https:\/\/fdartgallery.com\/?product=karli-ev","title":{"rendered":"&#8216;Karl\u0131 Ev&#8217;"},"content":{"rendered":"<p>&#8220;So\u011fuk bir k\u0131\u015f g\u00fcn\u00fcnde s\u0131cac\u0131k bir yuva hayali. Kar\u0131n sessizli\u011fini ve k\u0131\u015f\u0131n huzurunu anlatan bu ill\u00fcstratif \u00e7al\u0131\u015fma, naif \u00e7izgileriyle i\u00e7inizi \u0131s\u0131tacak. Masals\u0131 bir atmosfer yaratan bu ev, size g\u00fcvenin ve dinginli\u011fin en yal\u0131n halini sunuyor.&#8221;<br \/>\n\u200bKullan\u0131m Alan\u0131 Alternatifleri: * Giyinme Odas\u0131 veya Antre: Evin s\u0131cakl\u0131\u011f\u0131n\u0131 vurgulayan samimi bir kar\u015f\u0131lama i\u00e7in.<br \/>\n\u200b\u00c7ocuk Odas\u0131: Masals\u0131 d\u00fcnyalar\u0131 destekleyen yumu\u015fak bir dekorasyon \u00f6\u011fesi.<br \/>\n\u200bK\u0131\u015f Bah\u00e7esi: Do\u011fan\u0131n d\u00f6ng\u00fcs\u00fcn\u00fc sanatla selamlamak i\u00e7in.<\/p>\n","protected":false},"excerpt":{"rendered":"<p>&#8230;<\/p>\n","protected":false},"featured_media":2724,"comment_status":"open","ping_status":"closed","template":"","meta":[],"etheme_brands":[{"term_id":61,"name":"Fd Sanat Okulu","slug":"fd-sanat-okulu","term_group":0,"term_taxonomy_id":61,"taxonomy":"brand","description":"","parent":0,"count":173,"filter":"raw"}],"product_brand":[],"product_cat":[43,75],"product_tag":[],"class_list":{"0":"post-2723","1":"product","2":"type-product","3":"status-publish","4":"has-post-thumbnail","6":"brand-fd-sanat-okulu","7":"product_cat-water-color","8":"product_cat-peyzaj-konulu","10":"first","11":"instock","12":"shipping-taxable","13":"purchasable","14":"product-type-simple"},"jetpack_sharing_enabled":true,"_links":{"self":[{"href":"https:\/\/fdartgallery.com\/index.php?rest_route=\/wp\/v2\/product\/2723","targetHints":{"allow":["GET"]}}],"collection":[{"href":"https:\/\/fdartgallery.com\/index.php?rest_route=\/wp\/v2\/product"}],"about":[{"href":"https:\/\/fdartgallery.com\/index.php?rest_route=\/wp\/v2\/types\/product"}],"replies":[{"embeddable":true,"href":"https:\/\/fdartgallery.com\/index.php?rest_route=%2Fwp%2Fv2%2Fcomments&post=2723"}],"version-history":[{"count":1,"href":"https:\/\/fdartgallery.com\/index.php?rest_route=\/wp\/v2\/product\/2723\/revisions"}],"predecessor-version":[{"id":2725,"href":"https:\/\/fdartgallery.com\/index.php?rest_route=\/wp\/v2\/product\/2723\/revisions\/2725"}],"wp:featuredmedia":[{"embeddable":true,"href":"https:\/\/fdartgallery.com\/index.php?rest_route=\/wp\/v2\/media\/2724"}],"wp:attachment":[{"href":"https:\/\/fdartgallery.com\/index.php?rest_route=%2Fwp%2Fv2%2Fmedia&parent=2723"}],"wp:term":[{"taxonomy":"brand","embeddable":true,"href":"https:\/\/fdartgallery.com\/index.php?rest_route=%2Fwp%2Fv2%2Fetheme_brands&post=2723"},{"taxonomy":"product_brand","embeddable":true,"href":"https:\/\/fdartgallery.com\/index.php?rest_route=%2Fwp%2Fv2%2Fproduct_brand&post=2723"},{"taxonomy":"product_cat","embeddable":true,"href":"https:\/\/fdartgallery.com\/index.php?rest_route=%2Fwp%2Fv2%2Fproduct_cat&post=2723"},{"taxonomy":"product_tag","embeddable":true,"href":"https:\/\/fdartgallery.com\/index.php?rest_route=%2Fwp%2Fv2%2Fproduct_tag&post=2723"}],"curies":[{"name":"wp","href":"https:\/\/api.w.org\/{rel}","templated":true}]}}