{"id":2726,"date":"2026-03-02T12:13:26","date_gmt":"2026-03-02T12:13:26","guid":{"rendered":"https:\/\/fdartgallery.com\/?post_type=product&#038;p=2726"},"modified":"2026-03-02T12:13:27","modified_gmt":"2026-03-02T12:13:27","slug":"armutlar","status":"publish","type":"product","link":"https:\/\/fdartgallery.com\/?product=armutlar","title":{"rendered":"&#8216;Armutlar&#8217;"},"content":{"rendered":"<p>Canl\u0131 renk ge\u00e7i\u015fleri ve suluboyan\u0131n \u00f6zg\u00fcr ruhunu yans\u0131tan bu \u00e7al\u0131\u015fma, mutfa\u011f\u0131n\u0131za veya yemek odan\u0131za taze bir enerji katacak. Sar\u0131 ve k\u0131rm\u0131z\u0131n\u0131n i\u015ftah a\u00e7\u0131c\u0131 uyumu, modern bir ill\u00fcstrasyon tarz\u0131yla birle\u015fiyor.<br \/>\n\u200bNerede Kullan\u0131l\u0131r? Mutfak tezgah \u00fcst\u00fc, kahve k\u00f6\u015feleri veya ayd\u0131nl\u0131k yemek odalar\u0131.<br \/>\n\u200bNas\u0131l As\u0131lmal\u0131? \u0130nce, a\u00e7\u0131k renkli ah\u015fap bir \u00e7er\u00e7eve ve geni\u015f bir paspartu ile eserin ferahl\u0131\u011f\u0131 \u00f6n plana \u00e7\u0131kar\u0131labilir.<\/p>\n","protected":false},"excerpt":{"rendered":"<p>&#8230;<\/p>\n","protected":false},"featured_media":2727,"comment_status":"open","ping_status":"closed","template":"","meta":[],"etheme_brands":[{"term_id":61,"name":"Fd Sanat Okulu","slug":"fd-sanat-okulu","term_group":0,"term_taxonomy_id":61,"taxonomy":"brand","description":"","parent":0,"count":173,"filter":"raw"}],"product_brand":[],"product_cat":[43,76],"product_tag":[],"class_list":{"0":"post-2726","1":"product","2":"type-product","3":"status-publish","4":"has-post-thumbnail","6":"brand-fd-sanat-okulu","7":"product_cat-water-color","8":"product_cat-naturmont-konulu","10":"first","11":"instock","12":"shipping-taxable","13":"purchasable","14":"product-type-simple"},"jetpack_sharing_enabled":true,"_links":{"self":[{"href":"https:\/\/fdartgallery.com\/index.php?rest_route=\/wp\/v2\/product\/2726","targetHints":{"allow":["GET"]}}],"collection":[{"href":"https:\/\/fdartgallery.com\/index.php?rest_route=\/wp\/v2\/product"}],"about":[{"href":"https:\/\/fdartgallery.com\/index.php?rest_route=\/wp\/v2\/types\/product"}],"replies":[{"embeddable":true,"href":"https:\/\/fdartgallery.com\/index.php?rest_route=%2Fwp%2Fv2%2Fcomments&post=2726"}],"version-history":[{"count":1,"href":"https:\/\/fdartgallery.com\/index.php?rest_route=\/wp\/v2\/product\/2726\/revisions"}],"predecessor-version":[{"id":2728,"href":"https:\/\/fdartgallery.com\/index.php?rest_route=\/wp\/v2\/product\/2726\/revisions\/2728"}],"wp:featuredmedia":[{"embeddable":true,"href":"https:\/\/fdartgallery.com\/index.php?rest_route=\/wp\/v2\/media\/2727"}],"wp:attachment":[{"href":"https:\/\/fdartgallery.com\/index.php?rest_route=%2Fwp%2Fv2%2Fmedia&parent=2726"}],"wp:term":[{"taxonomy":"brand","embeddable":true,"href":"https:\/\/fdartgallery.com\/index.php?rest_route=%2Fwp%2Fv2%2Fetheme_brands&post=2726"},{"taxonomy":"product_brand","embeddable":true,"href":"https:\/\/fdartgallery.com\/index.php?rest_route=%2Fwp%2Fv2%2Fproduct_brand&post=2726"},{"taxonomy":"product_cat","embeddable":true,"href":"https:\/\/fdartgallery.com\/index.php?rest_route=%2Fwp%2Fv2%2Fproduct_cat&post=2726"},{"taxonomy":"product_tag","embeddable":true,"href":"https:\/\/fdartgallery.com\/index.php?rest_route=%2Fwp%2Fv2%2Fproduct_tag&post=2726"}],"curies":[{"name":"wp","href":"https:\/\/api.w.org\/{rel}","templated":true}]}}