{"id":2729,"date":"2026-03-02T12:17:34","date_gmt":"2026-03-02T12:17:34","guid":{"rendered":"https:\/\/fdartgallery.com\/?post_type=product&#038;p=2729"},"modified":"2026-03-02T12:17:34","modified_gmt":"2026-03-02T12:17:34","slug":"nehirde-yolculuk","status":"publish","type":"product","link":"https:\/\/fdartgallery.com\/?product=nehirde-yolculuk","title":{"rendered":"&#8216;Nehirde yolculuk&#8217;"},"content":{"rendered":"<p>Karakalemin dramatik g\u00fcc\u00fcn\u00fc kullanan bu eser, derin bir sessizlik ve huzur temas\u0131 i\u015fliyor. Sislerin aras\u0131ndan s\u00fcz\u00fclen kano fig\u00fcr\u00fc, izleyiciyi dingin bir yolculu\u011fa davet ediyor.<br \/>\n\u200bNerede Kullan\u0131l\u0131r? \u00c7al\u0131\u015fma odas\u0131, k\u00fct\u00fcphane veya yatak odas\u0131 gibi sakinlik aranan alanlar.<br \/>\n\u200bNas\u0131l As\u0131lmal\u0131? Siyah metal bir \u00e7er\u00e7eve ile monokrom etkisi g\u00fc\u00e7lendirilebilir. Lo\u015f bir duvar \u0131\u015f\u0131\u011f\u0131yla ayd\u0131nlat\u0131ld\u0131\u011f\u0131nda derinli\u011fi daha \u00e7ok hissedilecektir.<\/p>\n","protected":false},"excerpt":{"rendered":"<p>&#8230;<\/p>\n","protected":false},"featured_media":2731,"comment_status":"open","ping_status":"closed","template":"","meta":[],"etheme_brands":[{"term_id":61,"name":"Fd Sanat Okulu","slug":"fd-sanat-okulu","term_group":0,"term_taxonomy_id":61,"taxonomy":"brand","description":"","parent":0,"count":173,"filter":"raw"}],"product_brand":[],"product_cat":[40],"product_tag":[],"class_list":{"0":"post-2729","1":"product","2":"type-product","3":"status-publish","4":"has-post-thumbnail","6":"brand-fd-sanat-okulu","7":"product_cat-sketching","9":"first","10":"instock","11":"shipping-taxable","12":"purchasable","13":"product-type-simple"},"jetpack_sharing_enabled":true,"_links":{"self":[{"href":"https:\/\/fdartgallery.com\/index.php?rest_route=\/wp\/v2\/product\/2729","targetHints":{"allow":["GET"]}}],"collection":[{"href":"https:\/\/fdartgallery.com\/index.php?rest_route=\/wp\/v2\/product"}],"about":[{"href":"https:\/\/fdartgallery.com\/index.php?rest_route=\/wp\/v2\/types\/product"}],"replies":[{"embeddable":true,"href":"https:\/\/fdartgallery.com\/index.php?rest_route=%2Fwp%2Fv2%2Fcomments&post=2729"}],"version-history":[{"count":1,"href":"https:\/\/fdartgallery.com\/index.php?rest_route=\/wp\/v2\/product\/2729\/revisions"}],"predecessor-version":[{"id":2732,"href":"https:\/\/fdartgallery.com\/index.php?rest_route=\/wp\/v2\/product\/2729\/revisions\/2732"}],"wp:featuredmedia":[{"embeddable":true,"href":"https:\/\/fdartgallery.com\/index.php?rest_route=\/wp\/v2\/media\/2731"}],"wp:attachment":[{"href":"https:\/\/fdartgallery.com\/index.php?rest_route=%2Fwp%2Fv2%2Fmedia&parent=2729"}],"wp:term":[{"taxonomy":"brand","embeddable":true,"href":"https:\/\/fdartgallery.com\/index.php?rest_route=%2Fwp%2Fv2%2Fetheme_brands&post=2729"},{"taxonomy":"product_brand","embeddable":true,"href":"https:\/\/fdartgallery.com\/index.php?rest_route=%2Fwp%2Fv2%2Fproduct_brand&post=2729"},{"taxonomy":"product_cat","embeddable":true,"href":"https:\/\/fdartgallery.com\/index.php?rest_route=%2Fwp%2Fv2%2Fproduct_cat&post=2729"},{"taxonomy":"product_tag","embeddable":true,"href":"https:\/\/fdartgallery.com\/index.php?rest_route=%2Fwp%2Fv2%2Fproduct_tag&post=2729"}],"curies":[{"name":"wp","href":"https:\/\/api.w.org\/{rel}","templated":true}]}}