{"id":2733,"date":"2026-03-02T12:19:14","date_gmt":"2026-03-02T12:19:14","guid":{"rendered":"https:\/\/fdartgallery.com\/?post_type=product&#038;p=2733"},"modified":"2026-03-02T12:19:14","modified_gmt":"2026-03-02T12:19:14","slug":"yasli-zurafa","status":"publish","type":"product","link":"https:\/\/fdartgallery.com\/?product=yasli-zurafa","title":{"rendered":"&#8216;Ya\u015fl\u0131 z\u00fcrafa&#8217;"},"content":{"rendered":"<p>Detayl\u0131 kalem i\u015f\u00e7ili\u011fiyle hayat bulan bu z\u00fcrafa portresi, bak\u0131\u015flar\u0131ndaki ifadeyle girdi\u011fi her ortama karakter kat\u0131yor. Do\u011fan\u0131n zarafetini siyah-beyaz\u0131n asaletiyle sunan bir \u00e7al\u0131\u015fma.<br \/>\n\u200bNerede Kullan\u0131l\u0131r? Antreler, \u00e7ocuk\/gen\u00e7 odalar\u0131 veya modern dekore edilmi\u015f oturma odalar\u0131.<br \/>\n\u200bNas\u0131l As\u0131lmal\u0131? Dikey formu sayesinde dar duvar bo\u015fluklar\u0131n\u0131 de\u011ferlendirmek i\u00e7in idealdir. Caml\u0131, minimalist bir \u00e7er\u00e7eve tercih edilmeli.<\/p>\n","protected":false},"excerpt":{"rendered":"<p>&#8230;<\/p>\n","protected":false},"featured_media":2734,"comment_status":"open","ping_status":"closed","template":"","meta":[],"etheme_brands":[{"term_id":61,"name":"Fd Sanat Okulu","slug":"fd-sanat-okulu","term_group":0,"term_taxonomy_id":61,"taxonomy":"brand","description":"","parent":0,"count":173,"filter":"raw"}],"product_brand":[],"product_cat":[40],"product_tag":[],"class_list":{"0":"post-2733","1":"product","2":"type-product","3":"status-publish","4":"has-post-thumbnail","6":"brand-fd-sanat-okulu","7":"product_cat-sketching","9":"first","10":"instock","11":"shipping-taxable","12":"purchasable","13":"product-type-simple"},"jetpack_sharing_enabled":true,"_links":{"self":[{"href":"https:\/\/fdartgallery.com\/index.php?rest_route=\/wp\/v2\/product\/2733","targetHints":{"allow":["GET"]}}],"collection":[{"href":"https:\/\/fdartgallery.com\/index.php?rest_route=\/wp\/v2\/product"}],"about":[{"href":"https:\/\/fdartgallery.com\/index.php?rest_route=\/wp\/v2\/types\/product"}],"replies":[{"embeddable":true,"href":"https:\/\/fdartgallery.com\/index.php?rest_route=%2Fwp%2Fv2%2Fcomments&post=2733"}],"version-history":[{"count":1,"href":"https:\/\/fdartgallery.com\/index.php?rest_route=\/wp\/v2\/product\/2733\/revisions"}],"predecessor-version":[{"id":2735,"href":"https:\/\/fdartgallery.com\/index.php?rest_route=\/wp\/v2\/product\/2733\/revisions\/2735"}],"wp:featuredmedia":[{"embeddable":true,"href":"https:\/\/fdartgallery.com\/index.php?rest_route=\/wp\/v2\/media\/2734"}],"wp:attachment":[{"href":"https:\/\/fdartgallery.com\/index.php?rest_route=%2Fwp%2Fv2%2Fmedia&parent=2733"}],"wp:term":[{"taxonomy":"brand","embeddable":true,"href":"https:\/\/fdartgallery.com\/index.php?rest_route=%2Fwp%2Fv2%2Fetheme_brands&post=2733"},{"taxonomy":"product_brand","embeddable":true,"href":"https:\/\/fdartgallery.com\/index.php?rest_route=%2Fwp%2Fv2%2Fproduct_brand&post=2733"},{"taxonomy":"product_cat","embeddable":true,"href":"https:\/\/fdartgallery.com\/index.php?rest_route=%2Fwp%2Fv2%2Fproduct_cat&post=2733"},{"taxonomy":"product_tag","embeddable":true,"href":"https:\/\/fdartgallery.com\/index.php?rest_route=%2Fwp%2Fv2%2Fproduct_tag&post=2733"}],"curies":[{"name":"wp","href":"https:\/\/api.w.org\/{rel}","templated":true}]}}