{"id":2739,"date":"2026-03-02T12:23:08","date_gmt":"2026-03-02T12:23:08","guid":{"rendered":"https:\/\/fdartgallery.com\/?post_type=product&#038;p=2739"},"modified":"2026-03-09T14:18:09","modified_gmt":"2026-03-09T14:18:09","slug":"pink-ballerina","status":"publish","type":"product","link":"https:\/\/fdartgallery.com\/?product=pink-ballerina","title":{"rendered":"&#8216;Pink Ballerina&#8217;"},"content":{"rendered":"<p>Ya\u011fl\u0131 boya dokusunun belirgin oldu\u011fu, hareket ve \u0131\u015f\u0131k dolu bir eser. Balerinin zarif duru\u015fu ve arka plandaki \u015famdan detaylar\u0131, mekana romantik ve sanatsal bir derinlik kat\u0131yor.<br \/>\n\u200bNerede Kullan\u0131l\u0131r? Piyano yanlar\u0131, giyinme odalar\u0131 veya \u015f\u0131k bir salonun odak noktas\u0131.<br \/>\n\u200bNas\u0131l As\u0131lmal\u0131? Tuval \u00fczerine \u00e7al\u0131\u015f\u0131ld\u0131\u011f\u0131 i\u00e7in \u00e7er\u00e7evesiz (kenarlar\u0131 boyal\u0131 \u015fekilde) modern bir g\u00f6r\u00fcn\u00fcmle ya da varakl\u0131 \u015f\u0131k bir \u00e7er\u00e7eveyle klasik bir havada sergilenebilir.<\/p>\n","protected":false},"excerpt":{"rendered":"<p>&#8230;<\/p>\n","protected":false},"featured_media":2740,"comment_status":"open","ping_status":"closed","template":"","meta":[],"etheme_brands":[{"term_id":61,"name":"Fd Sanat Okulu","slug":"fd-sanat-okulu","term_group":0,"term_taxonomy_id":61,"taxonomy":"brand","description":"","parent":0,"count":173,"filter":"raw"}],"product_brand":[],"product_cat":[41,68],"product_tag":[],"class_list":{"0":"post-2739","1":"product","2":"type-product","3":"status-publish","4":"has-post-thumbnail","6":"brand-fd-sanat-okulu","7":"product_cat-oil","8":"product_cat-figuratif-oil","10":"first","11":"instock","12":"shipping-taxable","13":"purchasable","14":"product-type-simple"},"jetpack_sharing_enabled":true,"_links":{"self":[{"href":"https:\/\/fdartgallery.com\/index.php?rest_route=\/wp\/v2\/product\/2739","targetHints":{"allow":["GET"]}}],"collection":[{"href":"https:\/\/fdartgallery.com\/index.php?rest_route=\/wp\/v2\/product"}],"about":[{"href":"https:\/\/fdartgallery.com\/index.php?rest_route=\/wp\/v2\/types\/product"}],"replies":[{"embeddable":true,"href":"https:\/\/fdartgallery.com\/index.php?rest_route=%2Fwp%2Fv2%2Fcomments&post=2739"}],"version-history":[{"count":1,"href":"https:\/\/fdartgallery.com\/index.php?rest_route=\/wp\/v2\/product\/2739\/revisions"}],"predecessor-version":[{"id":2741,"href":"https:\/\/fdartgallery.com\/index.php?rest_route=\/wp\/v2\/product\/2739\/revisions\/2741"}],"wp:featuredmedia":[{"embeddable":true,"href":"https:\/\/fdartgallery.com\/index.php?rest_route=\/wp\/v2\/media\/2740"}],"wp:attachment":[{"href":"https:\/\/fdartgallery.com\/index.php?rest_route=%2Fwp%2Fv2%2Fmedia&parent=2739"}],"wp:term":[{"taxonomy":"brand","embeddable":true,"href":"https:\/\/fdartgallery.com\/index.php?rest_route=%2Fwp%2Fv2%2Fetheme_brands&post=2739"},{"taxonomy":"product_brand","embeddable":true,"href":"https:\/\/fdartgallery.com\/index.php?rest_route=%2Fwp%2Fv2%2Fproduct_brand&post=2739"},{"taxonomy":"product_cat","embeddable":true,"href":"https:\/\/fdartgallery.com\/index.php?rest_route=%2Fwp%2Fv2%2Fproduct_cat&post=2739"},{"taxonomy":"product_tag","embeddable":true,"href":"https:\/\/fdartgallery.com\/index.php?rest_route=%2Fwp%2Fv2%2Fproduct_tag&post=2739"}],"curies":[{"name":"wp","href":"https:\/\/api.w.org\/{rel}","templated":true}]}}