{"id":2742,"date":"2026-03-02T12:24:37","date_gmt":"2026-03-02T12:24:37","guid":{"rendered":"https:\/\/fdartgallery.com\/?post_type=product&#038;p=2742"},"modified":"2026-03-02T12:24:37","modified_gmt":"2026-03-02T12:24:37","slug":"kayik","status":"publish","type":"product","link":"https:\/\/fdartgallery.com\/?product=kayik","title":{"rendered":"&#8216;Kay\u0131k&#8217;"},"content":{"rendered":"<p>Klasik bir manzaran\u0131n karakalem yorumu. Da\u011f\u0131n g\u00f6le yans\u0131mas\u0131 ve \u00f6n plandaki kay\u0131\u011f\u0131n dokusu, geleneksel sanatseverler i\u00e7in zamans\u0131z bir par\u00e7a sunuyor.<br \/>\n\u200bNerede Kullan\u0131l\u0131r? Klasik mobilyalar\u0131n oldu\u011fu salonlar veya ofisler.<br \/>\n\u200bNas\u0131l As\u0131lmal\u0131? Koyu me\u015fe bir \u00e7er\u00e7eveyle klasik duru\u015fu desteklenebilir. Di\u011fer do\u011fa temal\u0131 \u00e7izimlerle bir &#8220;galeri duvar\u0131&#8221; olu\u015fturmaya \u00e7ok uygundur.<\/p>\n","protected":false},"excerpt":{"rendered":"<p>&#8230;<\/p>\n","protected":false},"featured_media":2743,"comment_status":"open","ping_status":"closed","template":"","meta":[],"etheme_brands":[],"product_brand":[],"product_cat":[40],"product_tag":[],"class_list":{"0":"post-2742","1":"product","2":"type-product","3":"status-publish","4":"has-post-thumbnail","6":"product_cat-sketching","8":"first","9":"instock","10":"shipping-taxable","11":"purchasable","12":"product-type-simple"},"jetpack_sharing_enabled":true,"_links":{"self":[{"href":"https:\/\/fdartgallery.com\/index.php?rest_route=\/wp\/v2\/product\/2742","targetHints":{"allow":["GET"]}}],"collection":[{"href":"https:\/\/fdartgallery.com\/index.php?rest_route=\/wp\/v2\/product"}],"about":[{"href":"https:\/\/fdartgallery.com\/index.php?rest_route=\/wp\/v2\/types\/product"}],"replies":[{"embeddable":true,"href":"https:\/\/fdartgallery.com\/index.php?rest_route=%2Fwp%2Fv2%2Fcomments&post=2742"}],"version-history":[{"count":1,"href":"https:\/\/fdartgallery.com\/index.php?rest_route=\/wp\/v2\/product\/2742\/revisions"}],"predecessor-version":[{"id":2744,"href":"https:\/\/fdartgallery.com\/index.php?rest_route=\/wp\/v2\/product\/2742\/revisions\/2744"}],"wp:featuredmedia":[{"embeddable":true,"href":"https:\/\/fdartgallery.com\/index.php?rest_route=\/wp\/v2\/media\/2743"}],"wp:attachment":[{"href":"https:\/\/fdartgallery.com\/index.php?rest_route=%2Fwp%2Fv2%2Fmedia&parent=2742"}],"wp:term":[{"taxonomy":"brand","embeddable":true,"href":"https:\/\/fdartgallery.com\/index.php?rest_route=%2Fwp%2Fv2%2Fetheme_brands&post=2742"},{"taxonomy":"product_brand","embeddable":true,"href":"https:\/\/fdartgallery.com\/index.php?rest_route=%2Fwp%2Fv2%2Fproduct_brand&post=2742"},{"taxonomy":"product_cat","embeddable":true,"href":"https:\/\/fdartgallery.com\/index.php?rest_route=%2Fwp%2Fv2%2Fproduct_cat&post=2742"},{"taxonomy":"product_tag","embeddable":true,"href":"https:\/\/fdartgallery.com\/index.php?rest_route=%2Fwp%2Fv2%2Fproduct_tag&post=2742"}],"curies":[{"name":"wp","href":"https:\/\/api.w.org\/{rel}","templated":true}]}}