{"id":2745,"date":"2026-03-02T12:27:05","date_gmt":"2026-03-02T12:27:05","guid":{"rendered":"https:\/\/fdartgallery.com\/?post_type=product&#038;p=2745"},"modified":"2026-03-02T12:27:05","modified_gmt":"2026-03-02T12:27:05","slug":"kiz-kulesi","status":"publish","type":"product","link":"https:\/\/fdartgallery.com\/?product=kiz-kulesi","title":{"rendered":"&#8216;K\u0131z Kulesi&#8217;"},"content":{"rendered":"<p>\u0130stanbul\u2019un simgesi K\u0131z Kulesi, pembe erguvanlar\u0131n aras\u0131ndan masals\u0131 bir bak\u0131\u015fla sunulmu\u015f. Renklerin canl\u0131l\u0131\u011f\u0131 ve denizin huzuru, her bak\u0131\u015fta ferahl\u0131k hissi veriyor.<br \/>\n\u200bNerede Kullan\u0131l\u0131r? Salonun ana duvar\u0131, antreler veya \u015fehir temal\u0131 dekorasyonlar.<br \/>\n\u200bNas\u0131l As\u0131lmal\u0131? Tuvalin kenarlar\u0131na kadar devam eden renkleri sayesinde \u00e7er\u00e7evesiz kullan\u0131labilir ya da beyaz bir &#8220;box&#8221; \u00e7er\u00e7eve ile modern bir derinlik kazand\u0131r\u0131labilir.<\/p>\n","protected":false},"excerpt":{"rendered":"<p>&#8230;<\/p>\n","protected":false},"featured_media":2746,"comment_status":"open","ping_status":"closed","template":"","meta":[],"etheme_brands":[{"term_id":61,"name":"Fd Sanat Okulu","slug":"fd-sanat-okulu","term_group":0,"term_taxonomy_id":61,"taxonomy":"brand","description":"","parent":0,"count":173,"filter":"raw"}],"product_brand":[],"product_cat":[22,57],"product_tag":[],"class_list":{"0":"post-2745","1":"product","2":"type-product","3":"status-publish","4":"has-post-thumbnail","6":"brand-fd-sanat-okulu","7":"product_cat-acrylic","8":"product_cat-peyzaj","10":"first","11":"instock","12":"shipping-taxable","13":"purchasable","14":"product-type-simple"},"jetpack_sharing_enabled":true,"_links":{"self":[{"href":"https:\/\/fdartgallery.com\/index.php?rest_route=\/wp\/v2\/product\/2745","targetHints":{"allow":["GET"]}}],"collection":[{"href":"https:\/\/fdartgallery.com\/index.php?rest_route=\/wp\/v2\/product"}],"about":[{"href":"https:\/\/fdartgallery.com\/index.php?rest_route=\/wp\/v2\/types\/product"}],"replies":[{"embeddable":true,"href":"https:\/\/fdartgallery.com\/index.php?rest_route=%2Fwp%2Fv2%2Fcomments&post=2745"}],"version-history":[{"count":1,"href":"https:\/\/fdartgallery.com\/index.php?rest_route=\/wp\/v2\/product\/2745\/revisions"}],"predecessor-version":[{"id":2747,"href":"https:\/\/fdartgallery.com\/index.php?rest_route=\/wp\/v2\/product\/2745\/revisions\/2747"}],"wp:featuredmedia":[{"embeddable":true,"href":"https:\/\/fdartgallery.com\/index.php?rest_route=\/wp\/v2\/media\/2746"}],"wp:attachment":[{"href":"https:\/\/fdartgallery.com\/index.php?rest_route=%2Fwp%2Fv2%2Fmedia&parent=2745"}],"wp:term":[{"taxonomy":"brand","embeddable":true,"href":"https:\/\/fdartgallery.com\/index.php?rest_route=%2Fwp%2Fv2%2Fetheme_brands&post=2745"},{"taxonomy":"product_brand","embeddable":true,"href":"https:\/\/fdartgallery.com\/index.php?rest_route=%2Fwp%2Fv2%2Fproduct_brand&post=2745"},{"taxonomy":"product_cat","embeddable":true,"href":"https:\/\/fdartgallery.com\/index.php?rest_route=%2Fwp%2Fv2%2Fproduct_cat&post=2745"},{"taxonomy":"product_tag","embeddable":true,"href":"https:\/\/fdartgallery.com\/index.php?rest_route=%2Fwp%2Fv2%2Fproduct_tag&post=2745"}],"curies":[{"name":"wp","href":"https:\/\/api.w.org\/{rel}","templated":true}]}}