{"id":2751,"date":"2026-03-02T12:30:45","date_gmt":"2026-03-02T12:30:45","guid":{"rendered":"https:\/\/fdartgallery.com\/?post_type=product&#038;p=2751"},"modified":"2026-03-02T12:30:45","modified_gmt":"2026-03-02T12:30:45","slug":"recel","status":"publish","type":"product","link":"https:\/\/fdartgallery.com\/?product=recel","title":{"rendered":"&#8216;Re\u00e7el&#8217;"},"content":{"rendered":"<p>Sadeli\u011fin g\u00fczelli\u011fini yans\u0131tan bu nat\u00fcrmort, \u00fczerindeki ka\u011f\u0131t kapak detay\u0131yla el yap\u0131m\u0131 bir s\u0131cakl\u0131k sunuyor. Arka plandaki derin mavi, kavanozun dolgun rengini vurguluyor.<br \/>\n\u200bNerede Kullan\u0131l\u0131r? Kahvalt\u0131 k\u00f6\u015feleri, country tarz\u0131 mutfaklar veya k\u0131\u015f bah\u00e7eleri.<br \/>\n\u200bNas\u0131l As\u0131lmal\u0131? Orta boy bir tablo oldu\u011fu i\u00e7in mutfak raflar\u0131n\u0131n aras\u0131nda veya tezgah \u00fcst\u00fcne yaslanarak da olduk\u00e7a \u015f\u0131k duracakt\u0131r<\/p>\n","protected":false},"excerpt":{"rendered":"<p>&#8230;<\/p>\n","protected":false},"featured_media":2752,"comment_status":"open","ping_status":"closed","template":"","meta":[],"etheme_brands":[{"term_id":61,"name":"Fd Sanat Okulu","slug":"fd-sanat-okulu","term_group":0,"term_taxonomy_id":61,"taxonomy":"brand","description":"","parent":0,"count":173,"filter":"raw"}],"product_brand":[],"product_cat":[22,55],"product_tag":[],"class_list":{"0":"post-2751","1":"product","2":"type-product","3":"status-publish","4":"has-post-thumbnail","6":"brand-fd-sanat-okulu","7":"product_cat-acrylic","8":"product_cat-naturmont","10":"first","11":"instock","12":"shipping-taxable","13":"purchasable","14":"product-type-simple"},"jetpack_sharing_enabled":true,"_links":{"self":[{"href":"https:\/\/fdartgallery.com\/index.php?rest_route=\/wp\/v2\/product\/2751","targetHints":{"allow":["GET"]}}],"collection":[{"href":"https:\/\/fdartgallery.com\/index.php?rest_route=\/wp\/v2\/product"}],"about":[{"href":"https:\/\/fdartgallery.com\/index.php?rest_route=\/wp\/v2\/types\/product"}],"replies":[{"embeddable":true,"href":"https:\/\/fdartgallery.com\/index.php?rest_route=%2Fwp%2Fv2%2Fcomments&post=2751"}],"version-history":[{"count":1,"href":"https:\/\/fdartgallery.com\/index.php?rest_route=\/wp\/v2\/product\/2751\/revisions"}],"predecessor-version":[{"id":2753,"href":"https:\/\/fdartgallery.com\/index.php?rest_route=\/wp\/v2\/product\/2751\/revisions\/2753"}],"wp:featuredmedia":[{"embeddable":true,"href":"https:\/\/fdartgallery.com\/index.php?rest_route=\/wp\/v2\/media\/2752"}],"wp:attachment":[{"href":"https:\/\/fdartgallery.com\/index.php?rest_route=%2Fwp%2Fv2%2Fmedia&parent=2751"}],"wp:term":[{"taxonomy":"brand","embeddable":true,"href":"https:\/\/fdartgallery.com\/index.php?rest_route=%2Fwp%2Fv2%2Fetheme_brands&post=2751"},{"taxonomy":"product_brand","embeddable":true,"href":"https:\/\/fdartgallery.com\/index.php?rest_route=%2Fwp%2Fv2%2Fproduct_brand&post=2751"},{"taxonomy":"product_cat","embeddable":true,"href":"https:\/\/fdartgallery.com\/index.php?rest_route=%2Fwp%2Fv2%2Fproduct_cat&post=2751"},{"taxonomy":"product_tag","embeddable":true,"href":"https:\/\/fdartgallery.com\/index.php?rest_route=%2Fwp%2Fv2%2Fproduct_tag&post=2751"}],"curies":[{"name":"wp","href":"https:\/\/api.w.org\/{rel}","templated":true}]}}