{"id":2754,"date":"2026-03-02T12:32:15","date_gmt":"2026-03-02T12:32:15","guid":{"rendered":"https:\/\/fdartgallery.com\/?post_type=product&#038;p=2754"},"modified":"2026-03-02T12:32:15","modified_gmt":"2026-03-02T12:32:15","slug":"kirmizi-sogan","status":"publish","type":"product","link":"https:\/\/fdartgallery.com\/?product=kirmizi-sogan","title":{"rendered":"&#8216;K\u0131rm\u0131z\u0131 So\u011fan&#8217;"},"content":{"rendered":"<p>G\u00fcndelik bir objenin sanatsal bir objeye d\u00f6n\u00fc\u015f\u00fcm\u00fc. Derin bordo ve mor tonlar\u0131n\u0131n canl\u0131l\u0131\u011f\u0131, mutfa\u011f\u0131n\u0131za rustik bir zarafet katacak. Detaylardaki renk ge\u00e7i\u015fleri olduk\u00e7a sofistike.<br \/>\n\u200bNerede Kullan\u0131l\u0131r? Yemek odalar\u0131, rustik mutfak dekorasyonlar\u0131 veya kiler giri\u015fleri.<br \/>\n\u200bNas\u0131l As\u0131lmal\u0131? Ham ah\u015fap veya do\u011fal me\u015fe \u00e7er\u00e7evelerle eserin s\u0131cakl\u0131\u011f\u0131 desteklenebilir.<\/p>\n","protected":false},"excerpt":{"rendered":"<p>&#8230;<\/p>\n","protected":false},"featured_media":2755,"comment_status":"open","ping_status":"closed","template":"","meta":[],"etheme_brands":[{"term_id":61,"name":"Fd Sanat Okulu","slug":"fd-sanat-okulu","term_group":0,"term_taxonomy_id":61,"taxonomy":"brand","description":"","parent":0,"count":173,"filter":"raw"}],"product_brand":[],"product_cat":[43,76],"product_tag":[],"class_list":{"0":"post-2754","1":"product","2":"type-product","3":"status-publish","4":"has-post-thumbnail","6":"brand-fd-sanat-okulu","7":"product_cat-water-color","8":"product_cat-naturmont-konulu","10":"first","11":"instock","12":"shipping-taxable","13":"purchasable","14":"product-type-simple"},"jetpack_sharing_enabled":true,"_links":{"self":[{"href":"https:\/\/fdartgallery.com\/index.php?rest_route=\/wp\/v2\/product\/2754","targetHints":{"allow":["GET"]}}],"collection":[{"href":"https:\/\/fdartgallery.com\/index.php?rest_route=\/wp\/v2\/product"}],"about":[{"href":"https:\/\/fdartgallery.com\/index.php?rest_route=\/wp\/v2\/types\/product"}],"replies":[{"embeddable":true,"href":"https:\/\/fdartgallery.com\/index.php?rest_route=%2Fwp%2Fv2%2Fcomments&post=2754"}],"version-history":[{"count":1,"href":"https:\/\/fdartgallery.com\/index.php?rest_route=\/wp\/v2\/product\/2754\/revisions"}],"predecessor-version":[{"id":2756,"href":"https:\/\/fdartgallery.com\/index.php?rest_route=\/wp\/v2\/product\/2754\/revisions\/2756"}],"wp:featuredmedia":[{"embeddable":true,"href":"https:\/\/fdartgallery.com\/index.php?rest_route=\/wp\/v2\/media\/2755"}],"wp:attachment":[{"href":"https:\/\/fdartgallery.com\/index.php?rest_route=%2Fwp%2Fv2%2Fmedia&parent=2754"}],"wp:term":[{"taxonomy":"brand","embeddable":true,"href":"https:\/\/fdartgallery.com\/index.php?rest_route=%2Fwp%2Fv2%2Fetheme_brands&post=2754"},{"taxonomy":"product_brand","embeddable":true,"href":"https:\/\/fdartgallery.com\/index.php?rest_route=%2Fwp%2Fv2%2Fproduct_brand&post=2754"},{"taxonomy":"product_cat","embeddable":true,"href":"https:\/\/fdartgallery.com\/index.php?rest_route=%2Fwp%2Fv2%2Fproduct_cat&post=2754"},{"taxonomy":"product_tag","embeddable":true,"href":"https:\/\/fdartgallery.com\/index.php?rest_route=%2Fwp%2Fv2%2Fproduct_tag&post=2754"}],"curies":[{"name":"wp","href":"https:\/\/api.w.org\/{rel}","templated":true}]}}