{"id":2757,"date":"2026-03-02T12:33:46","date_gmt":"2026-03-02T12:33:46","guid":{"rendered":"https:\/\/fdartgallery.com\/?post_type=product&#038;p=2757"},"modified":"2026-03-02T12:33:46","modified_gmt":"2026-03-02T12:33:46","slug":"aslan","status":"publish","type":"product","link":"https:\/\/fdartgallery.com\/?product=aslan","title":{"rendered":"&#8216;Aslan&#8217;"},"content":{"rendered":"<p>Karakalemin t\u00fcm g\u00fcc\u00fcn\u00fc ve detay\u0131n\u0131 g\u00f6rebilece\u011finiz bir \u00e7al\u0131\u015fma. Aslan\u0131n yelelerindeki doku ve bak\u0131\u015flar\u0131ndaki derinlik, mekana liderlik ve g\u00fc\u00e7 simgesi olarak \u00e7ok yak\u0131\u015facak.<br \/>\n\u200bNerede Kullan\u0131l\u0131r? Y\u00f6netici ofisleri, k\u00fct\u00fcphaneler veya mask\u00fclen dekore edilmi\u015f oturma odalar\u0131.<br \/>\n\u200bNas\u0131l As\u0131lmal\u0131? Geni\u015f bir alanda, tek ba\u015f\u0131na odak noktas\u0131 olacak \u015fekilde, koyu gri veya siyah kal\u0131n bir \u00e7er\u00e7eveyle as\u0131lmal\u0131.<\/p>\n","protected":false},"excerpt":{"rendered":"<p>&#8230;<\/p>\n","protected":false},"featured_media":2758,"comment_status":"open","ping_status":"closed","template":"","meta":[],"etheme_brands":[{"term_id":61,"name":"Fd Sanat Okulu","slug":"fd-sanat-okulu","term_group":0,"term_taxonomy_id":61,"taxonomy":"brand","description":"","parent":0,"count":173,"filter":"raw"}],"product_brand":[],"product_cat":[40],"product_tag":[],"class_list":{"0":"post-2757","1":"product","2":"type-product","3":"status-publish","4":"has-post-thumbnail","6":"brand-fd-sanat-okulu","7":"product_cat-sketching","9":"first","10":"instock","11":"shipping-taxable","12":"purchasable","13":"product-type-simple"},"jetpack_sharing_enabled":true,"_links":{"self":[{"href":"https:\/\/fdartgallery.com\/index.php?rest_route=\/wp\/v2\/product\/2757","targetHints":{"allow":["GET"]}}],"collection":[{"href":"https:\/\/fdartgallery.com\/index.php?rest_route=\/wp\/v2\/product"}],"about":[{"href":"https:\/\/fdartgallery.com\/index.php?rest_route=\/wp\/v2\/types\/product"}],"replies":[{"embeddable":true,"href":"https:\/\/fdartgallery.com\/index.php?rest_route=%2Fwp%2Fv2%2Fcomments&post=2757"}],"version-history":[{"count":1,"href":"https:\/\/fdartgallery.com\/index.php?rest_route=\/wp\/v2\/product\/2757\/revisions"}],"predecessor-version":[{"id":2759,"href":"https:\/\/fdartgallery.com\/index.php?rest_route=\/wp\/v2\/product\/2757\/revisions\/2759"}],"wp:featuredmedia":[{"embeddable":true,"href":"https:\/\/fdartgallery.com\/index.php?rest_route=\/wp\/v2\/media\/2758"}],"wp:attachment":[{"href":"https:\/\/fdartgallery.com\/index.php?rest_route=%2Fwp%2Fv2%2Fmedia&parent=2757"}],"wp:term":[{"taxonomy":"brand","embeddable":true,"href":"https:\/\/fdartgallery.com\/index.php?rest_route=%2Fwp%2Fv2%2Fetheme_brands&post=2757"},{"taxonomy":"product_brand","embeddable":true,"href":"https:\/\/fdartgallery.com\/index.php?rest_route=%2Fwp%2Fv2%2Fproduct_brand&post=2757"},{"taxonomy":"product_cat","embeddable":true,"href":"https:\/\/fdartgallery.com\/index.php?rest_route=%2Fwp%2Fv2%2Fproduct_cat&post=2757"},{"taxonomy":"product_tag","embeddable":true,"href":"https:\/\/fdartgallery.com\/index.php?rest_route=%2Fwp%2Fv2%2Fproduct_tag&post=2757"}],"curies":[{"name":"wp","href":"https:\/\/api.w.org\/{rel}","templated":true}]}}