{"id":2760,"date":"2026-03-02T12:36:08","date_gmt":"2026-03-02T12:36:08","guid":{"rendered":"https:\/\/fdartgallery.com\/?post_type=product&#038;p=2760"},"modified":"2026-03-02T12:36:08","modified_gmt":"2026-03-02T12:36:08","slug":"gaz-lambasi","status":"publish","type":"product","link":"https:\/\/fdartgallery.com\/?product=gaz-lambasi","title":{"rendered":"&#8216;Gaz lambas\u0131&#8217;"},"content":{"rendered":"<p>I\u015f\u0131\u011f\u0131n karanl\u0131k \u00fczerindeki oyununu (Chiaroscuro) harika bir ustal\u0131kla i\u015fleyen bu eser, ge\u00e7mi\u015fe dair s\u0131cak bir \u00f6zlem bar\u0131nd\u0131r\u0131yor. Cam\u0131n \u00fczerindeki parlamalar ve yan\u0131ndaki anahtarlar, gizemli bir hikaye anlat\u0131yor.<br \/>\n\u200bNerede Kullan\u0131l\u0131r? Dinlenme k\u00f6\u015feleri, \u015f\u00f6mine \u00fcstleri veya klasik d\u00f6\u015fenmi\u015f \u00e7al\u0131\u015fma odalar\u0131.<br \/>\n\u200bNas\u0131l As\u0131lmal\u0131? Koyu renkli duvarlarda, yukar\u0131dan gelen ince bir spot \u0131\u015f\u0131\u011f\u0131 alt\u0131nda sergilenirse tablodaki \u0131\u015f\u0131k oyunu canlanacakt\u0131r.<\/p>\n","protected":false},"excerpt":{"rendered":"<p>&#8230;<\/p>\n","protected":false},"featured_media":2761,"comment_status":"open","ping_status":"closed","template":"","meta":[],"etheme_brands":[{"term_id":61,"name":"Fd Sanat Okulu","slug":"fd-sanat-okulu","term_group":0,"term_taxonomy_id":61,"taxonomy":"brand","description":"","parent":0,"count":173,"filter":"raw"}],"product_brand":[],"product_cat":[41,69],"product_tag":[],"class_list":{"0":"post-2760","1":"product","2":"type-product","3":"status-publish","4":"has-post-thumbnail","6":"brand-fd-sanat-okulu","7":"product_cat-oil","8":"product_cat-naturmont-oil","10":"first","11":"instock","12":"shipping-taxable","13":"purchasable","14":"product-type-simple"},"jetpack_sharing_enabled":true,"_links":{"self":[{"href":"https:\/\/fdartgallery.com\/index.php?rest_route=\/wp\/v2\/product\/2760","targetHints":{"allow":["GET"]}}],"collection":[{"href":"https:\/\/fdartgallery.com\/index.php?rest_route=\/wp\/v2\/product"}],"about":[{"href":"https:\/\/fdartgallery.com\/index.php?rest_route=\/wp\/v2\/types\/product"}],"replies":[{"embeddable":true,"href":"https:\/\/fdartgallery.com\/index.php?rest_route=%2Fwp%2Fv2%2Fcomments&post=2760"}],"version-history":[{"count":1,"href":"https:\/\/fdartgallery.com\/index.php?rest_route=\/wp\/v2\/product\/2760\/revisions"}],"predecessor-version":[{"id":2762,"href":"https:\/\/fdartgallery.com\/index.php?rest_route=\/wp\/v2\/product\/2760\/revisions\/2762"}],"wp:featuredmedia":[{"embeddable":true,"href":"https:\/\/fdartgallery.com\/index.php?rest_route=\/wp\/v2\/media\/2761"}],"wp:attachment":[{"href":"https:\/\/fdartgallery.com\/index.php?rest_route=%2Fwp%2Fv2%2Fmedia&parent=2760"}],"wp:term":[{"taxonomy":"brand","embeddable":true,"href":"https:\/\/fdartgallery.com\/index.php?rest_route=%2Fwp%2Fv2%2Fetheme_brands&post=2760"},{"taxonomy":"product_brand","embeddable":true,"href":"https:\/\/fdartgallery.com\/index.php?rest_route=%2Fwp%2Fv2%2Fproduct_brand&post=2760"},{"taxonomy":"product_cat","embeddable":true,"href":"https:\/\/fdartgallery.com\/index.php?rest_route=%2Fwp%2Fv2%2Fproduct_cat&post=2760"},{"taxonomy":"product_tag","embeddable":true,"href":"https:\/\/fdartgallery.com\/index.php?rest_route=%2Fwp%2Fv2%2Fproduct_tag&post=2760"}],"curies":[{"name":"wp","href":"https:\/\/api.w.org\/{rel}","templated":true}]}}