{"id":2763,"date":"2026-03-02T12:37:48","date_gmt":"2026-03-02T12:37:48","guid":{"rendered":"https:\/\/fdartgallery.com\/?post_type=product&#038;p=2763"},"modified":"2026-03-02T12:37:49","modified_gmt":"2026-03-02T12:37:49","slug":"winter","status":"publish","type":"product","link":"https:\/\/fdartgallery.com\/?product=winter","title":{"rendered":"&#8216;Winter&#8217;"},"content":{"rendered":"<p>G\u00fcn bat\u0131m\u0131n\u0131n s\u0131cak turuncu tonlar\u0131 ile karl\u0131 \u00e7amlar\u0131n so\u011fuk mavisinin m\u00fckemmel kontrast\u0131. Do\u011fan\u0131n sessizli\u011fini ve k\u0131\u015f\u0131n b\u00fcy\u00fcs\u00fcn\u00fc hissettiren, derinlik alg\u0131s\u0131 y\u00fcksek bir manzara.<br \/>\n\u200bNerede Kullan\u0131l\u0131r? \u015e\u00f6mine \u00fcst\u00fc, yatak odas\u0131 veya k\u0131\u015f bah\u00e7eleri.<br \/>\n\u200bNas\u0131l As\u0131lmal\u0131? Modern bir g\u00f6r\u00fcn\u00fcm i\u00e7in beyaz latal\u0131 bir \u00e7er\u00e7eve tercih edilebilir. So\u011fuk tonlu duvarlarda harika bir odak noktas\u0131 olur.<\/p>\n","protected":false},"excerpt":{"rendered":"<p>&#8230;<\/p>\n","protected":false},"featured_media":2764,"comment_status":"open","ping_status":"closed","template":"","meta":[],"etheme_brands":[],"product_brand":[],"product_cat":[22,57],"product_tag":[],"class_list":{"0":"post-2763","1":"product","2":"type-product","3":"status-publish","4":"has-post-thumbnail","6":"product_cat-acrylic","7":"product_cat-peyzaj","9":"first","10":"instock","11":"shipping-taxable","12":"purchasable","13":"product-type-simple"},"jetpack_sharing_enabled":true,"_links":{"self":[{"href":"https:\/\/fdartgallery.com\/index.php?rest_route=\/wp\/v2\/product\/2763","targetHints":{"allow":["GET"]}}],"collection":[{"href":"https:\/\/fdartgallery.com\/index.php?rest_route=\/wp\/v2\/product"}],"about":[{"href":"https:\/\/fdartgallery.com\/index.php?rest_route=\/wp\/v2\/types\/product"}],"replies":[{"embeddable":true,"href":"https:\/\/fdartgallery.com\/index.php?rest_route=%2Fwp%2Fv2%2Fcomments&post=2763"}],"version-history":[{"count":1,"href":"https:\/\/fdartgallery.com\/index.php?rest_route=\/wp\/v2\/product\/2763\/revisions"}],"predecessor-version":[{"id":2765,"href":"https:\/\/fdartgallery.com\/index.php?rest_route=\/wp\/v2\/product\/2763\/revisions\/2765"}],"wp:featuredmedia":[{"embeddable":true,"href":"https:\/\/fdartgallery.com\/index.php?rest_route=\/wp\/v2\/media\/2764"}],"wp:attachment":[{"href":"https:\/\/fdartgallery.com\/index.php?rest_route=%2Fwp%2Fv2%2Fmedia&parent=2763"}],"wp:term":[{"taxonomy":"brand","embeddable":true,"href":"https:\/\/fdartgallery.com\/index.php?rest_route=%2Fwp%2Fv2%2Fetheme_brands&post=2763"},{"taxonomy":"product_brand","embeddable":true,"href":"https:\/\/fdartgallery.com\/index.php?rest_route=%2Fwp%2Fv2%2Fproduct_brand&post=2763"},{"taxonomy":"product_cat","embeddable":true,"href":"https:\/\/fdartgallery.com\/index.php?rest_route=%2Fwp%2Fv2%2Fproduct_cat&post=2763"},{"taxonomy":"product_tag","embeddable":true,"href":"https:\/\/fdartgallery.com\/index.php?rest_route=%2Fwp%2Fv2%2Fproduct_tag&post=2763"}],"curies":[{"name":"wp","href":"https:\/\/api.w.org\/{rel}","templated":true}]}}