{"id":2766,"date":"2026-03-02T12:39:36","date_gmt":"2026-03-02T12:39:36","guid":{"rendered":"https:\/\/fdartgallery.com\/?post_type=product&#038;p=2766"},"modified":"2026-03-02T12:39:36","modified_gmt":"2026-03-02T12:39:36","slug":"doganin-sarkisi","status":"publish","type":"product","link":"https:\/\/fdartgallery.com\/?product=doganin-sarkisi","title":{"rendered":"&#8216;Do\u011fan\u0131n \u015eark\u0131s\u0131&#8217;"},"content":{"rendered":"<p>Alt\u0131n sar\u0131s\u0131 ekin tarlalar\u0131, k\u0131rm\u0131z\u0131 gelincikler ve uzaklardaki mavi da\u011flar&#8230; Akdeniz veya Toskana esintilerini evinize ta\u015f\u0131yan, renk paleti olduk\u00e7a zengin bir \u00e7al\u0131\u015fma.<br \/>\n\u200bNerede Kullan\u0131l\u0131r? Mutfak ge\u00e7i\u015fleri, yazl\u0131k evler veya ayd\u0131nl\u0131k koridorlar.<br \/>\n\u200bNas\u0131l As\u0131lmal\u0131? \u0130nce alt\u0131n varakl\u0131 veya sade sar\u0131 bir \u00e7er\u00e7eve, tarladaki g\u00fcne\u015f etkisini peki\u015ftirecektir.<\/p>\n","protected":false},"excerpt":{"rendered":"<p>&#8230;<\/p>\n","protected":false},"featured_media":2767,"comment_status":"open","ping_status":"closed","template":"","meta":[],"etheme_brands":[{"term_id":61,"name":"Fd Sanat Okulu","slug":"fd-sanat-okulu","term_group":0,"term_taxonomy_id":61,"taxonomy":"brand","description":"","parent":0,"count":173,"filter":"raw"}],"product_brand":[],"product_cat":[22,57],"product_tag":[],"class_list":{"0":"post-2766","1":"product","2":"type-product","3":"status-publish","4":"has-post-thumbnail","6":"brand-fd-sanat-okulu","7":"product_cat-acrylic","8":"product_cat-peyzaj","10":"first","11":"instock","12":"shipping-taxable","13":"purchasable","14":"product-type-simple"},"jetpack_sharing_enabled":true,"_links":{"self":[{"href":"https:\/\/fdartgallery.com\/index.php?rest_route=\/wp\/v2\/product\/2766","targetHints":{"allow":["GET"]}}],"collection":[{"href":"https:\/\/fdartgallery.com\/index.php?rest_route=\/wp\/v2\/product"}],"about":[{"href":"https:\/\/fdartgallery.com\/index.php?rest_route=\/wp\/v2\/types\/product"}],"replies":[{"embeddable":true,"href":"https:\/\/fdartgallery.com\/index.php?rest_route=%2Fwp%2Fv2%2Fcomments&post=2766"}],"version-history":[{"count":1,"href":"https:\/\/fdartgallery.com\/index.php?rest_route=\/wp\/v2\/product\/2766\/revisions"}],"predecessor-version":[{"id":2768,"href":"https:\/\/fdartgallery.com\/index.php?rest_route=\/wp\/v2\/product\/2766\/revisions\/2768"}],"wp:featuredmedia":[{"embeddable":true,"href":"https:\/\/fdartgallery.com\/index.php?rest_route=\/wp\/v2\/media\/2767"}],"wp:attachment":[{"href":"https:\/\/fdartgallery.com\/index.php?rest_route=%2Fwp%2Fv2%2Fmedia&parent=2766"}],"wp:term":[{"taxonomy":"brand","embeddable":true,"href":"https:\/\/fdartgallery.com\/index.php?rest_route=%2Fwp%2Fv2%2Fetheme_brands&post=2766"},{"taxonomy":"product_brand","embeddable":true,"href":"https:\/\/fdartgallery.com\/index.php?rest_route=%2Fwp%2Fv2%2Fproduct_brand&post=2766"},{"taxonomy":"product_cat","embeddable":true,"href":"https:\/\/fdartgallery.com\/index.php?rest_route=%2Fwp%2Fv2%2Fproduct_cat&post=2766"},{"taxonomy":"product_tag","embeddable":true,"href":"https:\/\/fdartgallery.com\/index.php?rest_route=%2Fwp%2Fv2%2Fproduct_tag&post=2766"}],"curies":[{"name":"wp","href":"https:\/\/api.w.org\/{rel}","templated":true}]}}