{"id":2772,"date":"2026-03-02T12:43:09","date_gmt":"2026-03-02T12:43:09","guid":{"rendered":"https:\/\/fdartgallery.com\/?post_type=product&#038;p=2772"},"modified":"2026-03-13T21:32:24","modified_gmt":"2026-03-13T21:32:24","slug":"agil","status":"publish","type":"product","link":"https:\/\/fdartgallery.com\/?product=agil","title":{"rendered":"&#8216;A\u011f\u0131l&#8217;"},"content":{"rendered":"<p>Bahar\u0131n ve g\u00fcne\u015fin enerjisini ta\u015f\u0131yan bu \u00e7al\u0131\u015fma, devasa sar\u0131 \u00e7i\u00e7ekli a\u011fac\u0131yla adeta oday\u0131 ayd\u0131nlat\u0131yor. Beyaz a\u011f\u0131l ve \u00f6n\u00fcndeki at fig\u00fcr\u00fc, izleyiciye huzurlu bir ta\u015fra masal\u0131 anlat\u0131yor.<br \/>\n\u200bNerede Kullan\u0131l\u0131r? Antre, oturma odas\u0131 veya g\u00fcn \u0131\u015f\u0131\u011f\u0131 alan yemek b\u00f6l\u00fcmleri.<br \/>\n\u200bNas\u0131l As\u0131lmal\u0131? Rustik bir hava yaratmak i\u00e7in eskitme ah\u015fap \u00e7er\u00e7eve kullan\u0131labilir. Geni\u015f duvarlarda tek ba\u015f\u0131na sergilendi\u011finde t\u00fcm dikkati \u00fczerine \u00e7eker.<\/p>\n","protected":false},"excerpt":{"rendered":"<p>&#8230;<\/p>\n","protected":false},"featured_media":2773,"comment_status":"open","ping_status":"closed","template":"","meta":[],"etheme_brands":[{"term_id":61,"name":"Fd Sanat Okulu","slug":"fd-sanat-okulu","term_group":0,"term_taxonomy_id":61,"taxonomy":"brand","description":"","parent":0,"count":173,"filter":"raw"}],"product_brand":[],"product_cat":[22,57],"product_tag":[],"class_list":{"0":"post-2772","1":"product","2":"type-product","3":"status-publish","4":"has-post-thumbnail","6":"brand-fd-sanat-okulu","7":"product_cat-acrylic","8":"product_cat-peyzaj","10":"first","11":"instock","12":"shipping-taxable","13":"purchasable","14":"product-type-simple"},"jetpack_sharing_enabled":true,"_links":{"self":[{"href":"https:\/\/fdartgallery.com\/index.php?rest_route=\/wp\/v2\/product\/2772","targetHints":{"allow":["GET"]}}],"collection":[{"href":"https:\/\/fdartgallery.com\/index.php?rest_route=\/wp\/v2\/product"}],"about":[{"href":"https:\/\/fdartgallery.com\/index.php?rest_route=\/wp\/v2\/types\/product"}],"replies":[{"embeddable":true,"href":"https:\/\/fdartgallery.com\/index.php?rest_route=%2Fwp%2Fv2%2Fcomments&post=2772"}],"version-history":[{"count":1,"href":"https:\/\/fdartgallery.com\/index.php?rest_route=\/wp\/v2\/product\/2772\/revisions"}],"predecessor-version":[{"id":2774,"href":"https:\/\/fdartgallery.com\/index.php?rest_route=\/wp\/v2\/product\/2772\/revisions\/2774"}],"wp:featuredmedia":[{"embeddable":true,"href":"https:\/\/fdartgallery.com\/index.php?rest_route=\/wp\/v2\/media\/2773"}],"wp:attachment":[{"href":"https:\/\/fdartgallery.com\/index.php?rest_route=%2Fwp%2Fv2%2Fmedia&parent=2772"}],"wp:term":[{"taxonomy":"brand","embeddable":true,"href":"https:\/\/fdartgallery.com\/index.php?rest_route=%2Fwp%2Fv2%2Fetheme_brands&post=2772"},{"taxonomy":"product_brand","embeddable":true,"href":"https:\/\/fdartgallery.com\/index.php?rest_route=%2Fwp%2Fv2%2Fproduct_brand&post=2772"},{"taxonomy":"product_cat","embeddable":true,"href":"https:\/\/fdartgallery.com\/index.php?rest_route=%2Fwp%2Fv2%2Fproduct_cat&post=2772"},{"taxonomy":"product_tag","embeddable":true,"href":"https:\/\/fdartgallery.com\/index.php?rest_route=%2Fwp%2Fv2%2Fproduct_tag&post=2772"}],"curies":[{"name":"wp","href":"https:\/\/api.w.org\/{rel}","templated":true}]}}