{"id":2775,"date":"2026-03-02T12:45:04","date_gmt":"2026-03-02T12:45:04","guid":{"rendered":"https:\/\/fdartgallery.com\/?post_type=product&#038;p=2775"},"modified":"2026-03-02T12:45:04","modified_gmt":"2026-03-02T12:45:04","slug":"zurafa","status":"publish","type":"product","link":"https:\/\/fdartgallery.com\/?product=zurafa","title":{"rendered":"&#8216;Z\u00fcrafa&#8217;"},"content":{"rendered":"<p>Bu kez daha yak\u0131n bir kadrajla asaletini sergileyen bir z\u00fcrafa portresi. Deri dokusu ve benek detaylar\u0131, siyah-beyaz\u0131n zamans\u0131z \u015f\u0131kl\u0131\u011f\u0131yla birle\u015ferek grafik bir etki yarat\u0131yor.<br \/>\n\u200bNerede Kullan\u0131l\u0131r? \u00c7al\u0131\u015fma odalar\u0131, modern apartman giri\u015fleri veya galeri duvarlar\u0131.<br \/>\n\u200bNas\u0131l As\u0131lmal\u0131? Di\u011fer siyah-beyaz \u00e7izimlerle bir grup olu\u015fturacak \u015fekilde, ince siyah metal \u00e7er\u00e7eveyle as\u0131labilir.<\/p>\n","protected":false},"excerpt":{"rendered":"<p>&#8230;<\/p>\n","protected":false},"featured_media":2777,"comment_status":"open","ping_status":"closed","template":"","meta":[],"etheme_brands":[{"term_id":61,"name":"Fd Sanat Okulu","slug":"fd-sanat-okulu","term_group":0,"term_taxonomy_id":61,"taxonomy":"brand","description":"","parent":0,"count":173,"filter":"raw"}],"product_brand":[],"product_cat":[40],"product_tag":[],"class_list":{"0":"post-2775","1":"product","2":"type-product","3":"status-publish","4":"has-post-thumbnail","6":"brand-fd-sanat-okulu","7":"product_cat-sketching","9":"first","10":"instock","11":"shipping-taxable","12":"purchasable","13":"product-type-simple"},"jetpack_sharing_enabled":true,"_links":{"self":[{"href":"https:\/\/fdartgallery.com\/index.php?rest_route=\/wp\/v2\/product\/2775","targetHints":{"allow":["GET"]}}],"collection":[{"href":"https:\/\/fdartgallery.com\/index.php?rest_route=\/wp\/v2\/product"}],"about":[{"href":"https:\/\/fdartgallery.com\/index.php?rest_route=\/wp\/v2\/types\/product"}],"replies":[{"embeddable":true,"href":"https:\/\/fdartgallery.com\/index.php?rest_route=%2Fwp%2Fv2%2Fcomments&post=2775"}],"version-history":[{"count":1,"href":"https:\/\/fdartgallery.com\/index.php?rest_route=\/wp\/v2\/product\/2775\/revisions"}],"predecessor-version":[{"id":2778,"href":"https:\/\/fdartgallery.com\/index.php?rest_route=\/wp\/v2\/product\/2775\/revisions\/2778"}],"wp:featuredmedia":[{"embeddable":true,"href":"https:\/\/fdartgallery.com\/index.php?rest_route=\/wp\/v2\/media\/2777"}],"wp:attachment":[{"href":"https:\/\/fdartgallery.com\/index.php?rest_route=%2Fwp%2Fv2%2Fmedia&parent=2775"}],"wp:term":[{"taxonomy":"brand","embeddable":true,"href":"https:\/\/fdartgallery.com\/index.php?rest_route=%2Fwp%2Fv2%2Fetheme_brands&post=2775"},{"taxonomy":"product_brand","embeddable":true,"href":"https:\/\/fdartgallery.com\/index.php?rest_route=%2Fwp%2Fv2%2Fproduct_brand&post=2775"},{"taxonomy":"product_cat","embeddable":true,"href":"https:\/\/fdartgallery.com\/index.php?rest_route=%2Fwp%2Fv2%2Fproduct_cat&post=2775"},{"taxonomy":"product_tag","embeddable":true,"href":"https:\/\/fdartgallery.com\/index.php?rest_route=%2Fwp%2Fv2%2Fproduct_tag&post=2775"}],"curies":[{"name":"wp","href":"https:\/\/api.w.org\/{rel}","templated":true}]}}