{"id":2779,"date":"2026-03-02T12:48:32","date_gmt":"2026-03-02T12:48:32","guid":{"rendered":"https:\/\/fdartgallery.com\/?post_type=product&#038;p=2779"},"modified":"2026-03-02T12:48:32","modified_gmt":"2026-03-02T12:48:32","slug":"in-europe","status":"publish","type":"product","link":"https:\/\/fdartgallery.com\/?product=in-europe","title":{"rendered":"&#8216;\u0130n Europe&#8217;"},"content":{"rendered":"<p>Kur\u015fun kalem ve f\u00fczenin dramatik dans\u0131yla \u015fekillenen bu \u00e7al\u0131\u015fma, sizi \u015fehrin kalabal\u0131\u011f\u0131ndan kopar\u0131p o huzurlu, serin gece y\u00fcr\u00fcy\u00fc\u015f\u00fcne davet ediyor. Sanat\u00e7\u0131n\u0131n \u0131\u015f\u0131k ve g\u00f6lge dengesindeki ustal\u0131\u011f\u0131, ta\u015f k\u00f6pr\u00fcn\u00fcn dokusundan pencerelerden s\u0131zan c\u0131l\u0131z \u0131\u015f\u0131klara kadar her detayda hissediliyor. Sadece bir manzara de\u011fil, ayn\u0131 zamanda nostaljik bir \u00f6zlemin ka\u011f\u0131da d\u00f6k\u00fclm\u00fc\u015f hali olan bu eser; \u00e7al\u0131\u015fma odan\u0131za veya salonunuza derinlik ve entelekt\u00fcel bir dinginlik katmak i\u00e7in tasarland\u0131.<\/p>\n","protected":false},"excerpt":{"rendered":"<p>&#8230;<\/p>\n","protected":false},"featured_media":2780,"comment_status":"open","ping_status":"closed","template":"","meta":[],"etheme_brands":[{"term_id":61,"name":"Fd Sanat Okulu","slug":"fd-sanat-okulu","term_group":0,"term_taxonomy_id":61,"taxonomy":"brand","description":"","parent":0,"count":173,"filter":"raw"}],"product_brand":[],"product_cat":[40],"product_tag":[],"class_list":{"0":"post-2779","1":"product","2":"type-product","3":"status-publish","4":"has-post-thumbnail","6":"brand-fd-sanat-okulu","7":"product_cat-sketching","9":"first","10":"instock","11":"shipping-taxable","12":"purchasable","13":"product-type-simple"},"jetpack_sharing_enabled":true,"_links":{"self":[{"href":"https:\/\/fdartgallery.com\/index.php?rest_route=\/wp\/v2\/product\/2779","targetHints":{"allow":["GET"]}}],"collection":[{"href":"https:\/\/fdartgallery.com\/index.php?rest_route=\/wp\/v2\/product"}],"about":[{"href":"https:\/\/fdartgallery.com\/index.php?rest_route=\/wp\/v2\/types\/product"}],"replies":[{"embeddable":true,"href":"https:\/\/fdartgallery.com\/index.php?rest_route=%2Fwp%2Fv2%2Fcomments&post=2779"}],"version-history":[{"count":1,"href":"https:\/\/fdartgallery.com\/index.php?rest_route=\/wp\/v2\/product\/2779\/revisions"}],"predecessor-version":[{"id":2781,"href":"https:\/\/fdartgallery.com\/index.php?rest_route=\/wp\/v2\/product\/2779\/revisions\/2781"}],"wp:featuredmedia":[{"embeddable":true,"href":"https:\/\/fdartgallery.com\/index.php?rest_route=\/wp\/v2\/media\/2780"}],"wp:attachment":[{"href":"https:\/\/fdartgallery.com\/index.php?rest_route=%2Fwp%2Fv2%2Fmedia&parent=2779"}],"wp:term":[{"taxonomy":"brand","embeddable":true,"href":"https:\/\/fdartgallery.com\/index.php?rest_route=%2Fwp%2Fv2%2Fetheme_brands&post=2779"},{"taxonomy":"product_brand","embeddable":true,"href":"https:\/\/fdartgallery.com\/index.php?rest_route=%2Fwp%2Fv2%2Fproduct_brand&post=2779"},{"taxonomy":"product_cat","embeddable":true,"href":"https:\/\/fdartgallery.com\/index.php?rest_route=%2Fwp%2Fv2%2Fproduct_cat&post=2779"},{"taxonomy":"product_tag","embeddable":true,"href":"https:\/\/fdartgallery.com\/index.php?rest_route=%2Fwp%2Fv2%2Fproduct_tag&post=2779"}],"curies":[{"name":"wp","href":"https:\/\/api.w.org\/{rel}","templated":true}]}}