{"id":2785,"date":"2026-03-02T12:51:48","date_gmt":"2026-03-02T12:51:48","guid":{"rendered":"https:\/\/fdartgallery.com\/?post_type=product&#038;p=2785"},"modified":"2026-03-02T12:51:48","modified_gmt":"2026-03-02T12:51:48","slug":"limonlar","status":"publish","type":"product","link":"https:\/\/fdartgallery.com\/?product=limonlar","title":{"rendered":"&#8216;Limonlar&#8217;"},"content":{"rendered":"<p>\u200b&#8221;Mutfak veya yemek alan\u0131n\u0131za taze bir soluk, enerjik bir dokunu\u015f katmaya ne dersiniz? Bu nat\u00fcrmort \u00e7al\u0131\u015fma, sadece iki limonu de\u011fil, g\u00fcne\u015fin s\u0131cakl\u0131\u011f\u0131n\u0131 ve do\u011fan\u0131n canl\u0131l\u0131\u011f\u0131n\u0131 temsil ediyor. F\u0131r\u00e7a darbelerindeki doku (impasto) ve yapraklardaki derin ye\u015fil tonlar\u0131, esere \u00fc\u00e7 boyutlu bir ger\u00e7eklik kazand\u0131r\u0131yor. Modern ama s\u0131cak bir dekorasyon anlay\u0131\u015f\u0131n\u0131 benimseyenler i\u00e7in ideal olan bu tablo, her bakt\u0131\u011f\u0131n\u0131zda size do\u011fan\u0131n safl\u0131\u011f\u0131n\u0131 ve ya\u015fam enerjisini hat\u0131rlatacak.&#8221;<\/p>\n","protected":false},"excerpt":{"rendered":"<p>&#8230;<\/p>\n","protected":false},"featured_media":2786,"comment_status":"open","ping_status":"closed","template":"","meta":[],"etheme_brands":[],"product_brand":[],"product_cat":[22,55],"product_tag":[],"class_list":{"0":"post-2785","1":"product","2":"type-product","3":"status-publish","4":"has-post-thumbnail","6":"product_cat-acrylic","7":"product_cat-naturmont","9":"first","10":"instock","11":"shipping-taxable","12":"purchasable","13":"product-type-simple"},"jetpack_sharing_enabled":true,"_links":{"self":[{"href":"https:\/\/fdartgallery.com\/index.php?rest_route=\/wp\/v2\/product\/2785","targetHints":{"allow":["GET"]}}],"collection":[{"href":"https:\/\/fdartgallery.com\/index.php?rest_route=\/wp\/v2\/product"}],"about":[{"href":"https:\/\/fdartgallery.com\/index.php?rest_route=\/wp\/v2\/types\/product"}],"replies":[{"embeddable":true,"href":"https:\/\/fdartgallery.com\/index.php?rest_route=%2Fwp%2Fv2%2Fcomments&post=2785"}],"version-history":[{"count":1,"href":"https:\/\/fdartgallery.com\/index.php?rest_route=\/wp\/v2\/product\/2785\/revisions"}],"predecessor-version":[{"id":2787,"href":"https:\/\/fdartgallery.com\/index.php?rest_route=\/wp\/v2\/product\/2785\/revisions\/2787"}],"wp:featuredmedia":[{"embeddable":true,"href":"https:\/\/fdartgallery.com\/index.php?rest_route=\/wp\/v2\/media\/2786"}],"wp:attachment":[{"href":"https:\/\/fdartgallery.com\/index.php?rest_route=%2Fwp%2Fv2%2Fmedia&parent=2785"}],"wp:term":[{"taxonomy":"brand","embeddable":true,"href":"https:\/\/fdartgallery.com\/index.php?rest_route=%2Fwp%2Fv2%2Fetheme_brands&post=2785"},{"taxonomy":"product_brand","embeddable":true,"href":"https:\/\/fdartgallery.com\/index.php?rest_route=%2Fwp%2Fv2%2Fproduct_brand&post=2785"},{"taxonomy":"product_cat","embeddable":true,"href":"https:\/\/fdartgallery.com\/index.php?rest_route=%2Fwp%2Fv2%2Fproduct_cat&post=2785"},{"taxonomy":"product_tag","embeddable":true,"href":"https:\/\/fdartgallery.com\/index.php?rest_route=%2Fwp%2Fv2%2Fproduct_tag&post=2785"}],"curies":[{"name":"wp","href":"https:\/\/api.w.org\/{rel}","templated":true}]}}