{"id":2870,"date":"2026-03-07T21:16:56","date_gmt":"2026-03-07T21:16:56","guid":{"rendered":"https:\/\/fdartgallery.com\/?post_type=product&#038;p=2870"},"modified":"2026-03-09T14:08:34","modified_gmt":"2026-03-09T14:08:34","slug":"ocaliptus","status":"publish","type":"product","link":"https:\/\/fdartgallery.com\/?product=ocaliptus","title":{"rendered":"&#8220;Ocaliptus&#8221;"},"content":{"rendered":"<blockquote><p>Sulu boyan\u0131n katmanl\u0131 yap\u0131s\u0131n\u0131 en g\u00fczel g\u00f6steren botanik bir \u00e7al\u0131\u015fma. Farkl\u0131 ye\u015fil ve f\u00fcme tonlar\u0131n\u0131n i\u00e7 i\u00e7e ge\u00e7ti\u011fi bu okalipt\u00fcs dallar\u0131, mekana do\u011fal bir ferahl\u0131k kat\u0131yor. G\u00f6lgeli ge\u00e7i\u015fleri sayesinde derinlik alg\u0131s\u0131 yaratan bu par\u00e7a, do\u011fan\u0131n iyile\u015ftirici g\u00fcc\u00fcn\u00fc duvar\u0131n\u0131za ta\u015f\u0131yor.<\/p>\n<p>\u200bKullan\u0131m Alanlar\u0131:<\/p>\n<p>\u200bBanyoda &#8220;spa&#8221; havas\u0131 yaratmak ve ferahl\u0131k hissini peki\u015ftirmek i\u00e7in.<\/p>\n<p>\u200bMutfak k\u00f6\u015felerinde veya yemek masas\u0131 yak\u0131n\u0131nda taze bir g\u00f6r\u00fcn\u00fcm i\u00e7in.<\/p>\n<p style=\"text-align: left\">\u200bGaleri duvar\u0131 (farkl\u0131 tablolar\u0131n bir arada oldu\u011fu duvarlar) olu\u015fturmak i\u00e7in m\u00fckemmel bir tamamlay\u0131c\u0131.<\/p>\n<\/blockquote>\n","protected":false},"excerpt":{"rendered":"<p>&#8230;<\/p>\n","protected":false},"featured_media":2871,"comment_status":"open","ping_status":"closed","template":"","meta":[],"etheme_brands":[{"term_id":61,"name":"Fd Sanat Okulu","slug":"fd-sanat-okulu","term_group":0,"term_taxonomy_id":61,"taxonomy":"brand","description":"","parent":0,"count":173,"filter":"raw"}],"product_brand":[],"product_cat":[43,73],"product_tag":[],"class_list":{"0":"post-2870","1":"product","2":"type-product","3":"status-publish","4":"has-post-thumbnail","6":"brand-fd-sanat-okulu","7":"product_cat-water-color","8":"product_cat-vazoda-cicekler-konulu","10":"first","11":"instock","12":"shipping-taxable","13":"purchasable","14":"product-type-simple"},"jetpack_sharing_enabled":true,"_links":{"self":[{"href":"https:\/\/fdartgallery.com\/index.php?rest_route=\/wp\/v2\/product\/2870","targetHints":{"allow":["GET"]}}],"collection":[{"href":"https:\/\/fdartgallery.com\/index.php?rest_route=\/wp\/v2\/product"}],"about":[{"href":"https:\/\/fdartgallery.com\/index.php?rest_route=\/wp\/v2\/types\/product"}],"replies":[{"embeddable":true,"href":"https:\/\/fdartgallery.com\/index.php?rest_route=%2Fwp%2Fv2%2Fcomments&post=2870"}],"version-history":[{"count":1,"href":"https:\/\/fdartgallery.com\/index.php?rest_route=\/wp\/v2\/product\/2870\/revisions"}],"predecessor-version":[{"id":2872,"href":"https:\/\/fdartgallery.com\/index.php?rest_route=\/wp\/v2\/product\/2870\/revisions\/2872"}],"wp:featuredmedia":[{"embeddable":true,"href":"https:\/\/fdartgallery.com\/index.php?rest_route=\/wp\/v2\/media\/2871"}],"wp:attachment":[{"href":"https:\/\/fdartgallery.com\/index.php?rest_route=%2Fwp%2Fv2%2Fmedia&parent=2870"}],"wp:term":[{"taxonomy":"brand","embeddable":true,"href":"https:\/\/fdartgallery.com\/index.php?rest_route=%2Fwp%2Fv2%2Fetheme_brands&post=2870"},{"taxonomy":"product_brand","embeddable":true,"href":"https:\/\/fdartgallery.com\/index.php?rest_route=%2Fwp%2Fv2%2Fproduct_brand&post=2870"},{"taxonomy":"product_cat","embeddable":true,"href":"https:\/\/fdartgallery.com\/index.php?rest_route=%2Fwp%2Fv2%2Fproduct_cat&post=2870"},{"taxonomy":"product_tag","embeddable":true,"href":"https:\/\/fdartgallery.com\/index.php?rest_route=%2Fwp%2Fv2%2Fproduct_tag&post=2870"}],"curies":[{"name":"wp","href":"https:\/\/api.w.org\/{rel}","templated":true}]}}