{"id":2873,"date":"2026-03-07T21:18:13","date_gmt":"2026-03-07T21:18:13","guid":{"rendered":"https:\/\/fdartgallery.com\/?post_type=product&#038;p=2873"},"modified":"2026-03-07T21:18:13","modified_gmt":"2026-03-07T21:18:13","slug":"tulips","status":"publish","type":"product","link":"https:\/\/fdartgallery.com\/?product=tulips","title":{"rendered":"&#8220;Tulips&#8221;"},"content":{"rendered":"<p>Do\u011fada nadir bulunan mavi rengi, lalelerin zarafetiyle birle\u015ftirdik. \u0130nce f\u0131r\u00e7a darbeleriyle hayat bulan bu \u00e7i\u00e7ekler, sadeli\u011fin en \u015f\u0131k halini temsil ediyor. Yapraklar\u0131ndaki derin ye\u015fil ve mavi tonlar\u0131, ya\u015fam alan\u0131n\u0131za hem taze hem de sofistike bir dokunu\u015f katacak.<\/p>\n<p>\u200bKullan\u0131m Alanlar\u0131:<\/p>\n<p>\u200bGiri\u015f hol\u00fcnde misafirleri kar\u015f\u0131layan zarif bir kar\u015f\u0131lama par\u00e7as\u0131 olarak.<\/p>\n<p>\u200bBeyaz veya ah\u015fap a\u011f\u0131rl\u0131kl\u0131 mobilyalarla kontrast yaratmak i\u00e7in raflarda.<\/p>\n<blockquote><p>\u200bDo\u011fay\u0131 seven dostlar i\u00e7in zamans\u0131z ve \u00f6zel bir hediye se\u00e7ene\u011fi.<\/p><\/blockquote>\n","protected":false},"excerpt":{"rendered":"<blockquote><p>&nbsp;<\/p><\/blockquote>\n","protected":false},"featured_media":2874,"comment_status":"open","ping_status":"closed","template":"","meta":[],"etheme_brands":[{"term_id":61,"name":"Fd Sanat Okulu","slug":"fd-sanat-okulu","term_group":0,"term_taxonomy_id":61,"taxonomy":"brand","description":"","parent":0,"count":173,"filter":"raw"}],"product_brand":[],"product_cat":[43,73],"product_tag":[],"class_list":{"0":"post-2873","1":"product","2":"type-product","3":"status-publish","4":"has-post-thumbnail","6":"brand-fd-sanat-okulu","7":"product_cat-water-color","8":"product_cat-vazoda-cicekler-konulu","10":"first","11":"instock","12":"shipping-taxable","13":"purchasable","14":"product-type-simple"},"jetpack_sharing_enabled":true,"_links":{"self":[{"href":"https:\/\/fdartgallery.com\/index.php?rest_route=\/wp\/v2\/product\/2873","targetHints":{"allow":["GET"]}}],"collection":[{"href":"https:\/\/fdartgallery.com\/index.php?rest_route=\/wp\/v2\/product"}],"about":[{"href":"https:\/\/fdartgallery.com\/index.php?rest_route=\/wp\/v2\/types\/product"}],"replies":[{"embeddable":true,"href":"https:\/\/fdartgallery.com\/index.php?rest_route=%2Fwp%2Fv2%2Fcomments&post=2873"}],"version-history":[{"count":1,"href":"https:\/\/fdartgallery.com\/index.php?rest_route=\/wp\/v2\/product\/2873\/revisions"}],"predecessor-version":[{"id":2875,"href":"https:\/\/fdartgallery.com\/index.php?rest_route=\/wp\/v2\/product\/2873\/revisions\/2875"}],"wp:featuredmedia":[{"embeddable":true,"href":"https:\/\/fdartgallery.com\/index.php?rest_route=\/wp\/v2\/media\/2874"}],"wp:attachment":[{"href":"https:\/\/fdartgallery.com\/index.php?rest_route=%2Fwp%2Fv2%2Fmedia&parent=2873"}],"wp:term":[{"taxonomy":"brand","embeddable":true,"href":"https:\/\/fdartgallery.com\/index.php?rest_route=%2Fwp%2Fv2%2Fetheme_brands&post=2873"},{"taxonomy":"product_brand","embeddable":true,"href":"https:\/\/fdartgallery.com\/index.php?rest_route=%2Fwp%2Fv2%2Fproduct_brand&post=2873"},{"taxonomy":"product_cat","embeddable":true,"href":"https:\/\/fdartgallery.com\/index.php?rest_route=%2Fwp%2Fv2%2Fproduct_cat&post=2873"},{"taxonomy":"product_tag","embeddable":true,"href":"https:\/\/fdartgallery.com\/index.php?rest_route=%2Fwp%2Fv2%2Fproduct_tag&post=2873"}],"curies":[{"name":"wp","href":"https:\/\/api.w.org\/{rel}","templated":true}]}}