{"id":2909,"date":"2026-03-07T21:39:37","date_gmt":"2026-03-07T21:39:37","guid":{"rendered":"https:\/\/fdartgallery.com\/?post_type=product&#038;p=2909"},"modified":"2026-03-07T21:39:37","modified_gmt":"2026-03-07T21:39:37","slug":"puslu-londra","status":"publish","type":"product","link":"https:\/\/fdartgallery.com\/?product=puslu-londra","title":{"rendered":"&#8220;Puslu Londra&#8221;"},"content":{"rendered":"<p>Hafif bir sis perdesi arkas\u0131ndaki ikonik sil\u00fcetler&#8230; Bu eser, izleyiciyi uzak diyarlara, dingin bir sabah y\u00fcr\u00fcy\u00fc\u015f\u00fcne davet ediyor. Derinlik alg\u0131s\u0131 ve g\u00f6lge kullan\u0131m\u0131yla odan\u0131z\u0131n atmosferini an\u0131nda de\u011fi\u015ftirecek.<\/p>\n<p>\u200bKullan\u0131m Alan\u0131: Yatak odas\u0131 ba\u015fucu veya dinlenme k\u00f6\u015feleri gibi huzur aranan alanlar.<\/p>\n","protected":false},"excerpt":{"rendered":"<p>&#8230;<\/p>\n","protected":false},"featured_media":2910,"comment_status":"open","ping_status":"closed","template":"","meta":[],"etheme_brands":[{"term_id":61,"name":"Fd Sanat Okulu","slug":"fd-sanat-okulu","term_group":0,"term_taxonomy_id":61,"taxonomy":"brand","description":"","parent":0,"count":173,"filter":"raw"}],"product_brand":[],"product_cat":[40],"product_tag":[],"class_list":{"0":"post-2909","1":"product","2":"type-product","3":"status-publish","4":"has-post-thumbnail","6":"brand-fd-sanat-okulu","7":"product_cat-sketching","9":"first","10":"instock","11":"shipping-taxable","12":"purchasable","13":"product-type-simple"},"jetpack_sharing_enabled":true,"_links":{"self":[{"href":"https:\/\/fdartgallery.com\/index.php?rest_route=\/wp\/v2\/product\/2909","targetHints":{"allow":["GET"]}}],"collection":[{"href":"https:\/\/fdartgallery.com\/index.php?rest_route=\/wp\/v2\/product"}],"about":[{"href":"https:\/\/fdartgallery.com\/index.php?rest_route=\/wp\/v2\/types\/product"}],"replies":[{"embeddable":true,"href":"https:\/\/fdartgallery.com\/index.php?rest_route=%2Fwp%2Fv2%2Fcomments&post=2909"}],"version-history":[{"count":1,"href":"https:\/\/fdartgallery.com\/index.php?rest_route=\/wp\/v2\/product\/2909\/revisions"}],"predecessor-version":[{"id":2911,"href":"https:\/\/fdartgallery.com\/index.php?rest_route=\/wp\/v2\/product\/2909\/revisions\/2911"}],"wp:featuredmedia":[{"embeddable":true,"href":"https:\/\/fdartgallery.com\/index.php?rest_route=\/wp\/v2\/media\/2910"}],"wp:attachment":[{"href":"https:\/\/fdartgallery.com\/index.php?rest_route=%2Fwp%2Fv2%2Fmedia&parent=2909"}],"wp:term":[{"taxonomy":"brand","embeddable":true,"href":"https:\/\/fdartgallery.com\/index.php?rest_route=%2Fwp%2Fv2%2Fetheme_brands&post=2909"},{"taxonomy":"product_brand","embeddable":true,"href":"https:\/\/fdartgallery.com\/index.php?rest_route=%2Fwp%2Fv2%2Fproduct_brand&post=2909"},{"taxonomy":"product_cat","embeddable":true,"href":"https:\/\/fdartgallery.com\/index.php?rest_route=%2Fwp%2Fv2%2Fproduct_cat&post=2909"},{"taxonomy":"product_tag","embeddable":true,"href":"https:\/\/fdartgallery.com\/index.php?rest_route=%2Fwp%2Fv2%2Fproduct_tag&post=2909"}],"curies":[{"name":"wp","href":"https:\/\/api.w.org\/{rel}","templated":true}]}}