{"id":2936,"date":"2026-03-07T22:10:09","date_gmt":"2026-03-07T22:10:09","guid":{"rendered":"https:\/\/fdartgallery.com\/?post_type=product&#038;p=2936"},"modified":"2026-03-07T22:10:09","modified_gmt":"2026-03-07T22:10:09","slug":"victoria","status":"publish","type":"product","link":"https:\/\/fdartgallery.com\/?product=victoria","title":{"rendered":"&#8220;Victoria&#8221;"},"content":{"rendered":"<p>Klasik zarafetin karakalemle bulu\u015ftu\u011fu bu eser, detaylardaki i\u015f\u00e7ili\u011fiyle g\u00f6z dolduruyor. Fig\u00fcr\u00fcn duru\u015fu ve k\u0131yafetindeki hacim duygusu, mekana asil bir hava kat\u0131yor.<\/p>\n<p>\u200bKullan\u0131m Alan\u0131: Giyinme odalar\u0131, klasik mobilyal\u0131 oturma odalar\u0131 veya \u015f\u0131k bir koridor galeri duvar\u0131 i\u00e7in e\u015fsiz bir par\u00e7a.<\/p>\n","protected":false},"excerpt":{"rendered":"<p>&#8230;<\/p>\n","protected":false},"featured_media":2937,"comment_status":"open","ping_status":"closed","template":"","meta":[],"etheme_brands":[{"term_id":61,"name":"Fd Sanat Okulu","slug":"fd-sanat-okulu","term_group":0,"term_taxonomy_id":61,"taxonomy":"brand","description":"","parent":0,"count":173,"filter":"raw"}],"product_brand":[],"product_cat":[40],"product_tag":[],"class_list":{"0":"post-2936","1":"product","2":"type-product","3":"status-publish","4":"has-post-thumbnail","6":"brand-fd-sanat-okulu","7":"product_cat-sketching","9":"first","10":"instock","11":"shipping-taxable","12":"purchasable","13":"product-type-simple"},"jetpack_sharing_enabled":true,"_links":{"self":[{"href":"https:\/\/fdartgallery.com\/index.php?rest_route=\/wp\/v2\/product\/2936","targetHints":{"allow":["GET"]}}],"collection":[{"href":"https:\/\/fdartgallery.com\/index.php?rest_route=\/wp\/v2\/product"}],"about":[{"href":"https:\/\/fdartgallery.com\/index.php?rest_route=\/wp\/v2\/types\/product"}],"replies":[{"embeddable":true,"href":"https:\/\/fdartgallery.com\/index.php?rest_route=%2Fwp%2Fv2%2Fcomments&post=2936"}],"version-history":[{"count":1,"href":"https:\/\/fdartgallery.com\/index.php?rest_route=\/wp\/v2\/product\/2936\/revisions"}],"predecessor-version":[{"id":2938,"href":"https:\/\/fdartgallery.com\/index.php?rest_route=\/wp\/v2\/product\/2936\/revisions\/2938"}],"wp:featuredmedia":[{"embeddable":true,"href":"https:\/\/fdartgallery.com\/index.php?rest_route=\/wp\/v2\/media\/2937"}],"wp:attachment":[{"href":"https:\/\/fdartgallery.com\/index.php?rest_route=%2Fwp%2Fv2%2Fmedia&parent=2936"}],"wp:term":[{"taxonomy":"brand","embeddable":true,"href":"https:\/\/fdartgallery.com\/index.php?rest_route=%2Fwp%2Fv2%2Fetheme_brands&post=2936"},{"taxonomy":"product_brand","embeddable":true,"href":"https:\/\/fdartgallery.com\/index.php?rest_route=%2Fwp%2Fv2%2Fproduct_brand&post=2936"},{"taxonomy":"product_cat","embeddable":true,"href":"https:\/\/fdartgallery.com\/index.php?rest_route=%2Fwp%2Fv2%2Fproduct_cat&post=2936"},{"taxonomy":"product_tag","embeddable":true,"href":"https:\/\/fdartgallery.com\/index.php?rest_route=%2Fwp%2Fv2%2Fproduct_tag&post=2936"}],"curies":[{"name":"wp","href":"https:\/\/api.w.org\/{rel}","templated":true}]}}