{"id":2943,"date":"2026-03-09T09:17:41","date_gmt":"2026-03-09T09:17:41","guid":{"rendered":"https:\/\/fdartgallery.com\/?post_type=product&#038;p=2943"},"modified":"2026-03-09T09:17:41","modified_gmt":"2026-03-09T09:17:41","slug":"giraffe","status":"publish","type":"product","link":"https:\/\/fdartgallery.com\/?product=giraffe","title":{"rendered":"&#8216;Giraffe&#8217;"},"content":{"rendered":"<p>Z\u00fcrafan\u0131n kendine has desenlerini ve ifadesindeki yumu\u015fakl\u0131\u011f\u0131 \u00f6n plana \u00e7\u0131karan bir portre. Karakterin kirpikleri ve bak\u0131\u015flar\u0131ndaki detaylar, esere canl\u0131 bir ruh kat\u0131yor.<br \/>\n\u200bKullan\u0131m Alan\u0131: \u00c7ocuk odalar\u0131 veya do\u011fa temal\u0131 dekorasyonlarda, odaya s\u0131cakl\u0131k katmak i\u00e7in tercih edilebilir.<\/p>\n","protected":false},"excerpt":{"rendered":"<p>&#8230;<\/p>\n","protected":false},"featured_media":2944,"comment_status":"open","ping_status":"closed","template":"","meta":[],"etheme_brands":[{"term_id":61,"name":"Fd Sanat Okulu","slug":"fd-sanat-okulu","term_group":0,"term_taxonomy_id":61,"taxonomy":"brand","description":"","parent":0,"count":173,"filter":"raw"}],"product_brand":[],"product_cat":[27,63],"product_tag":[],"class_list":{"0":"post-2943","1":"product","2":"type-product","3":"status-publish","4":"has-post-thumbnail","6":"brand-fd-sanat-okulu","7":"product_cat-pastel","8":"product_cat-figuratif-pastel","10":"first","11":"instock","12":"shipping-taxable","13":"purchasable","14":"product-type-simple"},"jetpack_sharing_enabled":true,"_links":{"self":[{"href":"https:\/\/fdartgallery.com\/index.php?rest_route=\/wp\/v2\/product\/2943","targetHints":{"allow":["GET"]}}],"collection":[{"href":"https:\/\/fdartgallery.com\/index.php?rest_route=\/wp\/v2\/product"}],"about":[{"href":"https:\/\/fdartgallery.com\/index.php?rest_route=\/wp\/v2\/types\/product"}],"replies":[{"embeddable":true,"href":"https:\/\/fdartgallery.com\/index.php?rest_route=%2Fwp%2Fv2%2Fcomments&post=2943"}],"version-history":[{"count":1,"href":"https:\/\/fdartgallery.com\/index.php?rest_route=\/wp\/v2\/product\/2943\/revisions"}],"predecessor-version":[{"id":2945,"href":"https:\/\/fdartgallery.com\/index.php?rest_route=\/wp\/v2\/product\/2943\/revisions\/2945"}],"wp:featuredmedia":[{"embeddable":true,"href":"https:\/\/fdartgallery.com\/index.php?rest_route=\/wp\/v2\/media\/2944"}],"wp:attachment":[{"href":"https:\/\/fdartgallery.com\/index.php?rest_route=%2Fwp%2Fv2%2Fmedia&parent=2943"}],"wp:term":[{"taxonomy":"brand","embeddable":true,"href":"https:\/\/fdartgallery.com\/index.php?rest_route=%2Fwp%2Fv2%2Fetheme_brands&post=2943"},{"taxonomy":"product_brand","embeddable":true,"href":"https:\/\/fdartgallery.com\/index.php?rest_route=%2Fwp%2Fv2%2Fproduct_brand&post=2943"},{"taxonomy":"product_cat","embeddable":true,"href":"https:\/\/fdartgallery.com\/index.php?rest_route=%2Fwp%2Fv2%2Fproduct_cat&post=2943"},{"taxonomy":"product_tag","embeddable":true,"href":"https:\/\/fdartgallery.com\/index.php?rest_route=%2Fwp%2Fv2%2Fproduct_tag&post=2943"}],"curies":[{"name":"wp","href":"https:\/\/api.w.org\/{rel}","templated":true}]}}