{"id":2946,"date":"2026-03-09T09:20:52","date_gmt":"2026-03-09T09:20:52","guid":{"rendered":"https:\/\/fdartgallery.com\/?post_type=product&#038;p=2946"},"modified":"2026-03-09T14:07:00","modified_gmt":"2026-03-09T14:07:00","slug":"dinginlik","status":"publish","type":"product","link":"https:\/\/fdartgallery.com\/?product=dinginlik","title":{"rendered":"&#8216;Dinginlik&#8217;"},"content":{"rendered":"<p>Ye\u015filin ve morun en do\u011fal tonlar\u0131yla hayat bulan, farkl\u0131 formdaki sukulentlerin bir araya geldi\u011fi bir suluboya \u00e7al\u0131\u015fmas\u0131. Gri saks\u0131n\u0131n sade yap\u0131s\u0131, bitkilerin detayl\u0131 dokusunu ve renk ge\u00e7i\u015flerini \u00f6n plana \u00e7\u0131kar\u0131yor. Taze ve huzurlu bir hava yans\u0131tan bu eser, ka\u011f\u0131t \u00fczerindeki suyun do\u011fal yay\u0131l\u0131m\u0131yla hayat buluyor.<br \/>\n\u200bKullan\u0131m Alan\u0131: \u00c7al\u0131\u015fma masan\u0131z\u0131n \u00fczerinde, kitapl\u0131\u011f\u0131n\u0131z\u0131n bir raf\u0131nda veya banyonuzda ferah bir k\u00f6\u015fe yaratmak i\u00e7in kullanabilirsiniz. \u00d6zellikle a\u00e7\u0131k renkli duvarlarda ve minimalist dekorasyonlarda tamamlay\u0131c\u0131 bir par\u00e7a olacakt\u0131r.<\/p>\n","protected":false},"excerpt":{"rendered":"<p>&#8230;<\/p>\n","protected":false},"featured_media":2947,"comment_status":"open","ping_status":"closed","template":"","meta":[],"etheme_brands":[{"term_id":61,"name":"Fd Sanat Okulu","slug":"fd-sanat-okulu","term_group":0,"term_taxonomy_id":61,"taxonomy":"brand","description":"","parent":0,"count":173,"filter":"raw"}],"product_brand":[],"product_cat":[43,73],"product_tag":[],"class_list":{"0":"post-2946","1":"product","2":"type-product","3":"status-publish","4":"has-post-thumbnail","6":"brand-fd-sanat-okulu","7":"product_cat-water-color","8":"product_cat-vazoda-cicekler-konulu","10":"first","11":"instock","12":"shipping-taxable","13":"purchasable","14":"product-type-simple"},"jetpack_sharing_enabled":true,"_links":{"self":[{"href":"https:\/\/fdartgallery.com\/index.php?rest_route=\/wp\/v2\/product\/2946","targetHints":{"allow":["GET"]}}],"collection":[{"href":"https:\/\/fdartgallery.com\/index.php?rest_route=\/wp\/v2\/product"}],"about":[{"href":"https:\/\/fdartgallery.com\/index.php?rest_route=\/wp\/v2\/types\/product"}],"replies":[{"embeddable":true,"href":"https:\/\/fdartgallery.com\/index.php?rest_route=%2Fwp%2Fv2%2Fcomments&post=2946"}],"version-history":[{"count":1,"href":"https:\/\/fdartgallery.com\/index.php?rest_route=\/wp\/v2\/product\/2946\/revisions"}],"predecessor-version":[{"id":2948,"href":"https:\/\/fdartgallery.com\/index.php?rest_route=\/wp\/v2\/product\/2946\/revisions\/2948"}],"wp:featuredmedia":[{"embeddable":true,"href":"https:\/\/fdartgallery.com\/index.php?rest_route=\/wp\/v2\/media\/2947"}],"wp:attachment":[{"href":"https:\/\/fdartgallery.com\/index.php?rest_route=%2Fwp%2Fv2%2Fmedia&parent=2946"}],"wp:term":[{"taxonomy":"brand","embeddable":true,"href":"https:\/\/fdartgallery.com\/index.php?rest_route=%2Fwp%2Fv2%2Fetheme_brands&post=2946"},{"taxonomy":"product_brand","embeddable":true,"href":"https:\/\/fdartgallery.com\/index.php?rest_route=%2Fwp%2Fv2%2Fproduct_brand&post=2946"},{"taxonomy":"product_cat","embeddable":true,"href":"https:\/\/fdartgallery.com\/index.php?rest_route=%2Fwp%2Fv2%2Fproduct_cat&post=2946"},{"taxonomy":"product_tag","embeddable":true,"href":"https:\/\/fdartgallery.com\/index.php?rest_route=%2Fwp%2Fv2%2Fproduct_tag&post=2946"}],"curies":[{"name":"wp","href":"https:\/\/api.w.org\/{rel}","templated":true}]}}