{"id":2955,"date":"2026-03-09T09:29:38","date_gmt":"2026-03-09T09:29:38","guid":{"rendered":"https:\/\/fdartgallery.com\/?post_type=product&#038;p=2955"},"modified":"2026-03-09T09:29:38","modified_gmt":"2026-03-09T09:29:38","slug":"merakli-misafir","status":"publish","type":"product","link":"https:\/\/fdartgallery.com\/?product=merakli-misafir","title":{"rendered":"&#8216;Merakl\u0131 Misafir&#8217;"},"content":{"rendered":"<p>Fovist bir yakla\u015f\u0131mla, canl\u0131 renklerin ve cesur hatlar\u0131n bulu\u015fmas\u0131. Bir kedinin en do\u011fal ve oyuncu halini evinize ne\u015fe katacak bir paletle sunuyor.<br \/>\n\u200bKullan\u0131m Alan\u0131: \u00c7ocuk odalar\u0131, ya\u015fam alanlar\u0131 veya evinize ne\u015fe katmak istedi\u011finiz herhangi bir k\u00f6\u015fe i\u00e7in m\u00fckemmel.<\/p>\n","protected":false},"excerpt":{"rendered":"<p>&#8230;<\/p>\n","protected":false},"featured_media":2956,"comment_status":"open","ping_status":"closed","template":"","meta":[],"etheme_brands":[{"term_id":61,"name":"Fd Sanat Okulu","slug":"fd-sanat-okulu","term_group":0,"term_taxonomy_id":61,"taxonomy":"brand","description":"","parent":0,"count":173,"filter":"raw"}],"product_brand":[],"product_cat":[27,63],"product_tag":[],"class_list":{"0":"post-2955","1":"product","2":"type-product","3":"status-publish","4":"has-post-thumbnail","6":"brand-fd-sanat-okulu","7":"product_cat-pastel","8":"product_cat-figuratif-pastel","10":"first","11":"instock","12":"shipping-taxable","13":"purchasable","14":"product-type-simple"},"jetpack_sharing_enabled":true,"_links":{"self":[{"href":"https:\/\/fdartgallery.com\/index.php?rest_route=\/wp\/v2\/product\/2955","targetHints":{"allow":["GET"]}}],"collection":[{"href":"https:\/\/fdartgallery.com\/index.php?rest_route=\/wp\/v2\/product"}],"about":[{"href":"https:\/\/fdartgallery.com\/index.php?rest_route=\/wp\/v2\/types\/product"}],"replies":[{"embeddable":true,"href":"https:\/\/fdartgallery.com\/index.php?rest_route=%2Fwp%2Fv2%2Fcomments&post=2955"}],"version-history":[{"count":1,"href":"https:\/\/fdartgallery.com\/index.php?rest_route=\/wp\/v2\/product\/2955\/revisions"}],"predecessor-version":[{"id":2957,"href":"https:\/\/fdartgallery.com\/index.php?rest_route=\/wp\/v2\/product\/2955\/revisions\/2957"}],"wp:featuredmedia":[{"embeddable":true,"href":"https:\/\/fdartgallery.com\/index.php?rest_route=\/wp\/v2\/media\/2956"}],"wp:attachment":[{"href":"https:\/\/fdartgallery.com\/index.php?rest_route=%2Fwp%2Fv2%2Fmedia&parent=2955"}],"wp:term":[{"taxonomy":"brand","embeddable":true,"href":"https:\/\/fdartgallery.com\/index.php?rest_route=%2Fwp%2Fv2%2Fetheme_brands&post=2955"},{"taxonomy":"product_brand","embeddable":true,"href":"https:\/\/fdartgallery.com\/index.php?rest_route=%2Fwp%2Fv2%2Fproduct_brand&post=2955"},{"taxonomy":"product_cat","embeddable":true,"href":"https:\/\/fdartgallery.com\/index.php?rest_route=%2Fwp%2Fv2%2Fproduct_cat&post=2955"},{"taxonomy":"product_tag","embeddable":true,"href":"https:\/\/fdartgallery.com\/index.php?rest_route=%2Fwp%2Fv2%2Fproduct_tag&post=2955"}],"curies":[{"name":"wp","href":"https:\/\/api.w.org\/{rel}","templated":true}]}}