{"id":2961,"date":"2026-03-09T09:35:34","date_gmt":"2026-03-09T09:35:34","guid":{"rendered":"https:\/\/fdartgallery.com\/?post_type=product&#038;p=2961"},"modified":"2026-03-09T09:35:34","modified_gmt":"2026-03-09T09:35:34","slug":"gun-batimi-sessizligi","status":"publish","type":"product","link":"https:\/\/fdartgallery.com\/?product=gun-batimi-sessizligi","title":{"rendered":"&#8216;G\u00fcn Bat\u0131m\u0131 Sessizli\u011fi&#8217;"},"content":{"rendered":"<p>G\u00f6ky\u00fcz\u00fcndeki mor ve turuncu ge\u00e7i\u015flerin suya b\u0131rakt\u0131\u011f\u0131 dingin yans\u0131ma. Yelkenlinin sil\u00fceti, uzaklara gitme arzusunu ve huzuru temsil ediyor.<br \/>\n\u200bKullan\u0131m Alan\u0131: \u00c7al\u0131\u015fma masas\u0131n\u0131n kar\u015f\u0131s\u0131nda, stresli anlarda bak\u0131p derin bir nefes alabilece\u011finiz bir yere as\u0131labilir.<\/p>\n","protected":false},"excerpt":{"rendered":"<p>&#8230;<\/p>\n","protected":false},"featured_media":2963,"comment_status":"open","ping_status":"closed","template":"","meta":[],"etheme_brands":[{"term_id":61,"name":"Fd Sanat Okulu","slug":"fd-sanat-okulu","term_group":0,"term_taxonomy_id":61,"taxonomy":"brand","description":"","parent":0,"count":173,"filter":"raw"}],"product_brand":[],"product_cat":[43,75],"product_tag":[],"class_list":{"0":"post-2961","1":"product","2":"type-product","3":"status-publish","4":"has-post-thumbnail","6":"brand-fd-sanat-okulu","7":"product_cat-water-color","8":"product_cat-peyzaj-konulu","10":"first","11":"instock","12":"shipping-taxable","13":"purchasable","14":"product-type-simple"},"jetpack_sharing_enabled":true,"_links":{"self":[{"href":"https:\/\/fdartgallery.com\/index.php?rest_route=\/wp\/v2\/product\/2961","targetHints":{"allow":["GET"]}}],"collection":[{"href":"https:\/\/fdartgallery.com\/index.php?rest_route=\/wp\/v2\/product"}],"about":[{"href":"https:\/\/fdartgallery.com\/index.php?rest_route=\/wp\/v2\/types\/product"}],"replies":[{"embeddable":true,"href":"https:\/\/fdartgallery.com\/index.php?rest_route=%2Fwp%2Fv2%2Fcomments&post=2961"}],"version-history":[{"count":1,"href":"https:\/\/fdartgallery.com\/index.php?rest_route=\/wp\/v2\/product\/2961\/revisions"}],"predecessor-version":[{"id":2964,"href":"https:\/\/fdartgallery.com\/index.php?rest_route=\/wp\/v2\/product\/2961\/revisions\/2964"}],"wp:featuredmedia":[{"embeddable":true,"href":"https:\/\/fdartgallery.com\/index.php?rest_route=\/wp\/v2\/media\/2963"}],"wp:attachment":[{"href":"https:\/\/fdartgallery.com\/index.php?rest_route=%2Fwp%2Fv2%2Fmedia&parent=2961"}],"wp:term":[{"taxonomy":"brand","embeddable":true,"href":"https:\/\/fdartgallery.com\/index.php?rest_route=%2Fwp%2Fv2%2Fetheme_brands&post=2961"},{"taxonomy":"product_brand","embeddable":true,"href":"https:\/\/fdartgallery.com\/index.php?rest_route=%2Fwp%2Fv2%2Fproduct_brand&post=2961"},{"taxonomy":"product_cat","embeddable":true,"href":"https:\/\/fdartgallery.com\/index.php?rest_route=%2Fwp%2Fv2%2Fproduct_cat&post=2961"},{"taxonomy":"product_tag","embeddable":true,"href":"https:\/\/fdartgallery.com\/index.php?rest_route=%2Fwp%2Fv2%2Fproduct_tag&post=2961"}],"curies":[{"name":"wp","href":"https:\/\/api.w.org\/{rel}","templated":true}]}}