{"id":2965,"date":"2026-03-09T09:38:00","date_gmt":"2026-03-09T09:38:00","guid":{"rendered":"https:\/\/fdartgallery.com\/?post_type=product&#038;p=2965"},"modified":"2026-03-09T09:38:01","modified_gmt":"2026-03-09T09:38:01","slug":"plum","status":"publish","type":"product","link":"https:\/\/fdartgallery.com\/?product=plum","title":{"rendered":"&#8216;Plum&#8217;"},"content":{"rendered":"<p>Koyu arka plan \u00fczerinde \u0131\u015f\u0131\u011f\u0131 hapseden m\u00fcrd\u00fcm ve lacivert tonlar\u0131n\u0131n uyumu. Do\u011fan\u0131n c\u00f6mertli\u011fini ve sakinli\u011fini yans\u0131tan bu \u00e7al\u0131\u015fma, f\u0131r\u00e7a darbelerindeki dokuyla derinlik kazan\u0131yor.<br \/>\n\u200bKullan\u0131m Alan\u0131: Mutfa\u011f\u0131n\u0131z\u0131n duvar\u0131nda veya yemek masas\u0131n\u0131n yan\u0131ndaki bir ni\u015fte i\u015ftah a\u00e7\u0131c\u0131 ve \u015f\u0131k bir detay olarak kullan\u0131labilir.<\/p>\n","protected":false},"excerpt":{"rendered":"<p>&#8230;<\/p>\n","protected":false},"featured_media":2966,"comment_status":"open","ping_status":"closed","template":"","meta":[],"etheme_brands":[{"term_id":61,"name":"Fd Sanat Okulu","slug":"fd-sanat-okulu","term_group":0,"term_taxonomy_id":61,"taxonomy":"brand","description":"","parent":0,"count":173,"filter":"raw"}],"product_brand":[],"product_cat":[22,55],"product_tag":[],"class_list":{"0":"post-2965","1":"product","2":"type-product","3":"status-publish","4":"has-post-thumbnail","6":"brand-fd-sanat-okulu","7":"product_cat-acrylic","8":"product_cat-naturmont","10":"first","11":"instock","12":"shipping-taxable","13":"purchasable","14":"product-type-simple"},"jetpack_sharing_enabled":true,"_links":{"self":[{"href":"https:\/\/fdartgallery.com\/index.php?rest_route=\/wp\/v2\/product\/2965","targetHints":{"allow":["GET"]}}],"collection":[{"href":"https:\/\/fdartgallery.com\/index.php?rest_route=\/wp\/v2\/product"}],"about":[{"href":"https:\/\/fdartgallery.com\/index.php?rest_route=\/wp\/v2\/types\/product"}],"replies":[{"embeddable":true,"href":"https:\/\/fdartgallery.com\/index.php?rest_route=%2Fwp%2Fv2%2Fcomments&post=2965"}],"version-history":[{"count":1,"href":"https:\/\/fdartgallery.com\/index.php?rest_route=\/wp\/v2\/product\/2965\/revisions"}],"predecessor-version":[{"id":2967,"href":"https:\/\/fdartgallery.com\/index.php?rest_route=\/wp\/v2\/product\/2965\/revisions\/2967"}],"wp:featuredmedia":[{"embeddable":true,"href":"https:\/\/fdartgallery.com\/index.php?rest_route=\/wp\/v2\/media\/2966"}],"wp:attachment":[{"href":"https:\/\/fdartgallery.com\/index.php?rest_route=%2Fwp%2Fv2%2Fmedia&parent=2965"}],"wp:term":[{"taxonomy":"brand","embeddable":true,"href":"https:\/\/fdartgallery.com\/index.php?rest_route=%2Fwp%2Fv2%2Fetheme_brands&post=2965"},{"taxonomy":"product_brand","embeddable":true,"href":"https:\/\/fdartgallery.com\/index.php?rest_route=%2Fwp%2Fv2%2Fproduct_brand&post=2965"},{"taxonomy":"product_cat","embeddable":true,"href":"https:\/\/fdartgallery.com\/index.php?rest_route=%2Fwp%2Fv2%2Fproduct_cat&post=2965"},{"taxonomy":"product_tag","embeddable":true,"href":"https:\/\/fdartgallery.com\/index.php?rest_route=%2Fwp%2Fv2%2Fproduct_tag&post=2965"}],"curies":[{"name":"wp","href":"https:\/\/api.w.org\/{rel}","templated":true}]}}