{"id":2968,"date":"2026-03-09T09:40:38","date_gmt":"2026-03-09T09:40:38","guid":{"rendered":"https:\/\/fdartgallery.com\/?post_type=product&#038;p=2968"},"modified":"2026-03-09T09:40:38","modified_gmt":"2026-03-09T09:40:38","slug":"peacock","status":"publish","type":"product","link":"https:\/\/fdartgallery.com\/?product=peacock","title":{"rendered":"&#8216;Peacock&#8217;"},"content":{"rendered":"<p>Suluboyan\u0131n ak\u0131\u015fkanl\u0131\u011f\u0131yla \u015fekillenen canl\u0131 mavi ve alt\u0131n sar\u0131s\u0131 tonlar. Tavus ku\u015funun asaletini modern ve yar\u0131-soyut bir dille anlatan, enerjisi y\u00fcksek bir eser.<br \/>\n\u200bKullan\u0131m Alan\u0131: Beyaz veya a\u00e7\u0131k renkli duvarlarda, antre giri\u015flerinde veya yatak odas\u0131nda ferah bir odak noktas\u0131 olu\u015fturur.<\/p>\n","protected":false},"excerpt":{"rendered":"<p>&#8230;<\/p>\n","protected":false},"featured_media":2969,"comment_status":"open","ping_status":"closed","template":"","meta":[],"etheme_brands":[{"term_id":61,"name":"Fd Sanat Okulu","slug":"fd-sanat-okulu","term_group":0,"term_taxonomy_id":61,"taxonomy":"brand","description":"","parent":0,"count":173,"filter":"raw"}],"product_brand":[],"product_cat":[43,77],"product_tag":[],"class_list":{"0":"post-2968","1":"product","2":"type-product","3":"status-publish","4":"has-post-thumbnail","6":"brand-fd-sanat-okulu","7":"product_cat-water-color","8":"product_cat-figuratif-konulu","10":"first","11":"instock","12":"shipping-taxable","13":"purchasable","14":"product-type-simple"},"jetpack_sharing_enabled":true,"_links":{"self":[{"href":"https:\/\/fdartgallery.com\/index.php?rest_route=\/wp\/v2\/product\/2968","targetHints":{"allow":["GET"]}}],"collection":[{"href":"https:\/\/fdartgallery.com\/index.php?rest_route=\/wp\/v2\/product"}],"about":[{"href":"https:\/\/fdartgallery.com\/index.php?rest_route=\/wp\/v2\/types\/product"}],"replies":[{"embeddable":true,"href":"https:\/\/fdartgallery.com\/index.php?rest_route=%2Fwp%2Fv2%2Fcomments&post=2968"}],"version-history":[{"count":1,"href":"https:\/\/fdartgallery.com\/index.php?rest_route=\/wp\/v2\/product\/2968\/revisions"}],"predecessor-version":[{"id":2970,"href":"https:\/\/fdartgallery.com\/index.php?rest_route=\/wp\/v2\/product\/2968\/revisions\/2970"}],"wp:featuredmedia":[{"embeddable":true,"href":"https:\/\/fdartgallery.com\/index.php?rest_route=\/wp\/v2\/media\/2969"}],"wp:attachment":[{"href":"https:\/\/fdartgallery.com\/index.php?rest_route=%2Fwp%2Fv2%2Fmedia&parent=2968"}],"wp:term":[{"taxonomy":"brand","embeddable":true,"href":"https:\/\/fdartgallery.com\/index.php?rest_route=%2Fwp%2Fv2%2Fetheme_brands&post=2968"},{"taxonomy":"product_brand","embeddable":true,"href":"https:\/\/fdartgallery.com\/index.php?rest_route=%2Fwp%2Fv2%2Fproduct_brand&post=2968"},{"taxonomy":"product_cat","embeddable":true,"href":"https:\/\/fdartgallery.com\/index.php?rest_route=%2Fwp%2Fv2%2Fproduct_cat&post=2968"},{"taxonomy":"product_tag","embeddable":true,"href":"https:\/\/fdartgallery.com\/index.php?rest_route=%2Fwp%2Fv2%2Fproduct_tag&post=2968"}],"curies":[{"name":"wp","href":"https:\/\/api.w.org\/{rel}","templated":true}]}}