{"id":2983,"date":"2026-03-09T09:57:40","date_gmt":"2026-03-09T09:57:40","guid":{"rendered":"https:\/\/fdartgallery.com\/?post_type=product&#038;p=2983"},"modified":"2026-03-09T13:24:55","modified_gmt":"2026-03-09T13:24:55","slug":"evin-sicak-kosesi","status":"publish","type":"product","link":"https:\/\/fdartgallery.com\/?product=evin-sicak-kosesi","title":{"rendered":"&#8216;Evin S\u0131cak K\u00f6\u015fesi&#8217;"},"content":{"rendered":"<p>Bir yemek masas\u0131, duvarlardaki tablolar ve bitkilerle kurgulanm\u0131\u015f samimi bir ya\u015fam alan\u0131. Canl\u0131 renk paleti ve f\u0131r\u00e7a darbeleriyle evin huzurlu ve davetkar atmosferini yans\u0131t\u0131yor.<br \/>\n\u200bKullan\u0131m Alan\u0131: Oturma odas\u0131 veya \u00e7al\u0131\u015fma odas\u0131 gibi g\u00fcnl\u00fck ya\u015fam\u0131n ge\u00e7ti\u011fi alanlarda mekana canl\u0131l\u0131k ve ya\u015fanm\u0131\u015fl\u0131k hissi katmak i\u00e7in kullan\u0131labilir.<\/p>\n","protected":false},"excerpt":{"rendered":"<p>&#8230;<\/p>\n","protected":false},"featured_media":2984,"comment_status":"open","ping_status":"closed","template":"","meta":[],"etheme_brands":[{"term_id":61,"name":"Fd Sanat Okulu","slug":"fd-sanat-okulu","term_group":0,"term_taxonomy_id":61,"taxonomy":"brand","description":"","parent":0,"count":173,"filter":"raw"}],"product_brand":[],"product_cat":[22,57],"product_tag":[],"class_list":{"0":"post-2983","1":"product","2":"type-product","3":"status-publish","4":"has-post-thumbnail","6":"brand-fd-sanat-okulu","7":"product_cat-acrylic","8":"product_cat-peyzaj","10":"first","11":"instock","12":"shipping-taxable","13":"purchasable","14":"product-type-simple"},"jetpack_sharing_enabled":true,"_links":{"self":[{"href":"https:\/\/fdartgallery.com\/index.php?rest_route=\/wp\/v2\/product\/2983","targetHints":{"allow":["GET"]}}],"collection":[{"href":"https:\/\/fdartgallery.com\/index.php?rest_route=\/wp\/v2\/product"}],"about":[{"href":"https:\/\/fdartgallery.com\/index.php?rest_route=\/wp\/v2\/types\/product"}],"replies":[{"embeddable":true,"href":"https:\/\/fdartgallery.com\/index.php?rest_route=%2Fwp%2Fv2%2Fcomments&post=2983"}],"version-history":[{"count":1,"href":"https:\/\/fdartgallery.com\/index.php?rest_route=\/wp\/v2\/product\/2983\/revisions"}],"predecessor-version":[{"id":2985,"href":"https:\/\/fdartgallery.com\/index.php?rest_route=\/wp\/v2\/product\/2983\/revisions\/2985"}],"wp:featuredmedia":[{"embeddable":true,"href":"https:\/\/fdartgallery.com\/index.php?rest_route=\/wp\/v2\/media\/2984"}],"wp:attachment":[{"href":"https:\/\/fdartgallery.com\/index.php?rest_route=%2Fwp%2Fv2%2Fmedia&parent=2983"}],"wp:term":[{"taxonomy":"brand","embeddable":true,"href":"https:\/\/fdartgallery.com\/index.php?rest_route=%2Fwp%2Fv2%2Fetheme_brands&post=2983"},{"taxonomy":"product_brand","embeddable":true,"href":"https:\/\/fdartgallery.com\/index.php?rest_route=%2Fwp%2Fv2%2Fproduct_brand&post=2983"},{"taxonomy":"product_cat","embeddable":true,"href":"https:\/\/fdartgallery.com\/index.php?rest_route=%2Fwp%2Fv2%2Fproduct_cat&post=2983"},{"taxonomy":"product_tag","embeddable":true,"href":"https:\/\/fdartgallery.com\/index.php?rest_route=%2Fwp%2Fv2%2Fproduct_tag&post=2983"}],"curies":[{"name":"wp","href":"https:\/\/api.w.org\/{rel}","templated":true}]}}