{"id":2986,"date":"2026-03-09T10:00:44","date_gmt":"2026-03-09T10:00:44","guid":{"rendered":"https:\/\/fdartgallery.com\/?post_type=product&#038;p=2986"},"modified":"2026-03-09T10:00:45","modified_gmt":"2026-03-09T10:00:45","slug":"loyalty","status":"publish","type":"product","link":"https:\/\/fdartgallery.com\/?product=loyalty","title":{"rendered":"&#8216;Loyalty&#8217;"},"content":{"rendered":"<p>\u0130ki filin birbirine yaslanan ba\u015flar\u0131 ve kenetlenen di\u015fleri \u00fczerinden anlat\u0131lan, huzur dolu ve g\u00fc\u00e7l\u00fc bir ba\u011f. Suluboyan\u0131n \u015feffaf dokusu, fillerin bilge do\u011fas\u0131n\u0131 mavi ve toprak tonlar\u0131n\u0131n zarif harman\u0131yla vurguluyor.<br \/>\n\u200bKullan\u0131m Alan\u0131: Salonunuzun en geni\u015f duvar\u0131nda, yatak odas\u0131nda veya ailenizle vakit ge\u00e7irdi\u011finiz ortak alanlarda duygusal bir odak noktas\u0131 olu\u015fturmak i\u00e7in idealdir.<\/p>\n","protected":false},"excerpt":{"rendered":"<p>&#8230;<\/p>\n","protected":false},"featured_media":2987,"comment_status":"open","ping_status":"closed","template":"","meta":[],"etheme_brands":[{"term_id":61,"name":"Fd Sanat Okulu","slug":"fd-sanat-okulu","term_group":0,"term_taxonomy_id":61,"taxonomy":"brand","description":"","parent":0,"count":173,"filter":"raw"}],"product_brand":[],"product_cat":[43,77],"product_tag":[],"class_list":{"0":"post-2986","1":"product","2":"type-product","3":"status-publish","4":"has-post-thumbnail","6":"brand-fd-sanat-okulu","7":"product_cat-water-color","8":"product_cat-figuratif-konulu","10":"first","11":"instock","12":"shipping-taxable","13":"purchasable","14":"product-type-simple"},"jetpack_sharing_enabled":true,"_links":{"self":[{"href":"https:\/\/fdartgallery.com\/index.php?rest_route=\/wp\/v2\/product\/2986","targetHints":{"allow":["GET"]}}],"collection":[{"href":"https:\/\/fdartgallery.com\/index.php?rest_route=\/wp\/v2\/product"}],"about":[{"href":"https:\/\/fdartgallery.com\/index.php?rest_route=\/wp\/v2\/types\/product"}],"replies":[{"embeddable":true,"href":"https:\/\/fdartgallery.com\/index.php?rest_route=%2Fwp%2Fv2%2Fcomments&post=2986"}],"version-history":[{"count":1,"href":"https:\/\/fdartgallery.com\/index.php?rest_route=\/wp\/v2\/product\/2986\/revisions"}],"predecessor-version":[{"id":2988,"href":"https:\/\/fdartgallery.com\/index.php?rest_route=\/wp\/v2\/product\/2986\/revisions\/2988"}],"wp:featuredmedia":[{"embeddable":true,"href":"https:\/\/fdartgallery.com\/index.php?rest_route=\/wp\/v2\/media\/2987"}],"wp:attachment":[{"href":"https:\/\/fdartgallery.com\/index.php?rest_route=%2Fwp%2Fv2%2Fmedia&parent=2986"}],"wp:term":[{"taxonomy":"brand","embeddable":true,"href":"https:\/\/fdartgallery.com\/index.php?rest_route=%2Fwp%2Fv2%2Fetheme_brands&post=2986"},{"taxonomy":"product_brand","embeddable":true,"href":"https:\/\/fdartgallery.com\/index.php?rest_route=%2Fwp%2Fv2%2Fproduct_brand&post=2986"},{"taxonomy":"product_cat","embeddable":true,"href":"https:\/\/fdartgallery.com\/index.php?rest_route=%2Fwp%2Fv2%2Fproduct_cat&post=2986"},{"taxonomy":"product_tag","embeddable":true,"href":"https:\/\/fdartgallery.com\/index.php?rest_route=%2Fwp%2Fv2%2Fproduct_tag&post=2986"}],"curies":[{"name":"wp","href":"https:\/\/api.w.org\/{rel}","templated":true}]}}