{"id":2995,"date":"2026-03-09T10:11:11","date_gmt":"2026-03-09T10:11:11","guid":{"rendered":"https:\/\/fdartgallery.com\/?post_type=product&#038;p=2995"},"modified":"2026-03-09T13:24:23","modified_gmt":"2026-03-09T13:24:23","slug":"mavi-vazoda-bahar-esintisi","status":"publish","type":"product","link":"https:\/\/fdartgallery.com\/?product=mavi-vazoda-bahar-esintisi","title":{"rendered":"&#8216;Mavi Vazoda Bahar Esintisi&#8217;"},"content":{"rendered":"<p>Sar\u0131 nergislerin enerjisini, mavi ve beyaz objelerin sakinli\u011fiyle birle\u015ftiren bu \u00e7al\u0131\u015fma, mekanda ferah bir bahar havas\u0131 yarat\u0131yor. Yumu\u015fak renk ge\u00e7i\u015fleri ve \u0131\u015f\u0131k oyunlar\u0131yla haz\u0131rlanan nat\u00fcrmort, g\u00fcnl\u00fck ya\u015fam\u0131n sadeli\u011fini estetik bir dokunu\u015fla sunuyor.<br \/>\n\u200bKullan\u0131m Alanlar\u0131:<br \/>\n\u200bMutfak ve Yemek Alanlar\u0131: Masan\u0131n \u00fczerindeki taze meyve ve \u00e7i\u00e7ek temas\u0131yla i\u015ftah a\u00e7\u0131c\u0131 bir derinlik katar.<br \/>\n\u200bGiri\u015f ve Hol (Antre): Eve gelen misafirleri nergislerin pozitif enerjisiyle kar\u015f\u0131lamak i\u00e7in idealdir.<br \/>\n\u200b\u00c7al\u0131\u015fma K\u00f6\u015feleri: G\u00f6z yormayan renk paleti sayesinde dinlendirici bir odak noktas\u0131 olu\u015fturur.<\/p>\n","protected":false},"excerpt":{"rendered":"<p>&#8230;<\/p>\n","protected":false},"featured_media":2996,"comment_status":"open","ping_status":"closed","template":"","meta":[],"etheme_brands":[{"term_id":61,"name":"Fd Sanat Okulu","slug":"fd-sanat-okulu","term_group":0,"term_taxonomy_id":61,"taxonomy":"brand","description":"","parent":0,"count":173,"filter":"raw"}],"product_brand":[],"product_cat":[27,67],"product_tag":[],"class_list":{"0":"post-2995","1":"product","2":"type-product","3":"status-publish","4":"has-post-thumbnail","6":"brand-fd-sanat-okulu","7":"product_cat-pastel","8":"product_cat-vazoda-cicekler-pastel","10":"first","11":"instock","12":"shipping-taxable","13":"purchasable","14":"product-type-simple"},"jetpack_sharing_enabled":true,"_links":{"self":[{"href":"https:\/\/fdartgallery.com\/index.php?rest_route=\/wp\/v2\/product\/2995","targetHints":{"allow":["GET"]}}],"collection":[{"href":"https:\/\/fdartgallery.com\/index.php?rest_route=\/wp\/v2\/product"}],"about":[{"href":"https:\/\/fdartgallery.com\/index.php?rest_route=\/wp\/v2\/types\/product"}],"replies":[{"embeddable":true,"href":"https:\/\/fdartgallery.com\/index.php?rest_route=%2Fwp%2Fv2%2Fcomments&post=2995"}],"version-history":[{"count":1,"href":"https:\/\/fdartgallery.com\/index.php?rest_route=\/wp\/v2\/product\/2995\/revisions"}],"predecessor-version":[{"id":2997,"href":"https:\/\/fdartgallery.com\/index.php?rest_route=\/wp\/v2\/product\/2995\/revisions\/2997"}],"wp:featuredmedia":[{"embeddable":true,"href":"https:\/\/fdartgallery.com\/index.php?rest_route=\/wp\/v2\/media\/2996"}],"wp:attachment":[{"href":"https:\/\/fdartgallery.com\/index.php?rest_route=%2Fwp%2Fv2%2Fmedia&parent=2995"}],"wp:term":[{"taxonomy":"brand","embeddable":true,"href":"https:\/\/fdartgallery.com\/index.php?rest_route=%2Fwp%2Fv2%2Fetheme_brands&post=2995"},{"taxonomy":"product_brand","embeddable":true,"href":"https:\/\/fdartgallery.com\/index.php?rest_route=%2Fwp%2Fv2%2Fproduct_brand&post=2995"},{"taxonomy":"product_cat","embeddable":true,"href":"https:\/\/fdartgallery.com\/index.php?rest_route=%2Fwp%2Fv2%2Fproduct_cat&post=2995"},{"taxonomy":"product_tag","embeddable":true,"href":"https:\/\/fdartgallery.com\/index.php?rest_route=%2Fwp%2Fv2%2Fproduct_tag&post=2995"}],"curies":[{"name":"wp","href":"https:\/\/api.w.org\/{rel}","templated":true}]}}