{"id":3007,"date":"2026-03-09T10:21:55","date_gmt":"2026-03-09T10:21:55","guid":{"rendered":"https:\/\/fdartgallery.com\/?post_type=product&#038;p=3007"},"modified":"2026-03-09T10:21:56","modified_gmt":"2026-03-09T10:21:56","slug":"limon-cicegi","status":"publish","type":"product","link":"https:\/\/fdartgallery.com\/?product=limon-cicegi","title":{"rendered":"&#8216;Limon \u00c7i\u00e7e\u011fi&#8217;"},"content":{"rendered":"<p>Tek bir limon ve narin \u00e7i\u00e7e\u011finin merkezde oldu\u011fu bu \u00e7al\u0131\u015fma, sadeli\u011fin zarafetini \u00f6n plana \u00e7\u0131kar\u0131yor. Yumu\u015fak sar\u0131 ve ye\u015fil tonlar\u0131n minimalist kullan\u0131m\u0131, izleyicide ferah bir his uyand\u0131r\u0131yor. \u0130nce detaylarla i\u015flenmi\u015f yapraklar ve dal yap\u0131s\u0131, do\u011fan\u0131n yal\u0131n g\u00fczelli\u011fini evinize ta\u015f\u0131yor.<br \/>\n\u200bKullan\u0131m Alanlar\u0131:<br \/>\n\u200bYatak Odas\u0131 ve Dinlenme K\u00f6\u015feleri: G\u00f6z yormayan yap\u0131s\u0131yla huzurlu ve sakin bir atmosferi destekler.<br \/>\n\u200bBanyolar: Beyaz veya a\u00e7\u0131k renkli banyo dekorasyonlar\u0131nda ferahlat\u0131c\u0131 bir detay olarak kullan\u0131labilir.<br \/>\n\u200bMinimalist Ofisler: Masan\u0131z\u0131n \u00fczerinde veya duvar\u0131n\u0131zda sade ama etkili bir g\u00f6rsel mola alan\u0131 yarat\u0131r.<\/p>\n","protected":false},"excerpt":{"rendered":"<p>&#8230;<\/p>\n","protected":false},"featured_media":3008,"comment_status":"open","ping_status":"closed","template":"","meta":[],"etheme_brands":[{"term_id":61,"name":"Fd Sanat Okulu","slug":"fd-sanat-okulu","term_group":0,"term_taxonomy_id":61,"taxonomy":"brand","description":"","parent":0,"count":173,"filter":"raw"}],"product_brand":[],"product_cat":[43,76],"product_tag":[],"class_list":{"0":"post-3007","1":"product","2":"type-product","3":"status-publish","4":"has-post-thumbnail","6":"brand-fd-sanat-okulu","7":"product_cat-water-color","8":"product_cat-naturmont-konulu","10":"first","11":"instock","12":"shipping-taxable","13":"purchasable","14":"product-type-simple"},"jetpack_sharing_enabled":true,"_links":{"self":[{"href":"https:\/\/fdartgallery.com\/index.php?rest_route=\/wp\/v2\/product\/3007","targetHints":{"allow":["GET"]}}],"collection":[{"href":"https:\/\/fdartgallery.com\/index.php?rest_route=\/wp\/v2\/product"}],"about":[{"href":"https:\/\/fdartgallery.com\/index.php?rest_route=\/wp\/v2\/types\/product"}],"replies":[{"embeddable":true,"href":"https:\/\/fdartgallery.com\/index.php?rest_route=%2Fwp%2Fv2%2Fcomments&post=3007"}],"version-history":[{"count":1,"href":"https:\/\/fdartgallery.com\/index.php?rest_route=\/wp\/v2\/product\/3007\/revisions"}],"predecessor-version":[{"id":3009,"href":"https:\/\/fdartgallery.com\/index.php?rest_route=\/wp\/v2\/product\/3007\/revisions\/3009"}],"wp:featuredmedia":[{"embeddable":true,"href":"https:\/\/fdartgallery.com\/index.php?rest_route=\/wp\/v2\/media\/3008"}],"wp:attachment":[{"href":"https:\/\/fdartgallery.com\/index.php?rest_route=%2Fwp%2Fv2%2Fmedia&parent=3007"}],"wp:term":[{"taxonomy":"brand","embeddable":true,"href":"https:\/\/fdartgallery.com\/index.php?rest_route=%2Fwp%2Fv2%2Fetheme_brands&post=3007"},{"taxonomy":"product_brand","embeddable":true,"href":"https:\/\/fdartgallery.com\/index.php?rest_route=%2Fwp%2Fv2%2Fproduct_brand&post=3007"},{"taxonomy":"product_cat","embeddable":true,"href":"https:\/\/fdartgallery.com\/index.php?rest_route=%2Fwp%2Fv2%2Fproduct_cat&post=3007"},{"taxonomy":"product_tag","embeddable":true,"href":"https:\/\/fdartgallery.com\/index.php?rest_route=%2Fwp%2Fv2%2Fproduct_tag&post=3007"}],"curies":[{"name":"wp","href":"https:\/\/api.w.org\/{rel}","templated":true}]}}