{"id":3010,"date":"2026-03-09T10:24:48","date_gmt":"2026-03-09T10:24:48","guid":{"rendered":"https:\/\/fdartgallery.com\/?post_type=product&#038;p=3010"},"modified":"2026-03-11T21:03:43","modified_gmt":"2026-03-11T21:03:43","slug":"dogal-kokler","status":"publish","type":"product","link":"https:\/\/fdartgallery.com\/?product=dogal-kokler","title":{"rendered":"&#8216;Do\u011fal k\u00f6kler&#8217;"},"content":{"rendered":"<p>Derin mor tonlar\u0131 ve canl\u0131 ye\u015fil yapraklar\u0131yla bu pancar \u00e7al\u0131\u015fmas\u0131, topra\u011f\u0131n sundu\u011fu do\u011fal esteti\u011fi yans\u0131t\u0131yor. Sulu boyan\u0131n s\u0131\u00e7ratma tekni\u011fiyle desteklenen dokusu, esere organik ve ham bir his kat\u0131yor. Modern mutfaklar i\u00e7in karakter sahibi bir sanat eseri se\u00e7ene\u011fidir.<br \/>\n\u200bKullan\u0131m Alanlar\u0131:<br \/>\n\u200bGastronomi K\u00f6\u015feleri: Mutfaklarda veya kiler giri\u015flerinde &#8220;tarladan sofraya&#8221; konseptini destekler.<br \/>\n\u200bRustik Mekanlar: Ah\u015fap ve do\u011fal ta\u015f a\u011f\u0131rl\u0131kl\u0131 dekorasyonlarda renkli ve canl\u0131 bir kontrast olu\u015fturur.<\/p>\n","protected":false},"excerpt":{"rendered":"<p>&#8230;<\/p>\n","protected":false},"featured_media":3011,"comment_status":"open","ping_status":"closed","template":"","meta":[],"etheme_brands":[{"term_id":61,"name":"Fd Sanat Okulu","slug":"fd-sanat-okulu","term_group":0,"term_taxonomy_id":61,"taxonomy":"brand","description":"","parent":0,"count":173,"filter":"raw"}],"product_brand":[],"product_cat":[43,76],"product_tag":[],"class_list":{"0":"post-3010","1":"product","2":"type-product","3":"status-publish","4":"has-post-thumbnail","6":"brand-fd-sanat-okulu","7":"product_cat-water-color","8":"product_cat-naturmont-konulu","10":"first","11":"instock","12":"shipping-taxable","13":"purchasable","14":"product-type-simple"},"jetpack_sharing_enabled":true,"_links":{"self":[{"href":"https:\/\/fdartgallery.com\/index.php?rest_route=\/wp\/v2\/product\/3010","targetHints":{"allow":["GET"]}}],"collection":[{"href":"https:\/\/fdartgallery.com\/index.php?rest_route=\/wp\/v2\/product"}],"about":[{"href":"https:\/\/fdartgallery.com\/index.php?rest_route=\/wp\/v2\/types\/product"}],"replies":[{"embeddable":true,"href":"https:\/\/fdartgallery.com\/index.php?rest_route=%2Fwp%2Fv2%2Fcomments&post=3010"}],"version-history":[{"count":1,"href":"https:\/\/fdartgallery.com\/index.php?rest_route=\/wp\/v2\/product\/3010\/revisions"}],"predecessor-version":[{"id":3012,"href":"https:\/\/fdartgallery.com\/index.php?rest_route=\/wp\/v2\/product\/3010\/revisions\/3012"}],"wp:featuredmedia":[{"embeddable":true,"href":"https:\/\/fdartgallery.com\/index.php?rest_route=\/wp\/v2\/media\/3011"}],"wp:attachment":[{"href":"https:\/\/fdartgallery.com\/index.php?rest_route=%2Fwp%2Fv2%2Fmedia&parent=3010"}],"wp:term":[{"taxonomy":"brand","embeddable":true,"href":"https:\/\/fdartgallery.com\/index.php?rest_route=%2Fwp%2Fv2%2Fetheme_brands&post=3010"},{"taxonomy":"product_brand","embeddable":true,"href":"https:\/\/fdartgallery.com\/index.php?rest_route=%2Fwp%2Fv2%2Fproduct_brand&post=3010"},{"taxonomy":"product_cat","embeddable":true,"href":"https:\/\/fdartgallery.com\/index.php?rest_route=%2Fwp%2Fv2%2Fproduct_cat&post=3010"},{"taxonomy":"product_tag","embeddable":true,"href":"https:\/\/fdartgallery.com\/index.php?rest_route=%2Fwp%2Fv2%2Fproduct_tag&post=3010"}],"curies":[{"name":"wp","href":"https:\/\/api.w.org\/{rel}","templated":true}]}}