{"id":3013,"date":"2026-03-09T10:27:21","date_gmt":"2026-03-09T10:27:21","guid":{"rendered":"https:\/\/fdartgallery.com\/?post_type=product&#038;p=3013"},"modified":"2026-03-09T10:27:21","modified_gmt":"2026-03-09T10:27:21","slug":"bahar","status":"publish","type":"product","link":"https:\/\/fdartgallery.com\/?product=bahar","title":{"rendered":"&#8216;Bahar&#8217;"},"content":{"rendered":"<p>K\u0131rm\u0131z\u0131 ve pembe lalelerin narin duru\u015funu sulu boyan\u0131n yumu\u015fakl\u0131\u011f\u0131yla birle\u015ftiren bir \u00e7al\u0131\u015fma. Ye\u015fil yapraklar\u0131n aras\u0131ndan y\u00fckselen \u00e7i\u00e7ekler, bahar\u0131n taze ve romantik ruhunu mekana ta\u015f\u0131yor.<br \/>\n\u200bKullan\u0131m Alanlar\u0131:<br \/>\n\u200bYatak Odas\u0131: Dinlendirici ve romantik atmosferi destekleyen zarif bir par\u00e7ad\u0131r.<br \/>\n\u200bSalon ve Oturma Odas\u0131: Bahar enerjisini her mevsim duvar\u0131n\u0131zda hissetmenizi sa\u011flar.<\/p>\n","protected":false},"excerpt":{"rendered":"<p>&#8230;<\/p>\n","protected":false},"featured_media":3014,"comment_status":"open","ping_status":"closed","template":"","meta":[],"etheme_brands":[{"term_id":61,"name":"Fd Sanat Okulu","slug":"fd-sanat-okulu","term_group":0,"term_taxonomy_id":61,"taxonomy":"brand","description":"","parent":0,"count":173,"filter":"raw"}],"product_brand":[],"product_cat":[43,73],"product_tag":[],"class_list":{"0":"post-3013","1":"product","2":"type-product","3":"status-publish","4":"has-post-thumbnail","6":"brand-fd-sanat-okulu","7":"product_cat-water-color","8":"product_cat-vazoda-cicekler-konulu","10":"first","11":"instock","12":"shipping-taxable","13":"purchasable","14":"product-type-simple"},"jetpack_sharing_enabled":true,"_links":{"self":[{"href":"https:\/\/fdartgallery.com\/index.php?rest_route=\/wp\/v2\/product\/3013","targetHints":{"allow":["GET"]}}],"collection":[{"href":"https:\/\/fdartgallery.com\/index.php?rest_route=\/wp\/v2\/product"}],"about":[{"href":"https:\/\/fdartgallery.com\/index.php?rest_route=\/wp\/v2\/types\/product"}],"replies":[{"embeddable":true,"href":"https:\/\/fdartgallery.com\/index.php?rest_route=%2Fwp%2Fv2%2Fcomments&post=3013"}],"version-history":[{"count":1,"href":"https:\/\/fdartgallery.com\/index.php?rest_route=\/wp\/v2\/product\/3013\/revisions"}],"predecessor-version":[{"id":3015,"href":"https:\/\/fdartgallery.com\/index.php?rest_route=\/wp\/v2\/product\/3013\/revisions\/3015"}],"wp:featuredmedia":[{"embeddable":true,"href":"https:\/\/fdartgallery.com\/index.php?rest_route=\/wp\/v2\/media\/3014"}],"wp:attachment":[{"href":"https:\/\/fdartgallery.com\/index.php?rest_route=%2Fwp%2Fv2%2Fmedia&parent=3013"}],"wp:term":[{"taxonomy":"brand","embeddable":true,"href":"https:\/\/fdartgallery.com\/index.php?rest_route=%2Fwp%2Fv2%2Fetheme_brands&post=3013"},{"taxonomy":"product_brand","embeddable":true,"href":"https:\/\/fdartgallery.com\/index.php?rest_route=%2Fwp%2Fv2%2Fproduct_brand&post=3013"},{"taxonomy":"product_cat","embeddable":true,"href":"https:\/\/fdartgallery.com\/index.php?rest_route=%2Fwp%2Fv2%2Fproduct_cat&post=3013"},{"taxonomy":"product_tag","embeddable":true,"href":"https:\/\/fdartgallery.com\/index.php?rest_route=%2Fwp%2Fv2%2Fproduct_tag&post=3013"}],"curies":[{"name":"wp","href":"https:\/\/api.w.org\/{rel}","templated":true}]}}