{"id":3016,"date":"2026-03-09T10:29:42","date_gmt":"2026-03-09T10:29:42","guid":{"rendered":"https:\/\/fdartgallery.com\/?post_type=product&#038;p=3016"},"modified":"2026-03-09T13:23:57","modified_gmt":"2026-03-09T13:23:57","slug":"mavi-liman","status":"publish","type":"product","link":"https:\/\/fdartgallery.com\/?product=mavi-liman","title":{"rendered":"&#8216;Mavi Liman &#8216;"},"content":{"rendered":"<p>Pastel boyan\u0131n zengin dokusuyla haz\u0131rlanan bu eserde, mavi bir teknenin durgun sudaki yans\u0131mas\u0131 huzurlu bir atmosfer yarat\u0131yor. I\u015f\u0131k oyunlar\u0131 ve suyun \u00fczerindeki sakin titre\u015fimler, izleyiciyi k\u0131y\u0131 kasabalar\u0131n\u0131n dinginli\u011fine g\u00f6t\u00fcr\u00fcyor.<br \/>\n\u200bKullan\u0131m Alanlar\u0131:<br \/>\n\u200bYazl\u0131k ve Balkonlar: Deniz temas\u0131n\u0131 ve yaz huzurunu i\u00e7 mekanlara ta\u015f\u0131mak i\u00e7in idealdir.<br \/>\n\u200bSalonlar: Mekana derinlik ve sakinlik katan bir odak noktas\u0131 olarak kullan\u0131labilir.<\/p>\n","protected":false},"excerpt":{"rendered":"<p>&#8230;<\/p>\n","protected":false},"featured_media":3017,"comment_status":"open","ping_status":"closed","template":"","meta":[],"etheme_brands":[{"term_id":61,"name":"Fd Sanat Okulu","slug":"fd-sanat-okulu","term_group":0,"term_taxonomy_id":61,"taxonomy":"brand","description":"","parent":0,"count":173,"filter":"raw"}],"product_brand":[],"product_cat":[27,65],"product_tag":[],"class_list":{"0":"post-3016","1":"product","2":"type-product","3":"status-publish","4":"has-post-thumbnail","6":"brand-fd-sanat-okulu","7":"product_cat-pastel","8":"product_cat-peyzaj-pastel","10":"first","11":"instock","12":"shipping-taxable","13":"purchasable","14":"product-type-simple"},"jetpack_sharing_enabled":true,"_links":{"self":[{"href":"https:\/\/fdartgallery.com\/index.php?rest_route=\/wp\/v2\/product\/3016","targetHints":{"allow":["GET"]}}],"collection":[{"href":"https:\/\/fdartgallery.com\/index.php?rest_route=\/wp\/v2\/product"}],"about":[{"href":"https:\/\/fdartgallery.com\/index.php?rest_route=\/wp\/v2\/types\/product"}],"replies":[{"embeddable":true,"href":"https:\/\/fdartgallery.com\/index.php?rest_route=%2Fwp%2Fv2%2Fcomments&post=3016"}],"version-history":[{"count":1,"href":"https:\/\/fdartgallery.com\/index.php?rest_route=\/wp\/v2\/product\/3016\/revisions"}],"predecessor-version":[{"id":3018,"href":"https:\/\/fdartgallery.com\/index.php?rest_route=\/wp\/v2\/product\/3016\/revisions\/3018"}],"wp:featuredmedia":[{"embeddable":true,"href":"https:\/\/fdartgallery.com\/index.php?rest_route=\/wp\/v2\/media\/3017"}],"wp:attachment":[{"href":"https:\/\/fdartgallery.com\/index.php?rest_route=%2Fwp%2Fv2%2Fmedia&parent=3016"}],"wp:term":[{"taxonomy":"brand","embeddable":true,"href":"https:\/\/fdartgallery.com\/index.php?rest_route=%2Fwp%2Fv2%2Fetheme_brands&post=3016"},{"taxonomy":"product_brand","embeddable":true,"href":"https:\/\/fdartgallery.com\/index.php?rest_route=%2Fwp%2Fv2%2Fproduct_brand&post=3016"},{"taxonomy":"product_cat","embeddable":true,"href":"https:\/\/fdartgallery.com\/index.php?rest_route=%2Fwp%2Fv2%2Fproduct_cat&post=3016"},{"taxonomy":"product_tag","embeddable":true,"href":"https:\/\/fdartgallery.com\/index.php?rest_route=%2Fwp%2Fv2%2Fproduct_tag&post=3016"}],"curies":[{"name":"wp","href":"https:\/\/api.w.org\/{rel}","templated":true}]}}