{"id":3025,"date":"2026-03-09T10:37:52","date_gmt":"2026-03-09T10:37:52","guid":{"rendered":"https:\/\/fdartgallery.com\/?post_type=product&#038;p=3025"},"modified":"2026-03-09T10:37:52","modified_gmt":"2026-03-09T10:37:52","slug":"topragin-dokusu","status":"publish","type":"product","link":"https:\/\/fdartgallery.com\/?product=topragin-dokusu","title":{"rendered":"&#8216;Topra\u011f\u0131n Dokusu&#8217;"},"content":{"rendered":"<p>I\u015f\u0131k, g\u00f6lge ve doku \u00fczerine odaklanan bu kara kalem \u00e7al\u0131\u015fma, s\u0131radan bir objenin i\u00e7indeki esteti\u011fi ke\u015ffediyor. G\u00fc\u00e7l\u00fc taramalar\u0131yla ger\u00e7ek\u00e7i bir his sunuyor.<br \/>\n\u200bKullan\u0131m Alanlar\u0131: Sanat at\u00f6lyeleri veya modern mutfak raflar\u0131.<\/p>\n","protected":false},"excerpt":{"rendered":"<p>&#8230;<\/p>\n","protected":false},"featured_media":3026,"comment_status":"open","ping_status":"closed","template":"","meta":[],"etheme_brands":[],"product_brand":[],"product_cat":[40],"product_tag":[],"class_list":{"0":"post-3025","1":"product","2":"type-product","3":"status-publish","4":"has-post-thumbnail","6":"product_cat-sketching","8":"first","9":"instock","10":"shipping-taxable","11":"purchasable","12":"product-type-simple"},"jetpack_sharing_enabled":true,"_links":{"self":[{"href":"https:\/\/fdartgallery.com\/index.php?rest_route=\/wp\/v2\/product\/3025","targetHints":{"allow":["GET"]}}],"collection":[{"href":"https:\/\/fdartgallery.com\/index.php?rest_route=\/wp\/v2\/product"}],"about":[{"href":"https:\/\/fdartgallery.com\/index.php?rest_route=\/wp\/v2\/types\/product"}],"replies":[{"embeddable":true,"href":"https:\/\/fdartgallery.com\/index.php?rest_route=%2Fwp%2Fv2%2Fcomments&post=3025"}],"version-history":[{"count":1,"href":"https:\/\/fdartgallery.com\/index.php?rest_route=\/wp\/v2\/product\/3025\/revisions"}],"predecessor-version":[{"id":3027,"href":"https:\/\/fdartgallery.com\/index.php?rest_route=\/wp\/v2\/product\/3025\/revisions\/3027"}],"wp:featuredmedia":[{"embeddable":true,"href":"https:\/\/fdartgallery.com\/index.php?rest_route=\/wp\/v2\/media\/3026"}],"wp:attachment":[{"href":"https:\/\/fdartgallery.com\/index.php?rest_route=%2Fwp%2Fv2%2Fmedia&parent=3025"}],"wp:term":[{"taxonomy":"brand","embeddable":true,"href":"https:\/\/fdartgallery.com\/index.php?rest_route=%2Fwp%2Fv2%2Fetheme_brands&post=3025"},{"taxonomy":"product_brand","embeddable":true,"href":"https:\/\/fdartgallery.com\/index.php?rest_route=%2Fwp%2Fv2%2Fproduct_brand&post=3025"},{"taxonomy":"product_cat","embeddable":true,"href":"https:\/\/fdartgallery.com\/index.php?rest_route=%2Fwp%2Fv2%2Fproduct_cat&post=3025"},{"taxonomy":"product_tag","embeddable":true,"href":"https:\/\/fdartgallery.com\/index.php?rest_route=%2Fwp%2Fv2%2Fproduct_tag&post=3025"}],"curies":[{"name":"wp","href":"https:\/\/api.w.org\/{rel}","templated":true}]}}