{"id":3048,"date":"2026-03-09T10:56:24","date_gmt":"2026-03-09T10:56:24","guid":{"rendered":"https:\/\/fdartgallery.com\/?post_type=product&#038;p=3048"},"modified":"2026-03-09T10:56:24","modified_gmt":"2026-03-09T10:56:24","slug":"crystal-carafe","status":"publish","type":"product","link":"https:\/\/fdartgallery.com\/?product=crystal-carafe","title":{"rendered":"&#8216;Crystal carafe&#8217;"},"content":{"rendered":"<p>Cam\u0131n \u015feffaf dokusunu ve \u0131\u015f\u0131k k\u0131r\u0131lmalar\u0131n\u0131 ustal\u0131kla i\u015fleyen bu \u00e7al\u0131\u015fma, sadeli\u011fiyle sofistike bir duru\u015f sergiliyor.<br \/>\n\u200bKullan\u0131m Alanlar\u0131: Modern salonlar veya yemek odas\u0131 konsollar\u0131.<\/p>\n","protected":false},"excerpt":{"rendered":"<p>&#8230;<\/p>\n","protected":false},"featured_media":3049,"comment_status":"open","ping_status":"closed","template":"","meta":[],"etheme_brands":[{"term_id":61,"name":"Fd Sanat Okulu","slug":"fd-sanat-okulu","term_group":0,"term_taxonomy_id":61,"taxonomy":"brand","description":"","parent":0,"count":173,"filter":"raw"}],"product_brand":[],"product_cat":[40],"product_tag":[],"class_list":{"0":"post-3048","1":"product","2":"type-product","3":"status-publish","4":"has-post-thumbnail","6":"brand-fd-sanat-okulu","7":"product_cat-sketching","9":"first","10":"instock","11":"shipping-taxable","12":"purchasable","13":"product-type-simple"},"jetpack_sharing_enabled":true,"_links":{"self":[{"href":"https:\/\/fdartgallery.com\/index.php?rest_route=\/wp\/v2\/product\/3048","targetHints":{"allow":["GET"]}}],"collection":[{"href":"https:\/\/fdartgallery.com\/index.php?rest_route=\/wp\/v2\/product"}],"about":[{"href":"https:\/\/fdartgallery.com\/index.php?rest_route=\/wp\/v2\/types\/product"}],"replies":[{"embeddable":true,"href":"https:\/\/fdartgallery.com\/index.php?rest_route=%2Fwp%2Fv2%2Fcomments&post=3048"}],"version-history":[{"count":1,"href":"https:\/\/fdartgallery.com\/index.php?rest_route=\/wp\/v2\/product\/3048\/revisions"}],"predecessor-version":[{"id":3050,"href":"https:\/\/fdartgallery.com\/index.php?rest_route=\/wp\/v2\/product\/3048\/revisions\/3050"}],"wp:featuredmedia":[{"embeddable":true,"href":"https:\/\/fdartgallery.com\/index.php?rest_route=\/wp\/v2\/media\/3049"}],"wp:attachment":[{"href":"https:\/\/fdartgallery.com\/index.php?rest_route=%2Fwp%2Fv2%2Fmedia&parent=3048"}],"wp:term":[{"taxonomy":"brand","embeddable":true,"href":"https:\/\/fdartgallery.com\/index.php?rest_route=%2Fwp%2Fv2%2Fetheme_brands&post=3048"},{"taxonomy":"product_brand","embeddable":true,"href":"https:\/\/fdartgallery.com\/index.php?rest_route=%2Fwp%2Fv2%2Fproduct_brand&post=3048"},{"taxonomy":"product_cat","embeddable":true,"href":"https:\/\/fdartgallery.com\/index.php?rest_route=%2Fwp%2Fv2%2Fproduct_cat&post=3048"},{"taxonomy":"product_tag","embeddable":true,"href":"https:\/\/fdartgallery.com\/index.php?rest_route=%2Fwp%2Fv2%2Fproduct_tag&post=3048"}],"curies":[{"name":"wp","href":"https:\/\/api.w.org\/{rel}","templated":true}]}}