{"id":3054,"date":"2026-03-09T11:02:03","date_gmt":"2026-03-09T11:02:03","guid":{"rendered":"https:\/\/fdartgallery.com\/?post_type=product&#038;p=3054"},"modified":"2026-03-09T11:02:03","modified_gmt":"2026-03-09T11:02:03","slug":"isik-ve-form","status":"publish","type":"product","link":"https:\/\/fdartgallery.com\/?product=isik-ve-form","title":{"rendered":"&#8216;I\u015f\u0131k Ve Form&#8217;"},"content":{"rendered":"<p>Cam\u0131n yans\u0131mas\u0131 ile objelerin formunu merkeze alan bu karakalem nat\u00fcrmort, \u0131\u015f\u0131k-g\u00f6lge dengesiyle derinlikli bir g\u00f6rsellik sunuyor. Klasik desen tekniklerinin en sade ve net halini yans\u0131tan bir \u00e7al\u0131\u015fma.<br \/>\n\u200bKullan\u0131m Alanlar\u0131: Modern mutfaklarda, yemek masas\u0131 yak\u0131n\u0131ndaki duvarlarda veya \u00e7al\u0131\u015fma odalar\u0131nda sade bir detay olarak tercih edilebilir. Siyah metal \u00e7er\u00e7evelerle end\u00fcstriyel bir hava yakalar.<\/p>\n","protected":false},"excerpt":{"rendered":"<p>&#8230;<\/p>\n","protected":false},"featured_media":3055,"comment_status":"open","ping_status":"closed","template":"","meta":[],"etheme_brands":[{"term_id":61,"name":"Fd Sanat Okulu","slug":"fd-sanat-okulu","term_group":0,"term_taxonomy_id":61,"taxonomy":"brand","description":"","parent":0,"count":173,"filter":"raw"}],"product_brand":[],"product_cat":[40],"product_tag":[],"class_list":{"0":"post-3054","1":"product","2":"type-product","3":"status-publish","4":"has-post-thumbnail","6":"brand-fd-sanat-okulu","7":"product_cat-sketching","9":"first","10":"instock","11":"shipping-taxable","12":"purchasable","13":"product-type-simple"},"jetpack_sharing_enabled":true,"_links":{"self":[{"href":"https:\/\/fdartgallery.com\/index.php?rest_route=\/wp\/v2\/product\/3054","targetHints":{"allow":["GET"]}}],"collection":[{"href":"https:\/\/fdartgallery.com\/index.php?rest_route=\/wp\/v2\/product"}],"about":[{"href":"https:\/\/fdartgallery.com\/index.php?rest_route=\/wp\/v2\/types\/product"}],"replies":[{"embeddable":true,"href":"https:\/\/fdartgallery.com\/index.php?rest_route=%2Fwp%2Fv2%2Fcomments&post=3054"}],"version-history":[{"count":1,"href":"https:\/\/fdartgallery.com\/index.php?rest_route=\/wp\/v2\/product\/3054\/revisions"}],"predecessor-version":[{"id":3056,"href":"https:\/\/fdartgallery.com\/index.php?rest_route=\/wp\/v2\/product\/3054\/revisions\/3056"}],"wp:featuredmedia":[{"embeddable":true,"href":"https:\/\/fdartgallery.com\/index.php?rest_route=\/wp\/v2\/media\/3055"}],"wp:attachment":[{"href":"https:\/\/fdartgallery.com\/index.php?rest_route=%2Fwp%2Fv2%2Fmedia&parent=3054"}],"wp:term":[{"taxonomy":"brand","embeddable":true,"href":"https:\/\/fdartgallery.com\/index.php?rest_route=%2Fwp%2Fv2%2Fetheme_brands&post=3054"},{"taxonomy":"product_brand","embeddable":true,"href":"https:\/\/fdartgallery.com\/index.php?rest_route=%2Fwp%2Fv2%2Fproduct_brand&post=3054"},{"taxonomy":"product_cat","embeddable":true,"href":"https:\/\/fdartgallery.com\/index.php?rest_route=%2Fwp%2Fv2%2Fproduct_cat&post=3054"},{"taxonomy":"product_tag","embeddable":true,"href":"https:\/\/fdartgallery.com\/index.php?rest_route=%2Fwp%2Fv2%2Fproduct_tag&post=3054"}],"curies":[{"name":"wp","href":"https:\/\/api.w.org\/{rel}","templated":true}]}}