{"id":3057,"date":"2026-03-09T11:04:22","date_gmt":"2026-03-09T11:04:22","guid":{"rendered":"https:\/\/fdartgallery.com\/?post_type=product&#038;p=3057"},"modified":"2026-03-09T11:04:22","modified_gmt":"2026-03-09T11:04:22","slug":"composition","status":"publish","type":"product","link":"https:\/\/fdartgallery.com\/?product=composition","title":{"rendered":"&#8216;Composition&#8217;"},"content":{"rendered":"<p>\u00c7aydanl\u0131\u011f\u0131n \u00fczerindeki metalik parlamalar ve meyvelerin do\u011fal dokusu, titiz bir i\u015f\u00e7ilikle ka\u011f\u0131da d\u00f6k\u00fcld\u00fc. Karakalemin kontrast g\u00fcc\u00fcn\u00fc kullanarak nostaljik bir an\u0131 modern bir \u00e7izgide sunuyor.<br \/>\n\u200bKullan\u0131m Alanlar\u0131: Evin en sosyal alan\u0131 olan salonlarda veya bir vitrin\/b\u00fcfe \u00fczerinde konumland\u0131r\u0131lmaya \u00e7ok uygundur. Gri veya siyah paspartulu \u00e7er\u00e7evelerle eserin derinli\u011fi art\u0131r\u0131labilir.<\/p>\n","protected":false},"excerpt":{"rendered":"<p>&#8230;<\/p>\n","protected":false},"featured_media":3058,"comment_status":"open","ping_status":"closed","template":"","meta":[],"etheme_brands":[{"term_id":61,"name":"Fd Sanat Okulu","slug":"fd-sanat-okulu","term_group":0,"term_taxonomy_id":61,"taxonomy":"brand","description":"","parent":0,"count":173,"filter":"raw"}],"product_brand":[],"product_cat":[40],"product_tag":[],"class_list":{"0":"post-3057","1":"product","2":"type-product","3":"status-publish","4":"has-post-thumbnail","6":"brand-fd-sanat-okulu","7":"product_cat-sketching","9":"first","10":"instock","11":"shipping-taxable","12":"purchasable","13":"product-type-simple"},"jetpack_sharing_enabled":true,"_links":{"self":[{"href":"https:\/\/fdartgallery.com\/index.php?rest_route=\/wp\/v2\/product\/3057","targetHints":{"allow":["GET"]}}],"collection":[{"href":"https:\/\/fdartgallery.com\/index.php?rest_route=\/wp\/v2\/product"}],"about":[{"href":"https:\/\/fdartgallery.com\/index.php?rest_route=\/wp\/v2\/types\/product"}],"replies":[{"embeddable":true,"href":"https:\/\/fdartgallery.com\/index.php?rest_route=%2Fwp%2Fv2%2Fcomments&post=3057"}],"version-history":[{"count":1,"href":"https:\/\/fdartgallery.com\/index.php?rest_route=\/wp\/v2\/product\/3057\/revisions"}],"predecessor-version":[{"id":3059,"href":"https:\/\/fdartgallery.com\/index.php?rest_route=\/wp\/v2\/product\/3057\/revisions\/3059"}],"wp:featuredmedia":[{"embeddable":true,"href":"https:\/\/fdartgallery.com\/index.php?rest_route=\/wp\/v2\/media\/3058"}],"wp:attachment":[{"href":"https:\/\/fdartgallery.com\/index.php?rest_route=%2Fwp%2Fv2%2Fmedia&parent=3057"}],"wp:term":[{"taxonomy":"brand","embeddable":true,"href":"https:\/\/fdartgallery.com\/index.php?rest_route=%2Fwp%2Fv2%2Fetheme_brands&post=3057"},{"taxonomy":"product_brand","embeddable":true,"href":"https:\/\/fdartgallery.com\/index.php?rest_route=%2Fwp%2Fv2%2Fproduct_brand&post=3057"},{"taxonomy":"product_cat","embeddable":true,"href":"https:\/\/fdartgallery.com\/index.php?rest_route=%2Fwp%2Fv2%2Fproduct_cat&post=3057"},{"taxonomy":"product_tag","embeddable":true,"href":"https:\/\/fdartgallery.com\/index.php?rest_route=%2Fwp%2Fv2%2Fproduct_tag&post=3057"}],"curies":[{"name":"wp","href":"https:\/\/api.w.org\/{rel}","templated":true}]}}