{"id":3078,"date":"2026-03-09T11:20:47","date_gmt":"2026-03-09T11:20:47","guid":{"rendered":"https:\/\/fdartgallery.com\/?post_type=product&#038;p=3078"},"modified":"2026-03-09T11:20:47","modified_gmt":"2026-03-09T11:20:47","slug":"icimdeki-orman","status":"publish","type":"product","link":"https:\/\/fdartgallery.com\/?product=icimdeki-orman","title":{"rendered":"&#8216;\u0130\u00e7imdeki Orman&#8217;"},"content":{"rendered":"<p>Bir kad\u0131n sil\u00fceti i\u00e7erisine yerle\u015ftirilen gece orman\u0131 ve g\u00f6ky\u00fcz\u00fc temas\u0131, sanat\u0131n hayal g\u00fcc\u00fcyle birle\u015fti\u011fi bir nokta. Mor ve lacivert tonlar\u0131n hakim oldu\u011fu bu ill\u00fcstratif \u00e7al\u0131\u015fma, derin bir hikaye anlat\u0131yor.<br \/>\n\u200bKullan\u0131m Alanlar\u0131: Gen\u00e7 odalar\u0131, yarat\u0131c\u0131 st\u00fcdyolar veya ki\u015fisel alanlarda ilham verici bir par\u00e7a olarak kullan\u0131labilir.<\/p>\n","protected":false},"excerpt":{"rendered":"<p>&#8230;<\/p>\n","protected":false},"featured_media":3079,"comment_status":"open","ping_status":"closed","template":"","meta":[],"etheme_brands":[{"term_id":61,"name":"Fd Sanat Okulu","slug":"fd-sanat-okulu","term_group":0,"term_taxonomy_id":61,"taxonomy":"brand","description":"","parent":0,"count":173,"filter":"raw"}],"product_brand":[],"product_cat":[43,77],"product_tag":[],"class_list":{"0":"post-3078","1":"product","2":"type-product","3":"status-publish","4":"has-post-thumbnail","6":"brand-fd-sanat-okulu","7":"product_cat-water-color","8":"product_cat-figuratif-konulu","10":"first","11":"instock","12":"shipping-taxable","13":"purchasable","14":"product-type-simple"},"jetpack_sharing_enabled":true,"_links":{"self":[{"href":"https:\/\/fdartgallery.com\/index.php?rest_route=\/wp\/v2\/product\/3078","targetHints":{"allow":["GET"]}}],"collection":[{"href":"https:\/\/fdartgallery.com\/index.php?rest_route=\/wp\/v2\/product"}],"about":[{"href":"https:\/\/fdartgallery.com\/index.php?rest_route=\/wp\/v2\/types\/product"}],"replies":[{"embeddable":true,"href":"https:\/\/fdartgallery.com\/index.php?rest_route=%2Fwp%2Fv2%2Fcomments&post=3078"}],"version-history":[{"count":1,"href":"https:\/\/fdartgallery.com\/index.php?rest_route=\/wp\/v2\/product\/3078\/revisions"}],"predecessor-version":[{"id":3080,"href":"https:\/\/fdartgallery.com\/index.php?rest_route=\/wp\/v2\/product\/3078\/revisions\/3080"}],"wp:featuredmedia":[{"embeddable":true,"href":"https:\/\/fdartgallery.com\/index.php?rest_route=\/wp\/v2\/media\/3079"}],"wp:attachment":[{"href":"https:\/\/fdartgallery.com\/index.php?rest_route=%2Fwp%2Fv2%2Fmedia&parent=3078"}],"wp:term":[{"taxonomy":"brand","embeddable":true,"href":"https:\/\/fdartgallery.com\/index.php?rest_route=%2Fwp%2Fv2%2Fetheme_brands&post=3078"},{"taxonomy":"product_brand","embeddable":true,"href":"https:\/\/fdartgallery.com\/index.php?rest_route=%2Fwp%2Fv2%2Fproduct_brand&post=3078"},{"taxonomy":"product_cat","embeddable":true,"href":"https:\/\/fdartgallery.com\/index.php?rest_route=%2Fwp%2Fv2%2Fproduct_cat&post=3078"},{"taxonomy":"product_tag","embeddable":true,"href":"https:\/\/fdartgallery.com\/index.php?rest_route=%2Fwp%2Fv2%2Fproduct_tag&post=3078"}],"curies":[{"name":"wp","href":"https:\/\/api.w.org\/{rel}","templated":true}]}}